{"id":82014,"date":"2022-06-09T17:52:51","date_gmt":"2022-06-09T22:52:51","guid":{"rendered":"https:\/\/defabrica.com.mx\/defabrica\/?post_type=product&#038;p=82014"},"modified":"2022-12-11T12:29:09","modified_gmt":"2022-12-11T18:29:09","slug":"linsay-10-1-tableta-32gb-con-teclado","status":"publish","type":"product","link":"https:\/\/defabrica.com.mx\/defabrica\/producto\/linsay-10-1-tableta-32gb-con-teclado\/","title":{"rendered":"LINSAY &#8211; 10.1&#8243; &#8211; Tableta &#8211; 32GB &#8211; Con teclado"},"content":{"rendered":"<div class=\"embedded-component-container lv product-description\">\n<div>\n<div id=\"shop-product-description-59063617\" class=\"_none\" data-version=\"1.3.44\">\n<div class=\"shop-product-description\">\n<section class=\"align-heading-left\" data-reactroot=\"\">\n<div class=\"long-description-container body-copy \">\n<div class=\"html-fragment\">Trabaje y transmita contenido sin problemas con esta tableta LINSAY de 10,1 pulgadas.\u00a0La pantalla t\u00e1ctil WXGA ofrece im\u00e1genes y capacidad de respuesta asombrosas, mientras que el procesador de cuatro n\u00facleos Cortex y 2 GB de RAM ayudan a cargar aplicaciones r\u00e1pidamente.\u00a0Esta tableta LINSAY tiene una bater\u00eda recargable de 5000 mAh para hasta 5 horas de uso, y la funda de teclado de cuero negro incluida protege su dispositivo y brinda una experiencia de escritura c\u00f3moda.<\/div>\n<\/div>\n<\/section>\n<\/div>\n<\/div>\n<\/div>\n<\/div>\n<div class=\"embedded-component-container lv product-features\">\n<h3><\/h3>\n<h3 class=\"heading-5 v-fw-regular feature-heading\"><strong>Caracter\u00edsticas<\/strong><\/h3>\n<ul>\n<li><strong>Funda de cuero para teclado<\/strong><br \/>\nOfrece una experiencia de escritura mejorada.<\/li>\n<li><strong>sistema operativo android 11<\/strong><br \/>\nEnv\u00ede correos electr\u00f3nicos, navegue por la web y comun\u00edquese con sus amigos y familiares sin importar d\u00f3nde se encuentre, directamente desde su tableta.<\/li>\n<li><strong>Pantalla de 10,1&#8243; con resoluci\u00f3n de 1280 x 800<\/strong><br \/>\nAlta resoluci\u00f3n para ver pel\u00edculas, navegar por la web, leer libros y m\u00e1s.<\/li>\n<li><strong>Almacenamiento interno de 32 GB m\u00e1s ranura microSD<\/strong><br \/>\nAlmacene su software, aplicaciones, m\u00fasica, pel\u00edculas, fotos y m\u00e1s. Ampl\u00ede el almacenamiento con una tarjeta microSD (se vende por separado).<\/li>\n<li><strong>Procesador de cuatro n\u00facleos<\/strong><br \/>\nLa combinaci\u00f3n correcta de rendimiento r\u00e1pido y eficiencia energ\u00e9tica. Permite realizar m\u00faltiples tareas r\u00e1pidamente, ofrece una respuesta fluida y libera gr\u00e1ficos sorprendentes.<\/li>\n<li><strong>C\u00e1maras delantera y trasera para fotos y chat cara a cara<\/strong><br \/>\nCapture y comparta todos los mejores momentos de la vida.<\/li>\n<\/ul>\n<\/div>\n","protected":false},"excerpt":{"rendered":"<p>Trabaje y transmita contenido sin problemas con esta tableta LINSAY de 10,1 pulgadas.\u00a0La pantalla t\u00e1ctil WXGA ofrece im\u00e1genes y capacidad de respuesta asombrosas, mientras que el procesador de cuatro n\u00facleos<\/p>\n","protected":false},"featured_media":82016,"comment_status":"open","ping_status":"closed","template":"","meta":{"_acf_changed":false,"_joinchat":[]},"product_brand":[],"product_cat":[408,409,258,410],"product_tag":[],"class_list":{"0":"post-82014","1":"product","2":"type-product","3":"status-publish","4":"has-post-thumbnail","6":"product_cat-celulares-y-tablets","7":"product_cat-tablets-y-ipad","8":"product_cat-microsoft-surface","9":"product_cat-todas-las-tablets","11":"first","12":"instock","13":"sale","14":"shipping-taxable","15":"purchasable","16":"product-type-simple"},"acf":[],"_links":{"self":[{"href":"https:\/\/defabrica.com.mx\/defabrica\/wp-json\/wp\/v2\/product\/82014","targetHints":{"allow":["GET"]}}],"collection":[{"href":"https:\/\/defabrica.com.mx\/defabrica\/wp-json\/wp\/v2\/product"}],"about":[{"href":"https:\/\/defabrica.com.mx\/defabrica\/wp-json\/wp\/v2\/types\/product"}],"replies":[{"embeddable":true,"href":"https:\/\/defabrica.com.mx\/defabrica\/wp-json\/wp\/v2\/comments?post=82014"}],"wp:featuredmedia":[{"embeddable":true,"href":"https:\/\/defabrica.com.mx\/defabrica\/wp-json\/wp\/v2\/media\/82016"}],"wp:attachment":[{"href":"https:\/\/defabrica.com.mx\/defabrica\/wp-json\/wp\/v2\/media?parent=82014"}],"wp:term":[{"taxonomy":"product_brand","embeddable":true,"href":"https:\/\/defabrica.com.mx\/defabrica\/wp-json\/wp\/v2\/product_brand?post=82014"},{"taxonomy":"product_cat","embeddable":true,"href":"https:\/\/defabrica.com.mx\/defabrica\/wp-json\/wp\/v2\/product_cat?post=82014"},{"taxonomy":"product_tag","embeddable":true,"href":"https:\/\/defabrica.com.mx\/defabrica\/wp-json\/wp\/v2\/product_tag?post=82014"}],"curies":[{"name":"wp","href":"https:\/\/api.w.org\/{rel}","templated":true}]}}