{"id":82008,"date":"2022-06-09T17:47:47","date_gmt":"2022-06-09T22:47:47","guid":{"rendered":"https:\/\/defabrica.com.mx\/defabrica\/?post_type=product&#038;p=82008"},"modified":"2022-12-11T12:28:53","modified_gmt":"2022-12-11T18:28:53","slug":"linsay-10-1-tableta-32gb","status":"publish","type":"product","link":"https:\/\/defabrica.com.mx\/defabrica\/producto\/linsay-10-1-tableta-32gb\/","title":{"rendered":"LINSAY &#8211; 10.1&#8243; &#8211; Tableta &#8211; 32GB"},"content":{"rendered":"<div class=\"embedded-component-container lv product-description\">\n<div>\n<div id=\"shop-product-description-39825941\" class=\"_none\" data-version=\"1.3.44\">\n<div class=\"shop-product-description\">\n<section class=\"align-heading-left\" data-reactroot=\"\">\n<div class=\"long-description-container body-copy \">\n<div class=\"html-fragment\">Potencia tu creatividad con esta tableta LINSAY.\u00a0Un procesador de cuatro n\u00facleos Cortex A53 y 2 GB de RAM le permiten hojear m\u00faltiples aplicaciones sin problemas, mientras que la pantalla t\u00e1ctil de 10.1 pulgadas ofrece im\u00e1genes brillantes y detalladas incluso en entornos brillantes.\u00a0Esta tableta LINSAY tiene 32 GB de almacenamiento interno para almacenar archivos y aplicaciones de gran tama\u00f1o, y el sistema operativo Android 11 permite un funcionamiento intuitivo.<\/div>\n<\/div>\n<\/section>\n<\/div>\n<\/div>\n<\/div>\n<\/div>\n<div class=\"embedded-component-container lv product-features\">\n<h3><\/h3>\n<h3 class=\"heading-5 v-fw-regular feature-heading\"><strong>Caracter\u00edsticas<\/strong><\/h3>\n<ul>\n<li><strong>sistema operativo android 11<\/strong><br \/>\nEnv\u00ede correos electr\u00f3nicos, navegue por la web y comun\u00edquese con sus amigos y familiares sin importar d\u00f3nde se encuentre, directamente desde su tableta.<\/li>\n<li><strong>Pantalla de 10,1&#8243; con resoluci\u00f3n de 1280 x 800<\/strong><br \/>\nAlta resoluci\u00f3n para ver pel\u00edculas, navegar por la web, leer libros y m\u00e1s.<\/li>\n<li><strong>Almacenamiento interno de 32 GB m\u00e1s ranura microSD<\/strong><br \/>\nAlmacene su software, aplicaciones, m\u00fasica, pel\u00edculas, fotos y m\u00e1s. Ampl\u00ede el almacenamiento con una tarjeta microSD (se vende por separado).<\/li>\n<li><strong>Procesador de cuatro n\u00facleos<\/strong><br \/>\nLa combinaci\u00f3n correcta de rendimiento r\u00e1pido y eficiencia energ\u00e9tica. Permite realizar m\u00faltiples tareas r\u00e1pidamente, ofrece una respuesta fluida y libera gr\u00e1ficos sorprendentes.<\/li>\n<li><strong>C\u00e1maras delantera y trasera para fotos y chat cara a cara<\/strong><br \/>\nCapture y comparta todos los mejores momentos de la vida.<\/li>\n<\/ul>\n<\/div>\n","protected":false},"excerpt":{"rendered":"<p>Potencia tu creatividad con esta tableta LINSAY.\u00a0Un procesador de cuatro n\u00facleos Cortex A53 y 2 GB de RAM le permiten hojear m\u00faltiples aplicaciones sin problemas, mientras que la pantalla t\u00e1ctil<\/p>\n","protected":false},"featured_media":82011,"comment_status":"open","ping_status":"closed","template":"","meta":{"_acf_changed":false,"_joinchat":[]},"product_brand":[],"product_cat":[408,409,258,410],"product_tag":[],"class_list":{"0":"post-82008","1":"product","2":"type-product","3":"status-publish","4":"has-post-thumbnail","6":"product_cat-celulares-y-tablets","7":"product_cat-tablets-y-ipad","8":"product_cat-microsoft-surface","9":"product_cat-todas-las-tablets","11":"first","12":"instock","13":"sale","14":"shipping-taxable","15":"purchasable","16":"product-type-simple"},"acf":[],"_links":{"self":[{"href":"https:\/\/defabrica.com.mx\/defabrica\/wp-json\/wp\/v2\/product\/82008","targetHints":{"allow":["GET"]}}],"collection":[{"href":"https:\/\/defabrica.com.mx\/defabrica\/wp-json\/wp\/v2\/product"}],"about":[{"href":"https:\/\/defabrica.com.mx\/defabrica\/wp-json\/wp\/v2\/types\/product"}],"replies":[{"embeddable":true,"href":"https:\/\/defabrica.com.mx\/defabrica\/wp-json\/wp\/v2\/comments?post=82008"}],"wp:featuredmedia":[{"embeddable":true,"href":"https:\/\/defabrica.com.mx\/defabrica\/wp-json\/wp\/v2\/media\/82011"}],"wp:attachment":[{"href":"https:\/\/defabrica.com.mx\/defabrica\/wp-json\/wp\/v2\/media?parent=82008"}],"wp:term":[{"taxonomy":"product_brand","embeddable":true,"href":"https:\/\/defabrica.com.mx\/defabrica\/wp-json\/wp\/v2\/product_brand?post=82008"},{"taxonomy":"product_cat","embeddable":true,"href":"https:\/\/defabrica.com.mx\/defabrica\/wp-json\/wp\/v2\/product_cat?post=82008"},{"taxonomy":"product_tag","embeddable":true,"href":"https:\/\/defabrica.com.mx\/defabrica\/wp-json\/wp\/v2\/product_tag?post=82008"}],"curies":[{"name":"wp","href":"https:\/\/api.w.org\/{rel}","templated":true}]}}