{"id":81998,"date":"2022-06-09T17:36:11","date_gmt":"2022-06-09T22:36:11","guid":{"rendered":"https:\/\/defabrica.com.mx\/defabrica\/?post_type=product&#038;p=81998"},"modified":"2022-12-11T12:28:22","modified_gmt":"2022-12-11T18:28:22","slug":"linsay-paquete-de-tableta-de-101-estuche-de-cuero-teclado-lapiz-optico-y-soporte-para-tableta-32-gb-dorado","status":"publish","type":"product","link":"https:\/\/defabrica.com.mx\/defabrica\/producto\/linsay-paquete-de-tableta-de-101-estuche-de-cuero-teclado-lapiz-optico-y-soporte-para-tableta-32-gb-dorado\/","title":{"rendered":"LINSAY &#8211; Paquete de tableta de 10,1&#8243;, estuche de cuero, teclado, l\u00e1piz \u00f3ptico y soporte para tableta &#8211; 32 GB &#8211; Dorado"},"content":{"rendered":"<p>Mant\u00e9ngase conectado con el paquete de tableta capacitiva LINSAY Quad Core de 10 pulgadas f\u00e1cil de usar con Google Android 10. Esta tableta de alta tecnolog\u00eda es una soluci\u00f3n de Internet m\u00f3vil flexible y potente.\u00a0Realice m\u00faltiples tareas con la pantalla t\u00e1ctil IPS capacitiva de 1280&#215;800 de 10,1 pulgadas y el sistema operativo Android 10 junto con la memoria interna de 32 GB, y personalice su pantalla de inicio con sus juegos favoritos, herramientas de redes sociales, aplicaciones de productividad y m\u00e1s.\u00a0Descubrir\u00e1 que el paquete de tabletas de 10 pulgadas Google Android OS 10 hace que mantenerse conectado sea muy f\u00e1cil.\u00a0Env\u00ede correos electr\u00f3nicos, navegue por la web y comun\u00edquese con amigos y familiares sin importar d\u00f3nde se encuentre, directamente desde su dispositivo port\u00e1til.\u00a0Capture y comparta todos los mejores momentos de la vida con la c\u00e1mara delantera y trasera integrada de la tableta.\u00a0Escuche su m\u00fasica favorita o vea la televisi\u00f3n y las pel\u00edculas con un audio n\u00edtido a trav\u00e9s de los parlantes est\u00e9reo integrados.<\/p>\n<h3><\/h3>\n<h3 class=\"heading-5 v-fw-regular feature-heading\"><strong>Caracter\u00edsticas<\/strong><\/h3>\n<ul>\n<li><strong>Funda de cuero para teclado<\/strong><br \/>\nOfrece una experiencia de escritura mejorada.<\/li>\n<li><strong>sistema operativo android 10<\/strong><br \/>\nEnv\u00ede correos electr\u00f3nicos, navegue por la web y comun\u00edquese con sus amigos y familiares sin importar d\u00f3nde se encuentre, directamente desde su tableta.<\/li>\n<li><strong>Pantalla de 10,1&#8243; con resoluci\u00f3n de 1280 x 800<\/strong><br \/>\nAlta resoluci\u00f3n para ver pel\u00edculas, navegar por la web, leer libros y m\u00e1s.<\/li>\n<li><strong>Almacenamiento interno de 32 GB m\u00e1s ranura microSD<\/strong><br \/>\nAlmacene su software, aplicaciones, m\u00fasica, pel\u00edculas, fotos y m\u00e1s. Ampl\u00ede el almacenamiento con una tarjeta microSD (se vende por separado).<\/li>\n<li><strong>Procesador de cuatro n\u00facleos<\/strong><br \/>\nLa combinaci\u00f3n correcta de rendimiento r\u00e1pido y eficiencia energ\u00e9tica. Permite realizar m\u00faltiples tareas r\u00e1pidamente, ofrece una respuesta fluida y libera gr\u00e1ficos sorprendentes.<\/li>\n<li><strong>C\u00e1maras delantera y trasera para fotos y chat cara a cara<\/strong><br \/>\nCapture y comparta todos los mejores momentos de la vida.<\/li>\n<\/ul>\n","protected":false},"excerpt":{"rendered":"<p>Mant\u00e9ngase conectado con el paquete de tableta capacitiva LINSAY Quad Core de 10 pulgadas f\u00e1cil de usar con Google Android 10. Esta tableta de alta tecnolog\u00eda es una soluci\u00f3n de<\/p>\n","protected":false},"featured_media":82000,"comment_status":"open","ping_status":"closed","template":"","meta":{"_acf_changed":false,"_joinchat":[]},"product_brand":[],"product_cat":[408,409,258,410],"product_tag":[],"class_list":{"0":"post-81998","1":"product","2":"type-product","3":"status-publish","4":"has-post-thumbnail","6":"product_cat-celulares-y-tablets","7":"product_cat-tablets-y-ipad","8":"product_cat-microsoft-surface","9":"product_cat-todas-las-tablets","11":"first","12":"instock","13":"sale","14":"shipping-taxable","15":"purchasable","16":"product-type-simple"},"acf":[],"_links":{"self":[{"href":"https:\/\/defabrica.com.mx\/defabrica\/wp-json\/wp\/v2\/product\/81998","targetHints":{"allow":["GET"]}}],"collection":[{"href":"https:\/\/defabrica.com.mx\/defabrica\/wp-json\/wp\/v2\/product"}],"about":[{"href":"https:\/\/defabrica.com.mx\/defabrica\/wp-json\/wp\/v2\/types\/product"}],"replies":[{"embeddable":true,"href":"https:\/\/defabrica.com.mx\/defabrica\/wp-json\/wp\/v2\/comments?post=81998"}],"wp:featuredmedia":[{"embeddable":true,"href":"https:\/\/defabrica.com.mx\/defabrica\/wp-json\/wp\/v2\/media\/82000"}],"wp:attachment":[{"href":"https:\/\/defabrica.com.mx\/defabrica\/wp-json\/wp\/v2\/media?parent=81998"}],"wp:term":[{"taxonomy":"product_brand","embeddable":true,"href":"https:\/\/defabrica.com.mx\/defabrica\/wp-json\/wp\/v2\/product_brand?post=81998"},{"taxonomy":"product_cat","embeddable":true,"href":"https:\/\/defabrica.com.mx\/defabrica\/wp-json\/wp\/v2\/product_cat?post=81998"},{"taxonomy":"product_tag","embeddable":true,"href":"https:\/\/defabrica.com.mx\/defabrica\/wp-json\/wp\/v2\/product_tag?post=81998"}],"curies":[{"name":"wp","href":"https:\/\/api.w.org\/{rel}","templated":true}]}}