{"id":81848,"date":"2022-06-08T19:29:37","date_gmt":"2022-06-09T00:29:37","guid":{"rendered":"https:\/\/defabrica.com.mx\/defabrica\/?post_type=product&#038;p=81848"},"modified":"2023-01-15T13:45:00","modified_gmt":"2023-01-15T19:45:00","slug":"microsoft-surface-go-3-pantalla-tactil-de-105-memoria-de-8-gb-ssd-de-128-gb-platino","status":"publish","type":"product","link":"https:\/\/defabrica.com.mx\/defabrica\/producto\/microsoft-surface-go-3-pantalla-tactil-de-105-memoria-de-8-gb-ssd-de-128-gb-platino\/","title":{"rendered":"Microsoft &#8211; Surface Go 3 &#8211; Pantalla t\u00e1ctil de 10,5&#8243; &#8211; Memoria de 8 GB &#8211; SSD de 128 GB- Platino"},"content":{"rendered":"<div class=\"product-description\">La pantalla t\u00e1ctil 2 en 1 de Surface m\u00e1s port\u00e1til es perfecta para sus tareas diarias, deberes y juegos.\u00a0Dise\u00f1ado para iluminar lo mejor de Windows 11, Surface Go 3 est\u00e1 optimizado para l\u00e1piz digital y toque, con la opci\u00f3n de un procesador Intel Pentium o Intel Core i3 m\u00e1s r\u00e1pido, adem\u00e1s de bater\u00eda para todo el d\u00eda\u2079, versatilidad de tableta a computadora port\u00e1til y completo Seguridad de Microsoft.<\/div>\n<div class=\"product-description-banners-lv\">\n<div class=\"product-description-banner\" data-track=\"description-html-asset:Find the right Surface device for you.\">\n<h3><\/h3>\n<h3 class=\"heading-5 v-fw-regular feature-heading\"><strong>Caracter\u00edsticas<\/strong><\/h3>\n<div class=\"feature-body-container\">\n<div class=\"icons-container\">\n<div class=\"specificationIcons\">\n<ul>\n<li><strong>Windows 11 te acerca a lo que amas<\/strong><br \/>\nFamilia, amigos, pasiones, m\u00fasica, creaciones: Windows 11 es el \u00fanico lugar para todo. Con una nueva sensaci\u00f3n y herramientas que hacen que sea m\u00e1s f\u00e1cil ser eficiente, tiene lo que necesita para lo que viene.<\/li>\n<li><strong>Pantalla t\u00e1ctil de 10,5&#8243; con resoluci\u00f3n de 1920 x 1280<\/strong><br \/>\nLa pantalla t\u00e1ctil 2 en 1 de Surface m\u00e1s port\u00e1til es perfecta para sus tareas diarias, deberes y juegos. Dise\u00f1ado para iluminar lo mejor de Windows 11, Surface Go 3 est\u00e1 optimizado para l\u00e1piz digital y t\u00e1ctil.<\/li>\n<li><strong>Velocidad a trav\u00e9s de la tarea, navegaci\u00f3n y m\u00e1s<\/strong><br \/>\nDisfrute de su elecci\u00f3n de procesador Intel Pentium o Intel Core i3 m\u00e1s r\u00e1pido. Adem\u00e1s, con\u00e9ctese con Wi-Fi 6 m\u00e1s r\u00e1pido para un mejor rendimiento en la casa.<\/li>\n<li><strong>C\u00e1maras HD duales para fotos y chat cara a cara<\/strong><br \/>\nMant\u00e9ngase conectado con las c\u00e1maras HD de 1080p delanteras y traseras y los micr\u00f3fonos de estudio duales. Experimente Dolby Audio integrado, perfecto para clases en l\u00ednea, m\u00fasica, audiolibros y sus programas favoritos.<\/li>\n<li><strong>Dise\u00f1ado para todos, listo en cualquier lugar<\/strong><br \/>\nNavegue, trabaje, juegue, aprenda y juegue en cualquier lugar con un excelente valor 2 en 1 que puede reemplazar tanto su tableta como su computadora port\u00e1til.<\/li>\n<li><strong>Tablet para ir a cualquier parte con productividad de port\u00e1til<\/strong><br \/>\nSurface Go 3 es peque\u00f1o y f\u00e1cil de sostener para todos los miembros de la familia. \u00bfTiene una idea? Ajusta el soporte trasero integrado en el \u00e1ngulo perfecto para tomar notas, dibujar diagramas y dibujar con el L\u00e1piz para Surface. *<\/li>\n<li><strong>Duraci\u00f3n de la bater\u00eda durante todo el d\u00eda<\/strong><br \/>\nObt\u00e9n hasta 11 horas\u00b2 de energ\u00eda en movimiento, adem\u00e1s de carga r\u00e1pida para pasar de bajo a lleno cuando necesites enchufarlo.<\/li>\n<li><strong>Con\u00e9ctate de m\u00e1s formas sobre la marcha<\/strong><br \/>\nConecte los accesorios que usa hoy con el puerto USB-C incluido, el conector para auriculares, Bluetooth 5.0 y el lector de tarjetas MicroSDXC.<\/li>\n<li><strong>Defensa integrada contra virus y malware<\/strong><br \/>\nA nadie le gusta pensar en virus, malware o piratas inform\u00e1ticos. Afortunadamente, con la aplicaci\u00f3n de seguridad de Windows que lo abarca todo, casi nunca tendr\u00e1 que hacerlo.\u2077<\/li>\n<li><strong>M\u00e1s velocidad para las tareas diarias<\/strong><br \/>\nMant\u00e9ngase conectado con las personas que le importan y ejecute las aplicaciones en las que conf\u00eda, desde Microsoft Teams, Outlook y Word, hasta Minecraft y m\u00e1s*.<\/li>\n<li><strong>Tiempo de juego. Cualquier momento<\/strong><br \/>\nJuega los \u00faltimos juegos con gr\u00e1ficos que rivalizan con la realidad. Juega con jugadores en la consola. Juega con los perif\u00e9ricos que te encantan. Cuando se trata de jugar a tu manera, Windows 11 lo hace posible.<\/li>\n<li><strong>Descubre m\u00e1s formas de jugar con Xbox Game Pass<\/strong><br \/>\nJueguen juntos y descubran su pr\u00f3ximo favorito con amigos. Con Xbox Game Pass Ultimate, acceda a m\u00e1s de 100 juegos de alta calidad a trav\u00e9s de Xbox.com\/Play por un precio mensual bajo.* Con juegos agregados todo el tiempo, siempre hay algo nuevo para jugar.<\/li>\n<li><strong>Espera m\u00e1s de tu dispositivo<\/strong><br \/>\nSurface Go 3 se adapta a ti durante todo el d\u00eda con Windows 11: usa Surface Pen, toque e incluso solo tu voz.<\/li>\n<li><strong>Navegue m\u00e1s r\u00e1pido con gestos t\u00e1ctiles intuitivos<\/strong><br \/>\nLas interacciones mejoradas y los gestos con varios dedos con Windows 11 lo ayudan a navegar con mayor fluidez.<\/li>\n<li><strong>Todas las cosas que t\u00fa, siempre un golpe de distancia<\/strong><br \/>\nTus fotos favoritas. Las noticias del mundo. La lista de tareas de hoy y el clima de ma\u00f1ana. Los widgets con Windows 11 lo ayudan a encontrar contenido que le interesa.<\/li>\n<\/ul>\n<\/div>\n<\/div>\n<\/div>\n<\/div>\n<\/div>\n","protected":false},"excerpt":{"rendered":"<p>La pantalla t\u00e1ctil 2 en 1 de Surface m\u00e1s port\u00e1til es perfecta para sus tareas diarias, deberes y juegos.\u00a0Dise\u00f1ado para iluminar lo mejor de Windows 11, Surface Go 3 est\u00e1<\/p>\n","protected":false},"featured_media":81850,"comment_status":"open","ping_status":"closed","template":"","meta":{"_acf_changed":false,"_joinchat":[]},"product_brand":[],"product_cat":[408,409,258,410],"product_tag":[],"class_list":{"0":"post-81848","1":"product","2":"type-product","3":"status-publish","4":"has-post-thumbnail","6":"product_cat-celulares-y-tablets","7":"product_cat-tablets-y-ipad","8":"product_cat-microsoft-surface","9":"product_cat-todas-las-tablets","11":"first","12":"instock","13":"sale","14":"shipping-taxable","15":"purchasable","16":"product-type-simple"},"acf":[],"_links":{"self":[{"href":"https:\/\/defabrica.com.mx\/defabrica\/wp-json\/wp\/v2\/product\/81848","targetHints":{"allow":["GET"]}}],"collection":[{"href":"https:\/\/defabrica.com.mx\/defabrica\/wp-json\/wp\/v2\/product"}],"about":[{"href":"https:\/\/defabrica.com.mx\/defabrica\/wp-json\/wp\/v2\/types\/product"}],"replies":[{"embeddable":true,"href":"https:\/\/defabrica.com.mx\/defabrica\/wp-json\/wp\/v2\/comments?post=81848"}],"wp:featuredmedia":[{"embeddable":true,"href":"https:\/\/defabrica.com.mx\/defabrica\/wp-json\/wp\/v2\/media\/81850"}],"wp:attachment":[{"href":"https:\/\/defabrica.com.mx\/defabrica\/wp-json\/wp\/v2\/media?parent=81848"}],"wp:term":[{"taxonomy":"product_brand","embeddable":true,"href":"https:\/\/defabrica.com.mx\/defabrica\/wp-json\/wp\/v2\/product_brand?post=81848"},{"taxonomy":"product_cat","embeddable":true,"href":"https:\/\/defabrica.com.mx\/defabrica\/wp-json\/wp\/v2\/product_cat?post=81848"},{"taxonomy":"product_tag","embeddable":true,"href":"https:\/\/defabrica.com.mx\/defabrica\/wp-json\/wp\/v2\/product_tag?post=81848"}],"curies":[{"name":"wp","href":"https:\/\/api.w.org\/{rel}","templated":true}]}}