{"id":81822,"date":"2022-06-08T19:04:20","date_gmt":"2022-06-09T00:04:20","guid":{"rendered":"https:\/\/defabrica.com.mx\/defabrica\/?post_type=product&#038;p=81822"},"modified":"2023-01-15T13:43:21","modified_gmt":"2023-01-15T19:43:21","slug":"pebble-gear-tablet-para-ninos-de-7-de-disney-toy-story-amarillo","status":"publish","type":"product","link":"https:\/\/defabrica.com.mx\/defabrica\/producto\/pebble-gear-tablet-para-ninos-de-7-de-disney-toy-story-amarillo\/","title":{"rendered":"Pebble Gear &#8211; Tablet para ni\u00f1os de 7&#8243; de Disney Toy Story &#8211; Amarillo"},"content":{"rendered":"<div class=\"embedded-component-container lv product-description\">\n<div>\n<div id=\"shop-product-description-51387800\" class=\"_none\" data-version=\"1.3.44\">\n<div class=\"shop-product-description\">\n<section class=\"align-heading-left\" data-reactroot=\"\">\n<div class=\"long-description-container body-copy \">\n<div class=\"html-fragment\">\u00a1Re\u00fane a Woody, Buzz, Jesse y m\u00e1s con la tableta Disney Toy Story!\u00a0Hemos empacado su tableta para ni\u00f1os Pebble Gear Disney Toy Story de 7&#8243; con juegos educativos, aplicaciones y libros electr\u00f3nicos que han sido cuidadosamente seleccionados pensando en los ni\u00f1os. Las tabletas para ni\u00f1os de Disney son una excelente manera de combinar la educaci\u00f3n y la creaci\u00f3n de los personajes de Disney favoritos de sus hijos \u00a1Esta es una excelente opci\u00f3n para regalar!<\/div>\n<\/div>\n<\/section>\n<\/div>\n<\/div>\n<\/div>\n<\/div>\n<div class=\"embedded-component-container lv product-features\">\n<h3><\/h3>\n<h3 class=\"heading-5 v-fw-regular feature-heading\"><strong>Caracter\u00edsticas<\/strong><\/h3>\n<ul>\n<li><strong>Tableta de Disney<\/strong><br \/>\nLas tabletas Magical Disney son una tableta divertida y educativa que ofrece un portal digital seguro para que los ni\u00f1os jueguen con sus personajes favoritos de Disney.<\/li>\n<li><strong>Pantalla de visualizaci\u00f3n<\/strong><br \/>\nLa pantalla de 7 pulgadas permite im\u00e1genes fluidas, f\u00e1cil lectura de contenido y una excelente experiencia de usuario en general<\/li>\n<li><strong>Empacado con<\/strong><br \/>\nAcompa\u00f1ado por Disney Toy Story 7&#8243; Kids Tablet, estuche protector de Disney Toy Story, cable micro-USB, gu\u00eda del usuario<\/li>\n<li><strong>Dise\u00f1o antideslizante.<\/strong><br \/>\nCuenta con un dise\u00f1o antideslizante para un mejor agarre y mayor seguridad.<\/li>\n<li><strong>Control parental<\/strong><br \/>\nYa sea para filtrar el contenido, monitorearlo o hacer un control de uso. La funci\u00f3n de control parental le permite aplicar todo esto con facilidad.<\/li>\n<li><strong>12 meses de acceso GRATIS a Gamestore Junior<\/strong><br \/>\nCada tableta viene con 12 meses de acceso GRATUITO a Gamestore Junior, nuestra tienda de aplicaciones especialmente seleccionada con m\u00e1s de 500 juegos y m\u00e1s.<\/li>\n<li><strong>Propiedad con licencia<\/strong><br \/>\nTableta para ni\u00f1os, con licencia de Disney<\/li>\n<li><strong>Aspecto elegante<\/strong><br \/>\nColor amarillo para un gran look premium.<\/li>\n<\/ul>\n<\/div>\n","protected":false},"excerpt":{"rendered":"<p>\u00a1Re\u00fane a Woody, Buzz, Jesse y m\u00e1s con la tableta Disney Toy Story!\u00a0Hemos empacado su tableta para ni\u00f1os Pebble Gear Disney Toy Story de 7&#8243; con juegos educativos, aplicaciones y<\/p>\n","protected":false},"featured_media":81828,"comment_status":"open","ping_status":"closed","template":"","meta":{"_acf_changed":false,"_joinchat":[]},"product_brand":[],"product_cat":[408,409,260,410],"product_tag":[],"class_list":{"0":"post-81822","1":"product","2":"type-product","3":"status-publish","4":"has-post-thumbnail","6":"product_cat-celulares-y-tablets","7":"product_cat-tablets-y-ipad","8":"product_cat-tablets-para-ninos","9":"product_cat-todas-las-tablets","11":"first","12":"instock","13":"sale","14":"shipping-taxable","15":"purchasable","16":"product-type-simple"},"acf":[],"_links":{"self":[{"href":"https:\/\/defabrica.com.mx\/defabrica\/wp-json\/wp\/v2\/product\/81822","targetHints":{"allow":["GET"]}}],"collection":[{"href":"https:\/\/defabrica.com.mx\/defabrica\/wp-json\/wp\/v2\/product"}],"about":[{"href":"https:\/\/defabrica.com.mx\/defabrica\/wp-json\/wp\/v2\/types\/product"}],"replies":[{"embeddable":true,"href":"https:\/\/defabrica.com.mx\/defabrica\/wp-json\/wp\/v2\/comments?post=81822"}],"wp:featuredmedia":[{"embeddable":true,"href":"https:\/\/defabrica.com.mx\/defabrica\/wp-json\/wp\/v2\/media\/81828"}],"wp:attachment":[{"href":"https:\/\/defabrica.com.mx\/defabrica\/wp-json\/wp\/v2\/media?parent=81822"}],"wp:term":[{"taxonomy":"product_brand","embeddable":true,"href":"https:\/\/defabrica.com.mx\/defabrica\/wp-json\/wp\/v2\/product_brand?post=81822"},{"taxonomy":"product_cat","embeddable":true,"href":"https:\/\/defabrica.com.mx\/defabrica\/wp-json\/wp\/v2\/product_cat?post=81822"},{"taxonomy":"product_tag","embeddable":true,"href":"https:\/\/defabrica.com.mx\/defabrica\/wp-json\/wp\/v2\/product_tag?post=81822"}],"curies":[{"name":"wp","href":"https:\/\/api.w.org\/{rel}","templated":true}]}}