{"id":81810,"date":"2022-06-08T18:56:34","date_gmt":"2022-06-08T23:56:34","guid":{"rendered":"https:\/\/defabrica.com.mx\/defabrica\/?post_type=product&#038;p=81810"},"modified":"2023-01-15T13:37:25","modified_gmt":"2023-01-15T19:37:25","slug":"pebble-gear-tablet-para-ninos-de-7-disney-frozen-azul-claro","status":"publish","type":"product","link":"https:\/\/defabrica.com.mx\/defabrica\/producto\/pebble-gear-tablet-para-ninos-de-7-disney-frozen-azul-claro\/","title":{"rendered":"Pebble Gear &#8211; Tablet para ni\u00f1os de 7&#8243; Disney Frozen &#8211; Azul claro"},"content":{"rendered":"<div class=\"embedded-component-container lv product-description\">\n<div>\n<div id=\"shop-product-description-96283066\" class=\"_none\" data-version=\"1.3.44\">\n<div class=\"shop-product-description\">\n<section class=\"align-heading-left\" data-reactroot=\"\">\n<div class=\"long-description-container body-copy \">\n<div class=\"html-fragment\">\u00a1En sus marcas, listos, fuera!\u00a0\u00a1Juega y aprende con Elsa, Anna, Olaf y m\u00e1s de Disney Frozen con la genial tablet de Frozen!\u00a0Hemos empacado su tableta para ni\u00f1os Pebble Gear Disney Frozen de 7&#8243; con juegos educativos, aplicaciones y libros electr\u00f3nicos que han sido cuidadosamente seleccionados pensando en los ni\u00f1os. Las tabletas para ni\u00f1os de Disney son una excelente manera de fusionar la educaci\u00f3n y los personajes de Disney favoritos de una gran opci\u00f3n para regalar!<\/div>\n<\/div>\n<\/section>\n<\/div>\n<\/div>\n<\/div>\n<\/div>\n<div class=\"embedded-component-container lv product-features\">\n<h3><\/h3>\n<h3 class=\"heading-5 v-fw-regular feature-heading\"><strong>Caracter\u00edsticas<\/strong><\/h3>\n<ul>\n<li><strong>Tableta de Disney<\/strong><br \/>\nLas tabletas Magical Disney son una tableta divertida y educativa que ofrece un portal digital seguro para que los ni\u00f1os jueguen con sus personajes favoritos de Disney.<\/li>\n<li><strong>Pantalla de visualizaci\u00f3n<\/strong><br \/>\nLa pantalla de 7 pulgadas permite im\u00e1genes fluidas, f\u00e1cil lectura de contenido y una excelente experiencia de usuario en general<\/li>\n<li><strong>Empacado con<\/strong><br \/>\nAcompa\u00f1ado por Disney Frozen 7&#8243; Kids Tablet, estuche protector Disney Frozen, cable micro-USB, gu\u00eda del usuario<\/li>\n<li><strong>Dise\u00f1o antideslizante.<\/strong><br \/>\nCuenta con un dise\u00f1o antideslizante para un mejor agarre y mayor seguridad.<\/li>\n<li><strong>Control parental<\/strong><br \/>\nYa sea para filtrar el contenido, monitorearlo o hacer un control de uso. La funci\u00f3n de control parental le permite aplicar todo esto con facilidad.<\/li>\n<li><strong>12 meses de acceso GRATIS a Gamestore Junior<\/strong><br \/>\nCada tableta viene con 12 meses de acceso GRATUITO a Gamestore Junior, nuestra tienda de aplicaciones especialmente seleccionada con m\u00e1s de 500 juegos y m\u00e1s.<\/li>\n<li><strong>Propiedad con licencia<\/strong><br \/>\nTableta para ni\u00f1os, con licencia de Disney<\/li>\n<li><strong>Aspecto elegante<\/strong><br \/>\nColor azul claro para un gran look premium.<\/li>\n<\/ul>\n<\/div>\n","protected":false},"excerpt":{"rendered":"<p>\u00a1En sus marcas, listos, fuera!\u00a0\u00a1Juega y aprende con Elsa, Anna, Olaf y m\u00e1s de Disney Frozen con la genial tablet de Frozen!\u00a0Hemos empacado su tableta para ni\u00f1os Pebble Gear Disney<\/p>\n","protected":false},"featured_media":81812,"comment_status":"open","ping_status":"closed","template":"","meta":{"_acf_changed":false,"_joinchat":[]},"product_brand":[],"product_cat":[408,409,260,410],"product_tag":[],"class_list":{"0":"post-81810","1":"product","2":"type-product","3":"status-publish","4":"has-post-thumbnail","6":"product_cat-celulares-y-tablets","7":"product_cat-tablets-y-ipad","8":"product_cat-tablets-para-ninos","9":"product_cat-todas-las-tablets","11":"first","12":"instock","13":"sale","14":"shipping-taxable","15":"purchasable","16":"product-type-simple"},"acf":[],"_links":{"self":[{"href":"https:\/\/defabrica.com.mx\/defabrica\/wp-json\/wp\/v2\/product\/81810","targetHints":{"allow":["GET"]}}],"collection":[{"href":"https:\/\/defabrica.com.mx\/defabrica\/wp-json\/wp\/v2\/product"}],"about":[{"href":"https:\/\/defabrica.com.mx\/defabrica\/wp-json\/wp\/v2\/types\/product"}],"replies":[{"embeddable":true,"href":"https:\/\/defabrica.com.mx\/defabrica\/wp-json\/wp\/v2\/comments?post=81810"}],"wp:featuredmedia":[{"embeddable":true,"href":"https:\/\/defabrica.com.mx\/defabrica\/wp-json\/wp\/v2\/media\/81812"}],"wp:attachment":[{"href":"https:\/\/defabrica.com.mx\/defabrica\/wp-json\/wp\/v2\/media?parent=81810"}],"wp:term":[{"taxonomy":"product_brand","embeddable":true,"href":"https:\/\/defabrica.com.mx\/defabrica\/wp-json\/wp\/v2\/product_brand?post=81810"},{"taxonomy":"product_cat","embeddable":true,"href":"https:\/\/defabrica.com.mx\/defabrica\/wp-json\/wp\/v2\/product_cat?post=81810"},{"taxonomy":"product_tag","embeddable":true,"href":"https:\/\/defabrica.com.mx\/defabrica\/wp-json\/wp\/v2\/product_tag?post=81810"}],"curies":[{"name":"wp","href":"https:\/\/api.w.org\/{rel}","templated":true}]}}