{"id":81795,"date":"2022-06-08T18:48:17","date_gmt":"2022-06-08T23:48:17","guid":{"rendered":"https:\/\/defabrica.com.mx\/defabrica\/?post_type=product&#038;p=81795"},"modified":"2023-01-15T13:36:44","modified_gmt":"2023-01-15T19:36:44","slug":"samsung-galaxy-tab-a8-10-5-64gb-ultimo-modelo-wi-fi-gris","status":"publish","type":"product","link":"https:\/\/defabrica.com.mx\/defabrica\/producto\/samsung-galaxy-tab-a8-10-5-64gb-ultimo-modelo-wi-fi-gris\/","title":{"rendered":"Samsung &#8211; Galaxy Tab A8 10.5&#8243; 64GB (\u00daltimo Modelo) &#8211; Wi-Fi &#8211; Gris"},"content":{"rendered":"<div class=\"embedded-component-container lv product-description\">\n<div>\n<div id=\"shop-product-description-71919948\" class=\"_none\" data-version=\"1.3.44\">\n<div class=\"shop-product-description\">\n<section class=\"align-heading-left\" data-reactroot=\"\">\n<div class=\"long-description-container body-copy \">\n<div class=\"html-fragment\">Ll\u00e9vate a casa la Galaxy Tab A8, la tableta asombrosamente entretenida mejorada por la experiencia del ecosistema Galaxy.<\/div>\n<\/div>\n<\/section>\n<\/div>\n<\/div>\n<\/div>\n<\/div>\n<div class=\"embedded-component-container lv product-features\">\n<h3><\/h3>\n<h3 class=\"heading-5 v-fw-regular feature-heading\"><strong>Caracter\u00edsticas<\/strong><\/h3>\n<div class=\"feature-body-container\">\n<div class=\"features-list-container\">\n<div class=\"features-list all-features\">\n<div class=\"list-row\">\n<ul>\n<li><strong>Una pantalla que a todos les encantar\u00e1<\/strong><br \/>\nYa sea que su familia est\u00e9 transmitiendo o chateando por video con amigos, saque lo mejor de cada momento en una pantalla LCD de 10.5&#8243;.<\/li>\n<li><strong>Energ\u00eda y almacenamiento para todos<\/strong><br \/>\nObtenga la potencia, el almacenamiento y la velocidad que su familia necesita con un conjunto de chips actualizado y mucho espacio para guardar archivos: hasta 128 GB de almacenamiento; una bater\u00eda de larga duraci\u00f3n te permite desconectarte durante horas para que la familia siga divirti\u00e9ndose.<\/li>\n<li><strong>Carga r\u00e1pido. Energ\u00eda por horas.<\/strong><br \/>\nPasa horas con una sola carga* y vuelve al 100 % con el puerto USB-C de carga r\u00e1pida.\u00b9<\/li>\n<li><strong>El poder de juntos<\/strong><br \/>\nAbra un nuevo mundo de posibilidades convenientes con la experiencia del ecosistema Galaxy: sus dispositivos se comunican autom\u00e1ticamente entre s\u00ed sin problemas para ayudarlo a hacer m\u00e1s.<\/li>\n<li><strong>Tus notas, todo en un solo lugar<\/strong><br \/>\nHaga m\u00e1s con sus notas con la conectividad Galaxy que sincroniza autom\u00e1ticamente todo, desde listas de tareas pendientes hasta deberes, ya sea que est\u00e9 en su tableta, tel\u00e9fono o PC.<\/li>\n<li><strong>Los primeros pasos de los ni\u00f1os en el mundo digital<\/strong><br \/>\nUna biblioteca de juegos, libros y videos seguros y divertidos aptos para ni\u00f1os y aprobados por padres.<\/li>\n<li><strong>m\u00e1s f\u00e1cil Transferir. Alguna vez.<\/strong><br \/>\nIndependientemente del sistema operativo que est\u00e9 utilizando, Smart Switch hace que sea muy f\u00e1cil mover sus archivos favoritos en tres sencillos pasos.<\/li>\n<li><strong>Espacio para todo<\/strong><br \/>\nCon hasta 128 GB de memoria integrada, hay espacio para todas tus fotos, videos, juegos y aplicaciones. Ampl\u00ede su almacenamiento hasta 1 TB con una tarjeta microSD.\u00b2<\/li>\n<li><strong>Transmite tu coraz\u00f3n<\/strong><br \/>\nRel\u00e1jate con el acceso sin publicidad a millones de videos con YouTube Premium.\u00b3 Obt\u00e9n dos meses de contenido sin publicidad sin cargo adicional.<\/li>\n<li><strong>M\u00e1s de 160 canales. 100% gratis.<\/strong><br \/>\nSatisfaga su apetito por el entretenimiento con acceso gratuito a Samsung TV Plus. Sum\u00e9rjase en m\u00e1s de 160 canales y videos a pedido, como pel\u00edculas, m\u00fasica, noticias y deportes.<\/li>\n<\/ul>\n<\/div>\n<\/div>\n<\/div>\n<\/div>\n<\/div>\n","protected":false},"excerpt":{"rendered":"<p>Ll\u00e9vate a casa la Galaxy Tab A8, la tableta asombrosamente entretenida mejorada por la experiencia del ecosistema Galaxy. Caracter\u00edsticas Una pantalla que a todos les encantar\u00e1 Ya sea que su<\/p>\n","protected":false},"featured_media":81798,"comment_status":"open","ping_status":"closed","template":"","meta":{"_acf_changed":false,"_joinchat":[]},"product_brand":[],"product_cat":[408,409,257,410],"product_tag":[],"class_list":{"0":"post-81795","1":"product","2":"type-product","3":"status-publish","4":"has-post-thumbnail","6":"product_cat-celulares-y-tablets","7":"product_cat-tablets-y-ipad","8":"product_cat-samsung-galaxy","9":"product_cat-todas-las-tablets","11":"first","12":"instock","13":"sale","14":"shipping-taxable","15":"purchasable","16":"product-type-simple"},"acf":[],"_links":{"self":[{"href":"https:\/\/defabrica.com.mx\/defabrica\/wp-json\/wp\/v2\/product\/81795","targetHints":{"allow":["GET"]}}],"collection":[{"href":"https:\/\/defabrica.com.mx\/defabrica\/wp-json\/wp\/v2\/product"}],"about":[{"href":"https:\/\/defabrica.com.mx\/defabrica\/wp-json\/wp\/v2\/types\/product"}],"replies":[{"embeddable":true,"href":"https:\/\/defabrica.com.mx\/defabrica\/wp-json\/wp\/v2\/comments?post=81795"}],"wp:featuredmedia":[{"embeddable":true,"href":"https:\/\/defabrica.com.mx\/defabrica\/wp-json\/wp\/v2\/media\/81798"}],"wp:attachment":[{"href":"https:\/\/defabrica.com.mx\/defabrica\/wp-json\/wp\/v2\/media?parent=81795"}],"wp:term":[{"taxonomy":"product_brand","embeddable":true,"href":"https:\/\/defabrica.com.mx\/defabrica\/wp-json\/wp\/v2\/product_brand?post=81795"},{"taxonomy":"product_cat","embeddable":true,"href":"https:\/\/defabrica.com.mx\/defabrica\/wp-json\/wp\/v2\/product_cat?post=81795"},{"taxonomy":"product_tag","embeddable":true,"href":"https:\/\/defabrica.com.mx\/defabrica\/wp-json\/wp\/v2\/product_tag?post=81795"}],"curies":[{"name":"wp","href":"https:\/\/api.w.org\/{rel}","templated":true}]}}