{"id":81791,"date":"2022-06-08T18:36:22","date_gmt":"2022-06-08T23:36:22","guid":{"rendered":"https:\/\/defabrica.com.mx\/defabrica\/?post_type=product&#038;p=81791"},"modified":"2023-01-15T13:35:56","modified_gmt":"2023-01-15T19:35:56","slug":"samsung-galaxy-tab-s8-12-4-128gb-wi-fi-con-s-pen-grafito","status":"publish","type":"product","link":"https:\/\/defabrica.com.mx\/defabrica\/producto\/samsung-galaxy-tab-s8-12-4-128gb-wi-fi-con-s-pen-grafito\/","title":{"rendered":"Samsung &#8211; Galaxy Tab S8+ &#8211; 12.4&#8243; 128GB &#8211; Wi-Fi &#8211; con S-Pen &#8211; Grafito"},"content":{"rendered":"<div class=\"embedded-component-container lv product-description\">\n<div>\n<div id=\"shop-product-description-19024686\" class=\"_none\" data-version=\"1.3.44\">\n<div class=\"shop-product-description\">\n<section class=\"align-heading-left\" data-reactroot=\"\">\n<div class=\"long-description-container body-copy \">\n<div class=\"html-fragment\">Mejore su vida con Galaxy Tab S8+, una tableta premium con una pantalla grande y capacidades similares a las de una PC que lo ayuda a hacer m\u00e1s mientras viaja.\u00b9 \u00b9Se requiere un enrutador habilitado para Wi-Fi 6E.\u00a0Se vende por separado<\/div>\n<\/div>\n<\/section>\n<\/div>\n<\/div>\n<\/div>\n<\/div>\n<div class=\"embedded-component-container lv product-features\">\n<h3><\/h3>\n<h3 class=\"heading-5 v-fw-regular feature-heading\"><strong>Caracter\u00edsticas<\/strong><\/h3>\n<ul>\n<li><strong>Wi-Fi m\u00e1s r\u00e1pido alrededor<\/strong><br \/>\nAprovecha la velocidad de la pr\u00f3xima generaci\u00f3n de conectividad con Wi-Fi 6E\u00b9: 3 veces m\u00e1s r\u00e1pido que la generaci\u00f3n anterior de Wi-Fi.<\/li>\n<li><strong>Una pantalla que te dejar\u00e1 boquiabierto<\/strong><br \/>\nDisfruta m\u00e1s de cada momento con una gran pantalla sAMOLED de 12,4&#8243; y alta resoluci\u00f3n que deslumbra con un brillo, una nitidez y un color incre\u00edbles.<\/li>\n<li><strong>C\u00e1mara ultra gran angular. Im\u00e1genes ultra-grandes<\/strong><br \/>\nGraba videos en 4K supern\u00edtidos con una c\u00e1mara ultra gran angular que captura m\u00e1s de los momentos de la vida que m\u00e1s te gustan.<\/li>\n<li><strong>M\u00e1s cerca que nunca de un bol\u00edgrafo real<\/strong><br \/>\nInspire su imaginaci\u00f3n con nuestro S Pen m\u00e1s r\u00e1pido hasta el momento, con una latencia casi nula para sentirse a\u00fan m\u00e1s como un bol\u00edgrafo real: est\u00e1 incluido con la compra.<\/li>\n<li><strong>Maestro multitarea<\/strong><br \/>\nDescubra nuevas formas de trabajar con las capacidades 2 en 1 de una tableta y una PC: Samsung DeX crea una experiencia de escritorio en su tableta y la integraci\u00f3n de Microsoft 365 le permite crear y editar documentos como lo har\u00eda en una PC.\u00b2<\/li>\n<li><strong>Lleno de poder<\/strong><br \/>\nDisfruta el d\u00eda con una gran potencia de rendimiento, que incluye un impresionante conjunto de chips Qualcomm Snapdragon y una bater\u00eda para todo el d\u00eda.<\/li>\n<li><strong>Carga r\u00e1pido. Energ\u00eda por horas.<\/strong><br \/>\nPasa horas con una sola carga\u00b3 y vuelve al 100 % con el puerto USB-C de carga r\u00e1pida.<\/li>\n<li><strong>Si\u00e9ntete m\u00e1s cerca que nunca<\/strong><br \/>\nYa sea que est\u00e9 aprendiendo a distancia, trabajando o chateando con un amigo, lleve sus chats de video al siguiente nivel con alta resoluci\u00f3n, una c\u00e1mara ultra gran angular con encuadre autom\u00e1tico y tres micr\u00f3fonos con cancelaci\u00f3n de ruido.<\/li>\n<li><strong>Tu Galaxia, unida<\/strong><br \/>\nResponder llamadas. Lleva tus Samsung Notes desde tu Galaxy Z Fold3 5G a tu Tab S8+. Config\u00farelo como una segunda pantalla para su Galaxy Book para obtener el doble de productividad. Comparta archivos al instante con Quick Share. Conecta tus Galaxy Buds2 y cambia sin problemas entre dispositivos Galaxy.<\/li>\n<li><strong>Tus notas, en perfecta sincron\u00eda<\/strong><br \/>\nCon la conectividad Galaxy, tus notas siempre est\u00e1n sincronizadas sin importar qu\u00e9 dispositivo est\u00e9s usando. Capture una idea en una nota, convierta su escritura a mano en texto, gu\u00e1rdela como un archivo para compartir y acceda a ella desde cualquier dispositivo que est\u00e9 usando.<\/li>\n<li><strong>La forma segura y divertida de aprender y jugar<\/strong><br \/>\nUna biblioteca de juegos, libros y videos divertidos que es seguro, apto para ni\u00f1os y aprobado por los padres.<\/li>\n<li><strong>Una forma segura de mover tus cosas<\/strong><br \/>\nAl cambiar a Galaxy, no tienes que despedirte de tus cosas viejas.<\/li>\n<li><strong>Los archivos que estaba usando antes (sus fotos, configuraciones e historial de llamadas) se quedar\u00e1n con usted en su nuevo Galaxy Tab S8+, sin importar el sistema operativo al que est\u00e9 cambiando.<\/strong><\/li>\n<li><strong>Espacio para todo<\/strong><br \/>\nAmpl\u00ede su almacenamiento hasta 1 TB con una tarjeta microSD.\u2074<\/li>\n<\/ul>\n<\/div>\n","protected":false},"excerpt":{"rendered":"<p>Mejore su vida con Galaxy Tab S8+, una tableta premium con una pantalla grande y capacidades similares a las de una PC que lo ayuda a hacer m\u00e1s mientras viaja.\u00b9<\/p>\n","protected":false},"featured_media":102128,"comment_status":"open","ping_status":"closed","template":"","meta":{"_acf_changed":false,"_joinchat":[]},"product_brand":[],"product_cat":[408,409,257,410],"product_tag":[],"class_list":{"0":"post-81791","1":"product","2":"type-product","3":"status-publish","4":"has-post-thumbnail","6":"product_cat-celulares-y-tablets","7":"product_cat-tablets-y-ipad","8":"product_cat-samsung-galaxy","9":"product_cat-todas-las-tablets","11":"first","12":"instock","13":"sale","14":"shipping-taxable","15":"purchasable","16":"product-type-simple"},"acf":[],"_links":{"self":[{"href":"https:\/\/defabrica.com.mx\/defabrica\/wp-json\/wp\/v2\/product\/81791","targetHints":{"allow":["GET"]}}],"collection":[{"href":"https:\/\/defabrica.com.mx\/defabrica\/wp-json\/wp\/v2\/product"}],"about":[{"href":"https:\/\/defabrica.com.mx\/defabrica\/wp-json\/wp\/v2\/types\/product"}],"replies":[{"embeddable":true,"href":"https:\/\/defabrica.com.mx\/defabrica\/wp-json\/wp\/v2\/comments?post=81791"}],"wp:featuredmedia":[{"embeddable":true,"href":"https:\/\/defabrica.com.mx\/defabrica\/wp-json\/wp\/v2\/media\/102128"}],"wp:attachment":[{"href":"https:\/\/defabrica.com.mx\/defabrica\/wp-json\/wp\/v2\/media?parent=81791"}],"wp:term":[{"taxonomy":"product_brand","embeddable":true,"href":"https:\/\/defabrica.com.mx\/defabrica\/wp-json\/wp\/v2\/product_brand?post=81791"},{"taxonomy":"product_cat","embeddable":true,"href":"https:\/\/defabrica.com.mx\/defabrica\/wp-json\/wp\/v2\/product_cat?post=81791"},{"taxonomy":"product_tag","embeddable":true,"href":"https:\/\/defabrica.com.mx\/defabrica\/wp-json\/wp\/v2\/product_tag?post=81791"}],"curies":[{"name":"wp","href":"https:\/\/api.w.org\/{rel}","templated":true}]}}