{"id":81784,"date":"2022-06-08T18:32:15","date_gmt":"2022-06-08T23:32:15","guid":{"rendered":"https:\/\/defabrica.com.mx\/defabrica\/?post_type=product&#038;p=81784"},"modified":"2023-01-15T13:35:34","modified_gmt":"2023-01-15T19:35:34","slug":"samsung-galaxy-tab-a7-lite-8-7-32gb-con-wi-fi-gris-oscuro","status":"publish","type":"product","link":"https:\/\/defabrica.com.mx\/defabrica\/producto\/samsung-galaxy-tab-a7-lite-8-7-32gb-con-wi-fi-gris-oscuro\/","title":{"rendered":"Samsung &#8211; Galaxy Tab A7 Lite 8.7&#8243; 32GB con Wi-Fi &#8211; Gris oscuro"},"content":{"rendered":"<div class=\"embedded-component-container lv product-description\">\n<div>\n<div id=\"shop-product-description-11650570\" class=\"_none\" data-version=\"1.3.44\">\n<div class=\"shop-product-description\">\n<section class=\"align-heading-left\" data-reactroot=\"\">\n<div class=\"long-description-container body-copy \">\n<div class=\"html-fragment\">Conoce el dispositivo que le encantar\u00e1 a toda tu familia: Samsung Galaxy Tab A7 Lite, la tableta hecha para ser compartida.\u00a0Con su pantalla compacta de 8.7&#8243;, Galaxy Tab A7 Lite tiene el tama\u00f1o perfecto para el entretenimiento en movimiento. Su marco de metal resistente est\u00e1 dise\u00f1ado para llevarlo desde la sala de estar hasta sus vacaciones en la playa, o donde quiera que lo lleve. Galaxy Tab A7 Lite viene con acceso a horas de YouTube Premium sin publicidad y Samsung TV sin cargo adicional para que puedas mantener feliz a la familia sin interrupciones molestas. Adem\u00e1s, con un potente procesador para una transmisi\u00f3n r\u00e1pida y mucho espacio de almacenamiento para tus archivos favoritos, Galaxy Tab A7 Lite simplifica las necesidades de entretenimiento para todos bajo su techo.<\/div>\n<\/div>\n<\/section>\n<\/div>\n<\/div>\n<\/div>\n<\/div>\n<div class=\"embedded-component-container lv product-features\">\n<h3><\/h3>\n<h3 class=\"heading-5 v-fw-regular feature-heading\"><strong>Caracter\u00edsticas<\/strong><\/h3>\n<ul>\n<li><strong>El entretenimiento va donde t\u00fa vayas<\/strong><br \/>\nCon su pantalla compacta de 8.7\u201d, dise\u00f1o delgado y marco de metal resistente, Galaxy Tab A7 Lite tiene el tama\u00f1o perfecto para el entretenimiento en movimiento.<\/li>\n<li><strong>Marco resistente para una protecci\u00f3n duradera<\/strong><br \/>\nGalaxy Tab A7 Lite cuenta con un marco de metal mejorado que ayuda a proteger contra el hipo diario.<\/li>\n<li><strong>Dos meses de diversi\u00f3n en video sin anuncios<\/strong><br \/>\nMantenga a todos en la familia entretenidos con dos meses de YouTube Premium\u00b9 gratis para disfrutar de horas y horas de diversi\u00f3n sin publicidad<\/li>\n<li><strong>Rendimiento que no te defraudar\u00e1<\/strong><br \/>\nViene con alta velocidad y mucho espacio de almacenamiento para m\u00faltiples usuarios.<\/li>\n<li><strong>Un dispositivo lleno de energ\u00eda<\/strong><br \/>\nDisfruta de una bater\u00eda de larga duraci\u00f3n\u00b2 y mucha energ\u00eda para mantenerte al d\u00eda con el contenido que te encanta y algo m\u00e1s con carga r\u00e1pida para ayudarte a cargar energ\u00eda r\u00e1pidamente mientras viajas.<\/li>\n<li><strong>Pon tus dispositivos a trabajar para ti<\/strong><br \/>\nSatisfaga su apetito por el entretenimiento de nuevas maneras con la conectividad entre sus dispositivos Galaxy. Una interfaz din\u00e1mica le permite tratar todos sus dispositivos como uno solo.<\/li>\n<\/ul>\n<\/div>\n","protected":false},"excerpt":{"rendered":"<p>Conoce el dispositivo que le encantar\u00e1 a toda tu familia: Samsung Galaxy Tab A7 Lite, la tableta hecha para ser compartida.\u00a0Con su pantalla compacta de 8.7&#8243;, Galaxy Tab A7 Lite<\/p>\n","protected":false},"featured_media":81786,"comment_status":"open","ping_status":"closed","template":"","meta":{"_acf_changed":false,"_joinchat":[]},"product_brand":[],"product_cat":[408,409,257,410],"product_tag":[],"class_list":{"0":"post-81784","1":"product","2":"type-product","3":"status-publish","4":"has-post-thumbnail","6":"product_cat-celulares-y-tablets","7":"product_cat-tablets-y-ipad","8":"product_cat-samsung-galaxy","9":"product_cat-todas-las-tablets","11":"first","12":"instock","13":"sale","14":"shipping-taxable","15":"purchasable","16":"product-type-simple"},"acf":[],"_links":{"self":[{"href":"https:\/\/defabrica.com.mx\/defabrica\/wp-json\/wp\/v2\/product\/81784","targetHints":{"allow":["GET"]}}],"collection":[{"href":"https:\/\/defabrica.com.mx\/defabrica\/wp-json\/wp\/v2\/product"}],"about":[{"href":"https:\/\/defabrica.com.mx\/defabrica\/wp-json\/wp\/v2\/types\/product"}],"replies":[{"embeddable":true,"href":"https:\/\/defabrica.com.mx\/defabrica\/wp-json\/wp\/v2\/comments?post=81784"}],"wp:featuredmedia":[{"embeddable":true,"href":"https:\/\/defabrica.com.mx\/defabrica\/wp-json\/wp\/v2\/media\/81786"}],"wp:attachment":[{"href":"https:\/\/defabrica.com.mx\/defabrica\/wp-json\/wp\/v2\/media?parent=81784"}],"wp:term":[{"taxonomy":"product_brand","embeddable":true,"href":"https:\/\/defabrica.com.mx\/defabrica\/wp-json\/wp\/v2\/product_brand?post=81784"},{"taxonomy":"product_cat","embeddable":true,"href":"https:\/\/defabrica.com.mx\/defabrica\/wp-json\/wp\/v2\/product_cat?post=81784"},{"taxonomy":"product_tag","embeddable":true,"href":"https:\/\/defabrica.com.mx\/defabrica\/wp-json\/wp\/v2\/product_tag?post=81784"}],"curies":[{"name":"wp","href":"https:\/\/api.w.org\/{rel}","templated":true}]}}