{"id":81288,"date":"2022-06-03T15:25:33","date_gmt":"2022-06-03T20:25:33","guid":{"rendered":"https:\/\/defabrica.com.mx\/defabrica\/?post_type=product&#038;p=81288"},"modified":"2023-01-15T13:34:49","modified_gmt":"2023-01-15T19:34:49","slug":"samsung-galaxy-tab-s8-ultra-14-6-512-gb-grafito","status":"publish","type":"product","link":"https:\/\/defabrica.com.mx\/defabrica\/producto\/samsung-galaxy-tab-s8-ultra-14-6-512-gb-grafito\/","title":{"rendered":"\u00abSamsung &#8211; Galaxy Tab S8 Ultra &#8211; 14.6&#8243;\u00bb 512 GB &#8211; Grafito \u00ab"},"content":{"rendered":"<div class=\"embedded-component-container lv product-description\">\n<div>\n<div id=\"shop-product-description-50353278\" class=\"_none\" data-version=\"1.3.44\">\n<div class=\"shop-product-description\">\n<section class=\"align-heading-left\" data-reactroot=\"\">\n<div class=\"long-description-container body-copy \">\n<div class=\"html-fragment\">Vive ese estilo de vida ultra en la tableta definitiva, con nuestra pantalla m\u00e1s grande para ayudarte a hacer m\u00e1s.<\/div>\n<\/div>\n<\/section>\n<\/div>\n<\/div>\n<\/div>\n<\/div>\n<div class=\"embedded-component-container lv product-features\">\n<h3><\/h3>\n<h3 class=\"heading-5 v-fw-regular feature-heading\"><strong>Caracter\u00edsticas<\/strong><\/h3>\n<div class=\"feature-body-container\">\n<div class=\"features-list-container\">\n<div class=\"features-list all-features\">\n<div class=\"list-row\">\n<ul>\n<li><strong>Pantalla ultra grande. Experiencias ultra ricas.<\/strong><br \/>\nPi\u00e9rdase en lo que ama y descubra nuevas formas de hacer m\u00e1s cosas a la vez con una pantalla ultragrande sAMOLED de 14,6&#8243; que le ayuda a hacer m\u00e1s.<\/li>\n<li><strong>Una c\u00e1mara enfocada en ti<\/strong><br \/>\nGraba videos en 4K supern\u00edtidos con una c\u00e1mara frontal dual ultraancha que es el doble de buena para capturar los momentos de la vida que m\u00e1s te gustan.<\/li>\n<li><strong>M\u00e1s cerca que nunca de un bol\u00edgrafo real<\/strong><br \/>\nInspire su imaginaci\u00f3n con nuestro S Pen m\u00e1s r\u00e1pido hasta el momento, con una latencia casi nula para sentirse a\u00fan m\u00e1s como un bol\u00edgrafo real: est\u00e1 incluido con la compra.<\/li>\n<li><strong>Maestro multitarea<\/strong><br \/>\nDescubra nuevas formas de trabajar con las capacidades 2 en 1 de una tableta y una PC: Samsung DeX crea una experiencia de escritorio en su tableta y la integraci\u00f3n de Microsoft 365 le permite crear y editar documentos como lo har\u00eda en una PC.\u00b9<\/li>\n<li><strong>M\u00e1s poder para ti<\/strong><br \/>\nHaz m\u00e1s con la m\u00e1xima potencia de Galaxy Tab S8 Ultra, nuestra tableta m\u00e1s r\u00e1pida y potente hasta el momento.\u00b2<\/li>\n<li><strong>Carga r\u00e1pido. Energ\u00eda por horas.<\/strong><br \/>\nPasa horas con una sola carga\u00b3 y vuelve al 100 % r\u00e1pidamente con el puerto USB-C de carga r\u00e1pida.<\/li>\n<li><strong>Si\u00e9ntete m\u00e1s cerca que nunca<\/strong><br \/>\nYa sea que est\u00e9 aprendiendo a distancia, trabajando o chateando con un amigo, experimente lo \u00faltimo en chats de video cuando los vea en alta resoluci\u00f3n, gracias a una c\u00e1mara frontal dual ultra ancha con encuadre autom\u00e1tico y tres micr\u00f3fonos con cancelaci\u00f3n de ruido.<\/li>\n<li><strong>Tu Galaxia, unida<\/strong><br \/>\nResponder llamadas. Lleva tus Samsung Notes desde tu Galaxy Z Fold3 5G a tu Tab S8 Ultra. Config\u00farelo como una segunda pantalla para su Galaxy Book para obtener el doble de productividad. Comparta archivos al instante con Quick Share. Conecta tus Galaxy Buds2 y cambia sin problemas entre dispositivos Galaxy.<\/li>\n<li><strong>Tus notas, en perfecta sincron\u00eda<\/strong><br \/>\nCon la conectividad Galaxy, tus notas siempre est\u00e1n sincronizadas sin importar qu\u00e9 dispositivo est\u00e9s usando. Capture una idea en una nota, convierta su escritura a mano en texto, gu\u00e1rdela como un archivo para compartir y acceda a ella desde cualquier dispositivo que est\u00e9 usando.<\/li>\n<li><strong>La forma segura y divertida de aprender y jugar<\/strong><br \/>\nUna biblioteca de juegos, libros y videos divertidos que es seguro, apto para ni\u00f1os y aprobado por los padres.<\/li>\n<li><strong>Una forma segura de mover tus cosas<\/strong><br \/>\nAl cambiar a Galaxy, no tienes que despedirte de tus cosas viejas.<\/li>\n<\/ul>\n<\/div>\n<\/div>\n<\/div>\n<\/div>\n<\/div>\n","protected":false},"excerpt":{"rendered":"<p>Vive ese estilo de vida ultra en la tableta definitiva, con nuestra pantalla m\u00e1s grande para ayudarte a hacer m\u00e1s. Caracter\u00edsticas Pantalla ultra grande. Experiencias ultra ricas. Pi\u00e9rdase en lo<\/p>\n","protected":false},"featured_media":81269,"comment_status":"open","ping_status":"closed","template":"","meta":{"_acf_changed":false,"_joinchat":[]},"product_brand":[],"product_cat":[408,409,257,410],"product_tag":[],"class_list":{"0":"post-81288","1":"product","2":"type-product","3":"status-publish","4":"has-post-thumbnail","6":"product_cat-celulares-y-tablets","7":"product_cat-tablets-y-ipad","8":"product_cat-samsung-galaxy","9":"product_cat-todas-las-tablets","11":"first","12":"instock","13":"sale","14":"shipping-taxable","15":"purchasable","16":"product-type-simple"},"acf":[],"_links":{"self":[{"href":"https:\/\/defabrica.com.mx\/defabrica\/wp-json\/wp\/v2\/product\/81288","targetHints":{"allow":["GET"]}}],"collection":[{"href":"https:\/\/defabrica.com.mx\/defabrica\/wp-json\/wp\/v2\/product"}],"about":[{"href":"https:\/\/defabrica.com.mx\/defabrica\/wp-json\/wp\/v2\/types\/product"}],"replies":[{"embeddable":true,"href":"https:\/\/defabrica.com.mx\/defabrica\/wp-json\/wp\/v2\/comments?post=81288"}],"wp:featuredmedia":[{"embeddable":true,"href":"https:\/\/defabrica.com.mx\/defabrica\/wp-json\/wp\/v2\/media\/81269"}],"wp:attachment":[{"href":"https:\/\/defabrica.com.mx\/defabrica\/wp-json\/wp\/v2\/media?parent=81288"}],"wp:term":[{"taxonomy":"product_brand","embeddable":true,"href":"https:\/\/defabrica.com.mx\/defabrica\/wp-json\/wp\/v2\/product_brand?post=81288"},{"taxonomy":"product_cat","embeddable":true,"href":"https:\/\/defabrica.com.mx\/defabrica\/wp-json\/wp\/v2\/product_cat?post=81288"},{"taxonomy":"product_tag","embeddable":true,"href":"https:\/\/defabrica.com.mx\/defabrica\/wp-json\/wp\/v2\/product_tag?post=81288"}],"curies":[{"name":"wp","href":"https:\/\/api.w.org\/{rel}","templated":true}]}}