{"id":80001,"date":"2022-05-23T20:05:20","date_gmt":"2022-05-24T01:05:20","guid":{"rendered":"https:\/\/defabrica.com.mx\/defabrica\/?post_type=product&#038;p=80001"},"modified":"2022-12-28T15:11:53","modified_gmt":"2022-12-28T21:11:53","slug":"lg-televisor-inteligente-webos-de-75-class-nanocell-serie-80-led-4k-uhd","status":"publish","type":"product","link":"https:\/\/defabrica.com.mx\/defabrica\/producto\/lg-televisor-inteligente-webos-de-75-class-nanocell-serie-80-led-4k-uhd\/","title":{"rendered":"LG &#8211; Televisor inteligente webOS de 86&#8243; Class NanoCell serie 90 LED 4K UHD"},"content":{"rendered":"<div class=\"product-description\">\n<div class=\"product-description\">Experimente una imagen LED detallada en resoluci\u00f3n 4K.\u00a0Con Full Array Dimming, ver\u00e1 negros profundos y contrastar\u00e1 con una iluminaci\u00f3n equilibrada con precisi\u00f3n que reduce el efecto de halo y la fuga de luz.\u00a0Vea la imagen natural y realista de Nano Color y la acci\u00f3n r\u00e1pida de una frecuencia de actualizaci\u00f3n de 120 Hz.\u00a0Es una experiencia respaldada por AI Picture y AI Sound, nuestro procesador premium, funciones de hogar conectado y tecnolog\u00eda de juegos.<\/div>\n<div class=\"product-description-banners-lv\">\n<div class=\"product-description-banner\" data-track=\"description-html-asset:Find the perfect TV.\"><\/div>\n<\/div>\n<\/div>\n<div class=\"product-description-banners-lv\">\n<div class=\"product-description-banner\" data-track=\"description-html-asset:Find the perfect TV.\">\n<h3><\/h3>\n<h3 class=\"heading-5 v-fw-regular feature-heading\"><strong>Caracter\u00edsticas<\/strong><\/h3>\n<div class=\"feature-body-container\">\n<div class=\"icons-container\">\n<div class=\"specificationIcons\">\n<ul>\n<li><strong>Pantalla de nanoc\u00e9lulas 4K<\/strong><br \/>\nHaz que tus programas favoritos cobren vida con el vivo NanoCell 4K. Vea una imagen natural y realista con Nano Color mejorada con mil millones de colores intensos.*<\/li>\n<li><strong>Atenuaci\u00f3n de matriz completa<\/strong><br \/>\nCon Full Array Dimming, NanoCell controla con precisi\u00f3n las unidades individuales de retroiluminaci\u00f3n LED. Esto da como resultado negros profundos y un sangrado de luz de fondo m\u00ednimo para un contraste mejorado y una imagen m\u00e1s detallada.<\/li>\n<li><strong>Procesador a7 Gen 4 AI 4K con imagen AI + sonido AI<\/strong><br \/>\nCaptura cada detalle con la imagen suave y n\u00edtida que te ofrece el procesador 4K AI \u03b17 Gen 4 de LG. Ajusta la configuraci\u00f3n de visualizaci\u00f3n y audio autom\u00e1ticamente con AI Picture y AI Sound, mientras que AI 4K Upscaling calibra de manera aut\u00e9ntica cada escena.**<\/li>\n<li><strong>Cine HDR (Dolby Vision, HDR10, HLG)<\/strong><br \/>\nVea todo su contenido HDR favorito. Los televisores LG admiten una amplia variedad de contenido HDR, incluido Dolby Vision. Adem\u00e1s, obtienes un ajuste de imagen autom\u00e1tico escena por escena con HDR10 y HLG.<\/li>\n<li><strong>Dolby Vision IQ<\/strong><br \/>\nDolby Vision IQ utiliza la mejor tecnolog\u00eda HDR de su clase para ajustar autom\u00e1ticamente la configuraci\u00f3n de la imagen seg\u00fan las condiciones de iluminaci\u00f3n ambiental y los g\u00e9neros de contenido. Desde deportes brillantes en vivo hasta dramas oscuros y malhumorados, Dolby garantiza que siempre tengas una imagen cinematogr\u00e1fica al alcance de tu mano.<\/li>\n<li><strong>Modo cineasta<\/strong><br \/>\nEl modo cineasta traduce la visi\u00f3n cinematogr\u00e1fica de un director a su televisor con configuraciones autom\u00e1ticas de imagen y procesador y brinda verdadera autenticidad.<\/li>\n<li><strong>webOS + LG ThinQ AI con control remoto m\u00e1gico<\/strong><br \/>\nControle su cine en casa inteligente con facilidad. ThinQ AI y Magic Remote permiten una navegaci\u00f3n simple y comandos de voz intuitivos, mientras que la plataforma webOS 6.0 admite una enorme biblioteca de contenido con muchas de las aplicaciones de transmisi\u00f3n m\u00e1s populares.<\/li>\n<li><strong>Canales LG<\/strong><br \/>\nDisfrute de acceso gratuito a m\u00e1s de 300 canales de transmisi\u00f3n IP, integrados con canales por aire y una gu\u00eda de canales f\u00e1cil de navegar.<\/li>\n<li><strong>Optimizador de juegos<\/strong><br \/>\nGame Optimizer le brinda un acceso m\u00e1s f\u00e1cil a todas las configuraciones de su juego y obtendr\u00e1 el modo autom\u00e1tico de baja latencia m\u00e1s HGiG para una imagen de juego detallada.<\/li>\n<li><strong>AMD FreeSync<\/strong><br \/>\nMenos interrupciones de sus juegos a la televisi\u00f3n, lo que le brinda un juego m\u00e1s fluido. FreeSync aumenta o disminuye autom\u00e1ticamente la frecuencia de actualizaci\u00f3n de su televisor para que coincida con la fuente. Reduzca el desgarro y la tartamudez, y obtenga lo mejor en juegos claros y fluidos.<\/li>\n<li><strong>4K Ultra HD (resoluci\u00f3n de 2160p)<\/strong><br \/>\nDisfruta de impresionantes pel\u00edculas y programas de TV 4K con una resoluci\u00f3n 4 veces superior a Full HD y mejora tu contenido actual a una calidad de imagen de nivel Ultra HD.<\/li>\n<li><strong>TruMotion 240 (120 Hz nativos)<\/strong><br \/>\nLa tecnolog\u00eda TruMotion 240 reduce la borrosidad para agudizar cada detalle con hasta 240 fotogramas por segundo, lo que brinda a las secuencias de juegos de movimiento r\u00e1pido una imagen n\u00edtida que se mueve contigo.<\/li>\n<li><strong>Tablero de Inicio<\/strong><br \/>\nObtenga todas sus recomendaciones de contenido y actualizaciones de hogar conectado en un solo lugar con Home Dashboard. La pantalla de inicio le permite monitorear y controlar sus dispositivos conectados al mismo tiempo que le brinda recomendaciones de contenido e incluso el clima basado en la ubicaci\u00f3n.***<\/li>\n<li><strong>Asistente de Google y Alexa integrados<\/strong><br \/>\nNo hay necesidad de un dispositivo adicional: solo p\u00eddale a su televisor m\u00fasica, clima, noticias y m\u00e1s. Adem\u00e1s, controle convenientemente su hogar conectado y sus dispositivos inteligentes.<\/li>\n<li><strong>\u00abFunciona con\u00bb Apple AirPlay 2 y HomeKit<\/strong><br \/>\nTransmita contenido desde dispositivos Apple a su televisor, incluida la amplia biblioteca de contenido Dolby Vision de Apple. Adem\u00e1s, use sus dispositivos Apple para configurar, personalizar y controlar su hogar inteligente con HomeKit.<\/li>\n<li><strong>dolby atmos<\/strong><br \/>\nOriginalmente dise\u00f1ado para el cine, Dolby Atmos lo coloca en medio de la acci\u00f3n con un sonido envolvente multidimensional que parece fluir a su alrededor.<\/li>\n<li><strong>Listo para WiSA<\/strong><br \/>\nConectar altavoces de alta fidelidad es f\u00e1cil, e inal\u00e1mbrico, con la conectividad WiSA. Se requiere dongle transmisor y se vende por separado.<\/li>\n<li><strong>Modo de sonido de TV Compartir<\/strong><br \/>\nEl sonido de vanguardia ahora se puede escuchar cuando conecta barras de sonido LG seleccionadas. La potencia de los procesadores avanzados y la IA de LG le brindan un sonido potente que sigue funcionando incluso cuando conecta una barra de sonido LG para ayudar a dar forma a una experiencia verdaderamente cinematogr\u00e1fica.<\/li>\n<li><strong>Preparado para sonido envolvente Bluetooth<\/strong><br \/>\nEl sonido envolvente inal\u00e1mbrico nunca ha sido tan f\u00e1cil. Conecte cualquier altavoz Bluetooth compatible o hasta dos altavoces, incluidos los altavoces LG XBoom, para disfrutar de una verdadera experiencia de sonido envolvente, sin cables.<\/li>\n<\/ul>\n<\/div>\n<\/div>\n<\/div>\n<\/div>\n<\/div>\n","protected":false},"excerpt":{"rendered":"<p>Experimente una imagen LED detallada en resoluci\u00f3n 4K.\u00a0Con Full Array Dimming, ver\u00e1 negros profundos y contrastar\u00e1 con una iluminaci\u00f3n equilibrada con precisi\u00f3n que reduce el efecto de halo y la<\/p>\n","protected":false},"featured_media":80011,"comment_status":"open","ping_status":"closed","template":"","meta":{"_acf_changed":false,"_joinchat":[]},"product_brand":[],"product_cat":[1522,336,937],"product_tag":[],"class_list":{"0":"post-80001","1":"product","2":"type-product","3":"status-publish","4":"has-post-thumbnail","6":"product_cat-ofertas-hogar","7":"product_cat-hogar","8":"product_cat-pantallas","10":"first","11":"instock","12":"sale","13":"shipping-taxable","14":"purchasable","15":"product-type-simple"},"acf":[],"_links":{"self":[{"href":"https:\/\/defabrica.com.mx\/defabrica\/wp-json\/wp\/v2\/product\/80001","targetHints":{"allow":["GET"]}}],"collection":[{"href":"https:\/\/defabrica.com.mx\/defabrica\/wp-json\/wp\/v2\/product"}],"about":[{"href":"https:\/\/defabrica.com.mx\/defabrica\/wp-json\/wp\/v2\/types\/product"}],"replies":[{"embeddable":true,"href":"https:\/\/defabrica.com.mx\/defabrica\/wp-json\/wp\/v2\/comments?post=80001"}],"wp:featuredmedia":[{"embeddable":true,"href":"https:\/\/defabrica.com.mx\/defabrica\/wp-json\/wp\/v2\/media\/80011"}],"wp:attachment":[{"href":"https:\/\/defabrica.com.mx\/defabrica\/wp-json\/wp\/v2\/media?parent=80001"}],"wp:term":[{"taxonomy":"product_brand","embeddable":true,"href":"https:\/\/defabrica.com.mx\/defabrica\/wp-json\/wp\/v2\/product_brand?post=80001"},{"taxonomy":"product_cat","embeddable":true,"href":"https:\/\/defabrica.com.mx\/defabrica\/wp-json\/wp\/v2\/product_cat?post=80001"},{"taxonomy":"product_tag","embeddable":true,"href":"https:\/\/defabrica.com.mx\/defabrica\/wp-json\/wp\/v2\/product_tag?post=80001"}],"curies":[{"name":"wp","href":"https:\/\/api.w.org\/{rel}","templated":true}]}}