{"id":79847,"date":"2022-05-23T16:49:18","date_gmt":"2022-05-23T21:49:18","guid":{"rendered":"https:\/\/defabrica.com.mx\/defabrica\/?post_type=product&#038;p=79847"},"modified":"2023-01-15T13:17:36","modified_gmt":"2023-01-15T19:17:36","slug":"apple-ipad-air-de-109-pulgadas-ultimo-modelo-5-a-generacion-con-wi-fi-64-gb-gris-espacial-2","status":"publish","type":"product","link":"https:\/\/defabrica.com.mx\/defabrica\/producto\/apple-ipad-air-de-109-pulgadas-ultimo-modelo-5-a-generacion-con-wi-fi-64-gb-gris-espacial-2\/","title":{"rendered":"Apple &#8211; iPad Air de 10,9 pulgadas &#8211; \u00daltimo modelo &#8211; (5.\u00aa generaci\u00f3n) con Wi-Fi &#8211; 64 GB &#8211; Gris espacial"},"content":{"rendered":"<div class=\"product-description\">\n<p>Ipad aire. Con una pantalla Liquid Retina inmersiva de 10,9 pulgadas.\u00b9 El innovador chip Apple M1 ofrece un rendimiento m\u00e1s r\u00e1pido, lo que convierte al iPad Air en una potencia creativa y m\u00f3vil para juegos. Con Touch ID, c\u00e1maras avanzadas, 5G\u00b2 ultrarr\u00e1pido y Wi-Fi 6, USB-C y compatibilidad con Magic Keyboard y Apple Pencil (2.\u00aa generaci\u00f3n).\u00b3<\/p>\n<h3><\/h3>\n<h3 class=\"heading-5 v-fw-regular feature-heading\"><strong>Caracter\u00edsticas<\/strong><\/h3>\n<ul>\n<li><strong>Pantalla Liquid Retina\u00b9 de 10,9 pulgadas con True Tone, color ancho P3 y revestimiento antirreflectante<\/strong><\/li>\n<li><strong>Chip Apple M1 con Neural Engine<\/strong><\/li>\n<li><strong>C\u00e1mara ancha de 12MP<\/strong><\/li>\n<li><strong>C\u00e1mara frontal ultra ancha de 12MP con Center Stage<\/strong><\/li>\n<li><strong>Hasta 256 GB de almacenamiento<\/strong><\/li>\n<li><strong>Disponible en azul, morado, rosa, luz estelar y gris espacial.<\/strong><\/li>\n<li><strong>Altavoces est\u00e9reo apaisados<\/strong><\/li>\n<li><strong>Touch ID para autenticaci\u00f3n segura y Apple Pay<\/strong><\/li>\n<li><strong>Duraci\u00f3n de la bater\u00eda durante todo el d\u00eda\u2074<\/strong><\/li>\n<li><strong>Wi-Fi 6 y datos m\u00f3viles 5G\u00b2<\/strong><\/li>\n<li><strong>Conector USB-C para carga y accesorios<\/strong><\/li>\n<li><strong>Funciona con Magic Keyboard, Smart Keyboard Folio y Apple Pencil (2.\u00aa generaci\u00f3n)\u00b3<\/strong><\/li>\n<li><strong>iPadOS 15 es excepcionalmente potente, f\u00e1cil de usar y est\u00e1 dise\u00f1ado para la versatilidad del iPad<\/strong><\/li>\n<\/ul>\n<\/div>\n","protected":false},"excerpt":{"rendered":"<p>Ipad aire. Con una pantalla Liquid Retina inmersiva de 10,9 pulgadas.\u00b9 El innovador chip Apple M1 ofrece un rendimiento m\u00e1s r\u00e1pido, lo que convierte al iPad Air en una potencia<\/p>\n","protected":false},"featured_media":79851,"comment_status":"open","ping_status":"closed","template":"","meta":{"_acf_changed":false,"_joinchat":[]},"product_brand":[],"product_cat":[408,409,256,410],"product_tag":[],"class_list":{"0":"post-79847","1":"product","2":"type-product","3":"status-publish","4":"has-post-thumbnail","6":"product_cat-celulares-y-tablets","7":"product_cat-tablets-y-ipad","8":"product_cat-ipad","9":"product_cat-todas-las-tablets","11":"first","12":"instock","13":"sale","14":"shipping-taxable","15":"purchasable","16":"product-type-simple"},"acf":[],"_links":{"self":[{"href":"https:\/\/defabrica.com.mx\/defabrica\/wp-json\/wp\/v2\/product\/79847","targetHints":{"allow":["GET"]}}],"collection":[{"href":"https:\/\/defabrica.com.mx\/defabrica\/wp-json\/wp\/v2\/product"}],"about":[{"href":"https:\/\/defabrica.com.mx\/defabrica\/wp-json\/wp\/v2\/types\/product"}],"replies":[{"embeddable":true,"href":"https:\/\/defabrica.com.mx\/defabrica\/wp-json\/wp\/v2\/comments?post=79847"}],"wp:featuredmedia":[{"embeddable":true,"href":"https:\/\/defabrica.com.mx\/defabrica\/wp-json\/wp\/v2\/media\/79851"}],"wp:attachment":[{"href":"https:\/\/defabrica.com.mx\/defabrica\/wp-json\/wp\/v2\/media?parent=79847"}],"wp:term":[{"taxonomy":"product_brand","embeddable":true,"href":"https:\/\/defabrica.com.mx\/defabrica\/wp-json\/wp\/v2\/product_brand?post=79847"},{"taxonomy":"product_cat","embeddable":true,"href":"https:\/\/defabrica.com.mx\/defabrica\/wp-json\/wp\/v2\/product_cat?post=79847"},{"taxonomy":"product_tag","embeddable":true,"href":"https:\/\/defabrica.com.mx\/defabrica\/wp-json\/wp\/v2\/product_tag?post=79847"}],"curies":[{"name":"wp","href":"https:\/\/api.w.org\/{rel}","templated":true}]}}