{"id":79726,"date":"2022-05-23T00:03:00","date_gmt":"2022-05-23T05:03:00","guid":{"rendered":"https:\/\/defabrica.com.mx\/defabrica\/?post_type=product&#038;p=79726"},"modified":"2023-01-22T11:32:14","modified_gmt":"2023-01-22T17:32:14","slug":"apple-iphone-xr-128gb-libre-renovado-premium","status":"publish","type":"product","link":"https:\/\/defabrica.com.mx\/defabrica\/producto\/apple-iphone-xr-128gb-libre-renovado-premium\/","title":{"rendered":"Apple &#8211; iPhone XR 128GB  Libre Renovado Premium"},"content":{"rendered":"<p>Con el iPhone XR obtienes una pantalla espaciosa de 6.1 pulgadas, un rendimiento lo suficientemente r\u00e1pido del procesador A12 Bionic de Apple y una c\u00e1mara de buena calidad en un dise\u00f1o colorido y un paquete asequible.\u00a0Apple ha incluido la nueva Liquid Retina LCD como pantalla en el iPhone XR.\u00a0Apple lanz\u00f3 el iPhone XR con un pu\u00f1ado de opciones de color.\u00a0Tanto la parte posterior de vidrio como el marco de metal tienen colores brillantes, con el vidrio utilizando un proceso de color de siete capas en profundidad para lograr el acabado rico y la aleaci\u00f3n de aluminio anodizado exclusiva de Apple para que coincida.\u00a0En lugar de 3D Touch, el iPhone XR replica la experiencia a trav\u00e9s de \u00abHaptic Touch\u00bb.\u00a0Advanced Face ID le permite desbloquear su iPhone de forma segura e iniciar sesi\u00f3n en aplicaciones con solo un vistazo.<\/p>\n<h3><strong>Caracter\u00edsticas\u00a0<\/strong><\/h3>\n<div id=\"featurebullets_feature_div\" class=\"celwidget\" data-feature-name=\"featurebullets\" data-csa-c-id=\"a2l7ou-vtn557-aqm5sw-ublqic\" data-cel-widget=\"featurebullets_feature_div\">\n<div id=\"feature-bullets\" class=\"a-section a-spacing-medium a-spacing-top-small\">\n<ul class=\"a-unordered-list a-vertical a-spacing-mini\">\n<li><span class=\"a-list-item\">Proceso de color de siete capas. Los hermosos acabados del cristal de la parte trasera se logran mediante un proceso avanzado que permite colores profundos y ricos.<\/span><\/li>\n<li><span class=\"a-list-item\">Bandas de aluminio de grado aeroespacial. Una aleaci\u00f3n especialmente dise\u00f1ada por Apple est\u00e1 mecanizada con precisi\u00f3n para crear bandas estructurales y anodizada para complementar el color de la parte trasera del cristal.<\/span><\/li>\n<li><span class=\"a-list-item\">Carga inal\u00e1mbrica. La parte trasera de cristal permite que el iPhone XR se cargue de forma f\u00e1cil e inal\u00e1mbrica.<\/span><\/li>\n<li><span class=\"a-list-item\">Inteligente A12 Bionic. Este es el chip m\u00e1s inteligente y potente de un smartphone, con nuestro motor neural de \u00faltima generaci\u00f3n<\/span><\/li>\n<li><span class=\"a-list-item\">C\u00e1mara trasera de 12 MP, con lente gran angular, modo retrato con control de profundidad, 2 sensores m\u00e1s r\u00e1pidos para Smart HDR en tus fotos, v\u00eddeo 4K de hasta 60 fps<\/span><\/li>\n<\/ul>\n<\/div>\n<\/div>\n<div id=\"provenanceCertifications_feature_div\" class=\"celwidget\" data-feature-name=\"provenanceCertifications\" data-csa-c-id=\"q0mu37-hjs0dc-ccz3xa-fyn1yl\" data-cel-widget=\"provenanceCertifications_feature_div\"><\/div>\n<div id=\"serviceCapabilities_feature_div\" class=\"celwidget\" data-feature-name=\"serviceCapabilities\" data-csa-c-id=\"l2xinx-3lpeyq-auea4g-cpkemk\" data-cel-widget=\"serviceCapabilities_feature_div\"><\/div>\n","protected":false},"excerpt":{"rendered":"<p>Con el iPhone XR obtienes una pantalla espaciosa de 6.1 pulgadas, un rendimiento lo suficientemente r\u00e1pido del procesador A12 Bionic de Apple y una c\u00e1mara de buena calidad en un<\/p>\n","protected":false},"featured_media":79727,"comment_status":"open","ping_status":"closed","template":"","meta":{"_acf_changed":false,"_joinchat":[]},"product_brand":[],"product_cat":[1646,408,265],"product_tag":[],"class_list":{"0":"post-79726","1":"product","2":"type-product","3":"status-publish","4":"has-post-thumbnail","6":"product_cat-apple-renovados","7":"product_cat-celulares-y-tablets","8":"product_cat-celulares","10":"first","11":"instock","12":"sale","13":"shipping-taxable","14":"purchasable","15":"product-type-simple"},"acf":[],"_links":{"self":[{"href":"https:\/\/defabrica.com.mx\/defabrica\/wp-json\/wp\/v2\/product\/79726","targetHints":{"allow":["GET"]}}],"collection":[{"href":"https:\/\/defabrica.com.mx\/defabrica\/wp-json\/wp\/v2\/product"}],"about":[{"href":"https:\/\/defabrica.com.mx\/defabrica\/wp-json\/wp\/v2\/types\/product"}],"replies":[{"embeddable":true,"href":"https:\/\/defabrica.com.mx\/defabrica\/wp-json\/wp\/v2\/comments?post=79726"}],"wp:featuredmedia":[{"embeddable":true,"href":"https:\/\/defabrica.com.mx\/defabrica\/wp-json\/wp\/v2\/media\/79727"}],"wp:attachment":[{"href":"https:\/\/defabrica.com.mx\/defabrica\/wp-json\/wp\/v2\/media?parent=79726"}],"wp:term":[{"taxonomy":"product_brand","embeddable":true,"href":"https:\/\/defabrica.com.mx\/defabrica\/wp-json\/wp\/v2\/product_brand?post=79726"},{"taxonomy":"product_cat","embeddable":true,"href":"https:\/\/defabrica.com.mx\/defabrica\/wp-json\/wp\/v2\/product_cat?post=79726"},{"taxonomy":"product_tag","embeddable":true,"href":"https:\/\/defabrica.com.mx\/defabrica\/wp-json\/wp\/v2\/product_tag?post=79726"}],"curies":[{"name":"wp","href":"https:\/\/api.w.org\/{rel}","templated":true}]}}