{"id":79723,"date":"2022-05-22T23:57:27","date_gmt":"2022-05-23T04:57:27","guid":{"rendered":"https:\/\/defabrica.com.mx\/defabrica\/?post_type=product&#038;p=79723"},"modified":"2023-01-22T11:31:29","modified_gmt":"2023-01-22T17:31:29","slug":"apple-iphone-xr-64gb-libre-renovado-premium","status":"publish","type":"product","link":"https:\/\/defabrica.com.mx\/defabrica\/producto\/apple-iphone-xr-64gb-libre-renovado-premium\/","title":{"rendered":"Apple &#8211; iPhone XR 64GB  Libre Renovado Premium."},"content":{"rendered":"<p>Con el iPhone XR obtienes una pantalla espaciosa de 6.1 pulgadas, un rendimiento lo suficientemente r\u00e1pido del procesador A12 Bionic de Apple y una c\u00e1mara de buena calidad en un dise\u00f1o colorido y un paquete asequible.\u00a0Apple ha incluido la nueva Liquid Retina LCD como pantalla en el iPhone XR.\u00a0Apple lanz\u00f3 el iPhone XR con un pu\u00f1ado de opciones de color.\u00a0Tanto la parte posterior de vidrio como el marco de metal tienen colores brillantes, con el vidrio utilizando un proceso de color de siete capas en profundidad para lograr el acabado rico y la aleaci\u00f3n de aluminio anodizado exclusiva de Apple para que coincida.\u00a0En lugar de 3D Touch, el iPhone XR replica la experiencia a trav\u00e9s de \u00abHaptic Touch\u00bb.\u00a0Advanced Face ID le permite desbloquear su iPhone de forma segura e iniciar sesi\u00f3n en aplicaciones con solo un vistazo.<\/p>\n<h3><strong>Caracter\u00edsticas\u00a0<\/strong><\/h3>\n<div id=\"featurebullets_feature_div\" class=\"celwidget\" data-feature-name=\"featurebullets\" data-csa-c-id=\"zhrwhp-tqydw7-ak9s2v-2o8ody\">\n<div id=\"feature-bullets\" class=\"a-section a-spacing-medium a-spacing-top-small\">\n<ul class=\"a-unordered-list a-vertical a-spacing-mini\">\n<li><span class=\"a-list-item\">Este tel\u00e9fono est\u00e1 desbloqueado y es compatible con cualquier operador de elecci\u00f3n en redes GSM y CDMA (p. ej., AT&amp;T, T-Mobile, Sprint, Verizon, US Cellular, Cricket, Metro, Tracfone, Mint Mobile, etc.).<\/span><\/li>\n<li><span class=\"a-list-item\">Probado para el estado de la bater\u00eda y garantizado para tener una capacidad m\u00ednima de la bater\u00eda del 80%.<\/span><\/li>\n<li><span class=\"a-list-item\">Pas\u00f3 con \u00e9xito una prueba de diagn\u00f3stico completa que garantiza una funcionalidad como nueva y la eliminaci\u00f3n de cualquier informaci\u00f3n personal del usuario anterior.<\/span><\/li>\n<li><span class=\"a-list-item\">El dispositivo no viene con auriculares ni tarjeta SIM.\u00a0Incluye un cargador gen\u00e9rico (certificado Mfi) y un cable de carga.<\/span><\/li>\n<li><span class=\"a-list-item\">Inspeccionado y garantizado para tener un da\u00f1o cosm\u00e9tico m\u00ednimo, que no se nota cuando el dispositivo se sostiene con el brazo extendido.<\/span><\/li>\n<\/ul>\n<\/div>\n<\/div>\n<div id=\"provenanceCertifications_feature_div\" class=\"celwidget\" data-feature-name=\"provenanceCertifications\" data-csa-c-id=\"hs6kv4-alp1we-goazlg-y7i5s2\"><\/div>\n<div id=\"serviceCapabilities_feature_div\" class=\"celwidget\" data-feature-name=\"serviceCapabilities\" data-csa-c-id=\"owxgzi-m9lli4-ssngf2-s98nms\"><\/div>\n","protected":false},"excerpt":{"rendered":"<p>Con el iPhone XR obtienes una pantalla espaciosa de 6.1 pulgadas, un rendimiento lo suficientemente r\u00e1pido del procesador A12 Bionic de Apple y una c\u00e1mara de buena calidad en un<\/p>\n","protected":false},"featured_media":79724,"comment_status":"open","ping_status":"closed","template":"","meta":{"_acf_changed":false,"_joinchat":[]},"product_brand":[],"product_cat":[1646,408,265],"product_tag":[],"class_list":{"0":"post-79723","1":"product","2":"type-product","3":"status-publish","4":"has-post-thumbnail","6":"product_cat-apple-renovados","7":"product_cat-celulares-y-tablets","8":"product_cat-celulares","10":"first","11":"instock","12":"sale","13":"shipping-taxable","14":"purchasable","15":"product-type-simple"},"acf":[],"_links":{"self":[{"href":"https:\/\/defabrica.com.mx\/defabrica\/wp-json\/wp\/v2\/product\/79723","targetHints":{"allow":["GET"]}}],"collection":[{"href":"https:\/\/defabrica.com.mx\/defabrica\/wp-json\/wp\/v2\/product"}],"about":[{"href":"https:\/\/defabrica.com.mx\/defabrica\/wp-json\/wp\/v2\/types\/product"}],"replies":[{"embeddable":true,"href":"https:\/\/defabrica.com.mx\/defabrica\/wp-json\/wp\/v2\/comments?post=79723"}],"wp:featuredmedia":[{"embeddable":true,"href":"https:\/\/defabrica.com.mx\/defabrica\/wp-json\/wp\/v2\/media\/79724"}],"wp:attachment":[{"href":"https:\/\/defabrica.com.mx\/defabrica\/wp-json\/wp\/v2\/media?parent=79723"}],"wp:term":[{"taxonomy":"product_brand","embeddable":true,"href":"https:\/\/defabrica.com.mx\/defabrica\/wp-json\/wp\/v2\/product_brand?post=79723"},{"taxonomy":"product_cat","embeddable":true,"href":"https:\/\/defabrica.com.mx\/defabrica\/wp-json\/wp\/v2\/product_cat?post=79723"},{"taxonomy":"product_tag","embeddable":true,"href":"https:\/\/defabrica.com.mx\/defabrica\/wp-json\/wp\/v2\/product_tag?post=79723"}],"curies":[{"name":"wp","href":"https:\/\/api.w.org\/{rel}","templated":true}]}}