{"id":79502,"date":"2022-05-22T20:42:13","date_gmt":"2022-05-23T01:42:13","guid":{"rendered":"https:\/\/defabrica.com.mx\/defabrica\/?post_type=product&#038;p=79502"},"modified":"2023-01-22T12:19:50","modified_gmt":"2023-01-22T18:19:50","slug":"apple-iphone-12-256-gb-libre-renovado-premium-2","status":"publish","type":"product","link":"https:\/\/defabrica.com.mx\/defabrica\/producto\/apple-iphone-12-256-gb-libre-renovado-premium-2\/","title":{"rendered":"Apple iPhone 12 &#8211; 256 GB &#8211; Libre &#8211; Renovado premium"},"content":{"rendered":"<div class=\"embedded-component-container lv\">\n<div id=\"shop-product-description-5026a8e6-ffe4-42cf-8656-2f012f6fb878\" class=\"None\" data-version=\"1.3.0\">\n<div class=\"shop-product-description\">\n<section class=\"align-heading-left\" data-reactroot=\"\">\n<div class=\"long-description-container body-copy \">\n<div class=\"html-fragment\">\n<div>\n<div>\n<div class=\"embedded-component-container lv\">\n<div>\n<div id=\"shop-product-description-6478c7d7-0be9-4927-8cd8-02378d2b9786\" class=\"None\" data-version=\"1.3.2\">\n<div class=\"shop-product-description\">\n<section class=\"align-heading-left\" data-reactroot=\"\">\n<div class=\"long-description-container body-copy \">\n<div class=\"html-fragment\">\n<div>\n<div>iPhone 12 para descargar pel\u00edculas sobre la marcha y transmitir videos de alta calidad.\u00b9 Pantalla Super Retina XDR de 6.1 pulgadas maravillosamente brillante.\u00b2 Ceramic Shield con 4 veces mejor rendimiento en ca\u00edda.\u00b3 Incre\u00edble fotograf\u00eda con poca luz con modo Noche en todas las c\u00e1maras. Grabaci\u00f3n, edici\u00f3n y reproducci\u00f3n de video Dolby Vision de calidad cinematogr\u00e1fica. Potente chip bi\u00f3nico A14. Y nuevos accesorios MagSafe para una conexi\u00f3n f\u00e1cil y una carga inal\u00e1mbrica m\u00e1s r\u00e1pida. Que comience la diversi\u00f3n.<\/div>\n<\/div>\n<\/div>\n<\/div>\n<\/section>\n<\/div>\n<\/div>\n<\/div>\n<\/div>\n<div class=\"embedded-component-container lv\"><\/div>\n<\/div>\n<div><\/div>\n<\/div>\n<div><\/div>\n<\/div>\n<\/div>\n<\/section>\n<\/div>\n<\/div>\n<\/div>\n<div>\n<div class=\"embedded-component-container lv\">\n<div id=\"pricing-gift-with-purchase-d0a90607-51a5-4d94-9e66-1d4f0fdb8d10\" class=\"None\" data-version=\"1.2036.8\">\n<div class=\"pricing-gift-with-purchase\">\n<div data-reactroot=\"\">\n<div class=\"pricing-price\">\n<div class=\"pricing-price lv\">\n<div class=\"gifts-with-purchase-content\"><\/div>\n<\/div>\n<\/div>\n<\/div>\n<\/div>\n<\/div>\n<\/div>\n<\/div>\n","protected":false},"excerpt":{"rendered":"<p>iPhone 12 para descargar pel\u00edculas sobre la marcha y transmitir videos de alta calidad.\u00b9 Pantalla Super Retina XDR de 6.1 pulgadas maravillosamente brillante.\u00b2 Ceramic Shield con 4 veces mejor rendimiento<\/p>\n","protected":false},"featured_media":79508,"comment_status":"open","ping_status":"closed","template":"","meta":{"_acf_changed":false,"_joinchat":[]},"product_brand":[],"product_cat":[1646,408,265,276],"product_tag":[],"class_list":{"0":"post-79502","1":"product","2":"type-product","3":"status-publish","4":"has-post-thumbnail","6":"product_cat-apple-renovados","7":"product_cat-celulares-y-tablets","8":"product_cat-celulares","9":"product_cat-todos-los-celulares","11":"first","12":"instock","13":"sale","14":"shipping-taxable","15":"purchasable","16":"product-type-simple"},"acf":[],"_links":{"self":[{"href":"https:\/\/defabrica.com.mx\/defabrica\/wp-json\/wp\/v2\/product\/79502","targetHints":{"allow":["GET"]}}],"collection":[{"href":"https:\/\/defabrica.com.mx\/defabrica\/wp-json\/wp\/v2\/product"}],"about":[{"href":"https:\/\/defabrica.com.mx\/defabrica\/wp-json\/wp\/v2\/types\/product"}],"replies":[{"embeddable":true,"href":"https:\/\/defabrica.com.mx\/defabrica\/wp-json\/wp\/v2\/comments?post=79502"}],"wp:featuredmedia":[{"embeddable":true,"href":"https:\/\/defabrica.com.mx\/defabrica\/wp-json\/wp\/v2\/media\/79508"}],"wp:attachment":[{"href":"https:\/\/defabrica.com.mx\/defabrica\/wp-json\/wp\/v2\/media?parent=79502"}],"wp:term":[{"taxonomy":"product_brand","embeddable":true,"href":"https:\/\/defabrica.com.mx\/defabrica\/wp-json\/wp\/v2\/product_brand?post=79502"},{"taxonomy":"product_cat","embeddable":true,"href":"https:\/\/defabrica.com.mx\/defabrica\/wp-json\/wp\/v2\/product_cat?post=79502"},{"taxonomy":"product_tag","embeddable":true,"href":"https:\/\/defabrica.com.mx\/defabrica\/wp-json\/wp\/v2\/product_tag?post=79502"}],"curies":[{"name":"wp","href":"https:\/\/api.w.org\/{rel}","templated":true}]}}