{"id":79490,"date":"2022-05-22T20:37:27","date_gmt":"2022-05-23T01:37:27","guid":{"rendered":"https:\/\/defabrica.com.mx\/defabrica\/?post_type=product&#038;p=79490"},"modified":"2023-01-22T12:19:15","modified_gmt":"2023-01-22T18:19:15","slug":"apple-iphone-12-256-gb-libre-renovado-premium","status":"publish","type":"product","link":"https:\/\/defabrica.com.mx\/defabrica\/producto\/apple-iphone-12-256-gb-libre-renovado-premium\/","title":{"rendered":"Apple iPhone 12 &#8211; 256 GB &#8211; Libre &#8211; Renovado premium"},"content":{"rendered":"<p>iPhone 12 para descargar pel\u00edculas sobre la marcha y transmitir videos de alta calidad.\u00b9 Pantalla Super Retina XDR de 6.1 pulgadas maravillosamente brillante.\u00b2 Ceramic Shield con 4 veces mejor rendimiento en ca\u00edda.\u00b3 Incre\u00edble fotograf\u00eda con poca luz con modo Noche en todas las c\u00e1maras. Grabaci\u00f3n, edici\u00f3n y reproducci\u00f3n de video Dolby Vision de calidad cinematogr\u00e1fica. Potente chip bi\u00f3nico A14. Y nuevos accesorios MagSafe para una conexi\u00f3n f\u00e1cil y una carga inal\u00e1mbrica m\u00e1s r\u00e1pida. Que comience la diversi\u00f3n.<\/p>\n<p>&nbsp;<\/p>\n","protected":false},"excerpt":{"rendered":"<p>iPhone 12 para descargar pel\u00edculas sobre la marcha y transmitir videos de alta calidad.\u00b9 Pantalla Super Retina XDR de 6.1 pulgadas maravillosamente brillante.\u00b2 Ceramic Shield con 4 veces mejor rendimiento<\/p>\n","protected":false},"featured_media":79497,"comment_status":"open","ping_status":"closed","template":"","meta":{"_acf_changed":false,"_joinchat":[]},"product_brand":[],"product_cat":[1646,408,265],"product_tag":[],"class_list":{"0":"post-79490","1":"product","2":"type-product","3":"status-publish","4":"has-post-thumbnail","6":"product_cat-apple-renovados","7":"product_cat-celulares-y-tablets","8":"product_cat-celulares","10":"first","11":"instock","12":"sale","13":"shipping-taxable","14":"purchasable","15":"product-type-simple"},"acf":[],"_links":{"self":[{"href":"https:\/\/defabrica.com.mx\/defabrica\/wp-json\/wp\/v2\/product\/79490","targetHints":{"allow":["GET"]}}],"collection":[{"href":"https:\/\/defabrica.com.mx\/defabrica\/wp-json\/wp\/v2\/product"}],"about":[{"href":"https:\/\/defabrica.com.mx\/defabrica\/wp-json\/wp\/v2\/types\/product"}],"replies":[{"embeddable":true,"href":"https:\/\/defabrica.com.mx\/defabrica\/wp-json\/wp\/v2\/comments?post=79490"}],"wp:featuredmedia":[{"embeddable":true,"href":"https:\/\/defabrica.com.mx\/defabrica\/wp-json\/wp\/v2\/media\/79497"}],"wp:attachment":[{"href":"https:\/\/defabrica.com.mx\/defabrica\/wp-json\/wp\/v2\/media?parent=79490"}],"wp:term":[{"taxonomy":"product_brand","embeddable":true,"href":"https:\/\/defabrica.com.mx\/defabrica\/wp-json\/wp\/v2\/product_brand?post=79490"},{"taxonomy":"product_cat","embeddable":true,"href":"https:\/\/defabrica.com.mx\/defabrica\/wp-json\/wp\/v2\/product_cat?post=79490"},{"taxonomy":"product_tag","embeddable":true,"href":"https:\/\/defabrica.com.mx\/defabrica\/wp-json\/wp\/v2\/product_tag?post=79490"}],"curies":[{"name":"wp","href":"https:\/\/api.w.org\/{rel}","templated":true}]}}