{"id":79015,"date":"2022-05-19T15:11:21","date_gmt":"2022-05-19T20:11:21","guid":{"rendered":"https:\/\/defabrica.com.mx\/defabrica\/?post_type=product&#038;p=79015"},"modified":"2022-12-28T15:17:12","modified_gmt":"2022-12-28T21:17:12","slug":"samsung-smart-tizen-tv-led-4k-uhd-de-la-serie-frame-de-50","status":"publish","type":"product","link":"https:\/\/defabrica.com.mx\/defabrica\/producto\/samsung-smart-tizen-tv-led-4k-uhd-de-la-serie-frame-de-50\/","title":{"rendered":"Samsung &#8211; Smart Tizen TV LED 4K UHD de la serie Frame de 50&#8243;"},"content":{"rendered":"<div class=\"product-description\">Obras de arte, televisi\u00f3n, pel\u00edculas y recuerdos: The Frame TV lo muestra todo en una hermosa pantalla QLED.\u00a0Cada pieza de contenido se muestra en una impresionante resoluci\u00f3n 4K y est\u00e1 acentuada por un elegante bisel personalizable que complementa a la perfecci\u00f3n la decoraci\u00f3n de su hogar.<\/div>\n<div class=\"product-description-banners-lv\">\n<div class=\"product-description-banner\" data-track=\"description-html-asset:Welcome to the Samsung Virtual Showroom.\">\n<h3><\/h3>\n<h3 class=\"heading-5 v-fw-regular feature-heading\"><strong>Caracter\u00edsticas<\/strong><\/h3>\n<div class=\"feature-body-container\">\n<div class=\"features-list-container\">\n<div class=\"features-list all-features\">\n<div class=\"list-row\">\n<ul>\n<li><strong>Procesador cu\u00e1ntico 4K<\/strong><br \/>\nEleve su imagen a 4K con IA basada en m\u00e1quina.<\/li>\n<li><strong>Tienda de arte<\/strong><br \/>\nCompra piezas individuales o suscr\u00edbete a una biblioteca con m\u00e1s de 1400 obras de artistas consagrados y emergentes \u00b9<\/li>\n<li><strong>Volumen de color al 100 % con puntos cu\u00e1nticos<\/strong><br \/>\nMil millones de tonos de colores impresionantes que se mantienen fieles\u00b2<\/li>\n<li><strong>Marco personalizable<\/strong><br \/>\nEleve su espacio para personalizar The Frame mejor\u00e1ndolo con diferentes estilos de marcos y opciones de color.\u00b3<\/li>\n<li><strong>Modo Arte<\/strong><br \/>\nThe Frame se transforma en una hermosa obra de arte cuando no est\u00e1s viendo la televisi\u00f3n. Activa el sensor de movimiento integrado para que cada vez que entres en la habitaci\u00f3n, tu televisor muestre una de tus selecciones favoritas.<\/li>\n<li><strong>Una conexi\u00f3n invisible y montaje en pared sin espacios<\/strong><br \/>\nSu televisor cuelga al ras de la pared, mientras que un solo cable delgado lo conecta todo.\u2074<\/li>\n<li><strong>HDR cu\u00e1ntico<\/strong><br \/>\nVaya m\u00e1s all\u00e1 de la HDTV con una gama ampliada de colores.<\/li>\n<li><strong>Colecci\u00f3n Samsung<\/strong><br \/>\nThe Frame incluye una galer\u00eda de arte curada profesionalmente, con cien piezas de diez g\u00e9neros diferentes.<\/li>\n<li><strong>Sensor de movimiento<\/strong><br \/>\nDetecta tu presencia, cuando est\u00e1s cerca, el sensor de movimiento detecta tu presencia y enciende la pantalla, para que puedas disfrutar de tu arte favorito mientras est\u00e1s all\u00ed. Cuando sales, se apaga para ahorrar energ\u00eda \u2075<\/li>\n<li><strong>Smart TV con la tecnolog\u00eda de Tizen TM<\/strong><br \/>\nAcceda a sus aplicaciones y servicios de transmisi\u00f3n favoritos directamente desde su televisor<\/li>\n<li><strong>60Hz<\/strong><br \/>\nNunca pierdas el ritmo con bajas tasas de retraso y desenfoque minimizado incluso en las escenas m\u00e1s r\u00e1pidas, lo que hace que estos televisores sean perfectos tanto para juegos como para experiencias cinematogr\u00e1ficas.<\/li>\n<\/ul>\n<\/div>\n<\/div>\n<\/div>\n<\/div>\n<\/div>\n<\/div>\n","protected":false},"excerpt":{"rendered":"<p>Obras de arte, televisi\u00f3n, pel\u00edculas y recuerdos: The Frame TV lo muestra todo en una hermosa pantalla QLED.\u00a0Cada pieza de contenido se muestra en una impresionante resoluci\u00f3n 4K y est\u00e1<\/p>\n","protected":false},"featured_media":78990,"comment_status":"open","ping_status":"closed","template":"","meta":{"_acf_changed":false,"_joinchat":[]},"product_brand":[],"product_cat":[336,937],"product_tag":[],"class_list":{"0":"post-79015","1":"product","2":"type-product","3":"status-publish","4":"has-post-thumbnail","6":"product_cat-hogar","7":"product_cat-pantallas","9":"first","10":"instock","11":"sale","12":"shipping-taxable","13":"purchasable","14":"product-type-simple"},"acf":[],"_links":{"self":[{"href":"https:\/\/defabrica.com.mx\/defabrica\/wp-json\/wp\/v2\/product\/79015","targetHints":{"allow":["GET"]}}],"collection":[{"href":"https:\/\/defabrica.com.mx\/defabrica\/wp-json\/wp\/v2\/product"}],"about":[{"href":"https:\/\/defabrica.com.mx\/defabrica\/wp-json\/wp\/v2\/types\/product"}],"replies":[{"embeddable":true,"href":"https:\/\/defabrica.com.mx\/defabrica\/wp-json\/wp\/v2\/comments?post=79015"}],"wp:featuredmedia":[{"embeddable":true,"href":"https:\/\/defabrica.com.mx\/defabrica\/wp-json\/wp\/v2\/media\/78990"}],"wp:attachment":[{"href":"https:\/\/defabrica.com.mx\/defabrica\/wp-json\/wp\/v2\/media?parent=79015"}],"wp:term":[{"taxonomy":"product_brand","embeddable":true,"href":"https:\/\/defabrica.com.mx\/defabrica\/wp-json\/wp\/v2\/product_brand?post=79015"},{"taxonomy":"product_cat","embeddable":true,"href":"https:\/\/defabrica.com.mx\/defabrica\/wp-json\/wp\/v2\/product_cat?post=79015"},{"taxonomy":"product_tag","embeddable":true,"href":"https:\/\/defabrica.com.mx\/defabrica\/wp-json\/wp\/v2\/product_tag?post=79015"}],"curies":[{"name":"wp","href":"https:\/\/api.w.org\/{rel}","templated":true}]}}