{"id":79005,"date":"2022-05-19T15:07:15","date_gmt":"2022-05-19T20:07:15","guid":{"rendered":"https:\/\/defabrica.com.mx\/defabrica\/?post_type=product&#038;p=79005"},"modified":"2023-01-15T12:42:18","modified_gmt":"2023-01-15T18:42:18","slug":"samsung-televisor-inteligente-tizen-q80b-qled-4k-clase-q80b-de-65","status":"publish","type":"product","link":"https:\/\/defabrica.com.mx\/defabrica\/producto\/samsung-televisor-inteligente-tizen-q80b-qled-4k-clase-q80b-de-65\/","title":{"rendered":"Samsung &#8211; Televisor inteligente Tizen Q80B QLED 4K Clase Q80B de 65\u201d"},"content":{"rendered":"<div class=\"embedded-component-container lv product-description\">\n<div>\n<div id=\"shop-product-description-37391468\" class=\"_none\" data-version=\"1.3.44\">\n<div class=\"shop-product-description\">\n<section class=\"align-heading-left\" data-reactroot=\"\">\n<div class=\"long-description-container body-copy \">\n<div class=\"html-fragment\">Del\u00e9itese con los detalles deslumbrantes del contraste audaz con este QLED 4K.\u00a0Su imagen cobra vida con negros profundos y blancos puros gracias a la retroiluminaci\u00f3n precisa de Direct Full Array.\u00a0Disfruta de todo lo que ves escalado a 4K en una gama de colores Quantum HDR 8X, junto con sonido 3D que sigue la acci\u00f3n.\u00b9 \u00b9Utiliza f\u00f3rmulas basadas en IA para escalar a resoluci\u00f3n 4K.\u00a0La imagen resultante puede variar seg\u00fan el contenido de origen.<\/div>\n<\/div>\n<\/section>\n<\/div>\n<\/div>\n<\/div>\n<\/div>\n<div class=\"embedded-component-container lv product-features\">\n<h3><\/h3>\n<h3 class=\"heading-5 v-fw-regular feature-heading\"><strong>Caracter\u00edsticas<\/strong><\/h3>\n<ul>\n<li><strong>Procesador cu\u00e1ntico con escalado 4K<\/strong><br \/>\nDisfruta de tu imagen convertida autom\u00e1ticamente a 4K impresionante por el procesador inteligente.<\/li>\n<li><strong>Matriz completa directa<\/strong><br \/>\nMire los negros profundos y los blancos brillantes que emergen de las luces LED directamente detr\u00e1s de su pantalla.\u00b9<\/li>\n<li><strong>HDR cu\u00e1ntico 12x<\/strong><br \/>\nObserve c\u00f3mo su imagen se profundiza con una incre\u00edble gama de colores inmersivos.<\/li>\n<li><strong>Dolby Atmos y sonido de seguimiento de objetos<\/strong><br \/>\nSonido que se mueve con la acci\u00f3n en pantalla.<\/li>\n<li><strong>Potenciador de profundidad real<\/strong><br \/>\nExperimente la profundidad y la dimensi\u00f3n en la pantalla tal como lo hace en la vida real.<\/li>\n<li><strong>Volumen de color al 100 % con puntos cu\u00e1nticos<\/strong><br \/>\nDisfruta de mil millones de tonos de colores brillantes al 100 % del volumen de color, que se mantienen fieles incluso en escenas brillantes.\u00b2<\/li>\n<li><strong>Calibraci\u00f3n inteligente<\/strong><br \/>\nDisfruta de tu pantalla de la manera que el director pretend\u00eda: con solo un par de clics.\u00b3<\/li>\n<li><strong>Modo de comodidad visual<\/strong><br \/>\nDel d\u00eda a la noche, la cantidad de luz azul se ajusta autom\u00e1ticamente a tus ojos.<\/li>\n<li><strong>Hub inteligente<\/strong><br \/>\nPase menos tiempo buscando y m\u00e1s tiempo transmitiendo lo que disfruta con Smart Hub.<\/li>\n<li><strong>Q-Sinfon\u00eda<\/strong><br \/>\nRod\u00e9ate del sonido de tu televisor y barra de sonido trabajando en armon\u00eda.\u2074<\/li>\n<li><strong>120HZ<\/strong><br \/>\nLos televisores Samsung cuentan con lo \u00faltimo en experiencia de entretenimiento en el hogar con mejoras de movimiento excepcionales que pr\u00e1cticamente no muestran desenfoque de movimiento en la pantalla y tasas de retraso incre\u00edblemente bajas. Las im\u00e1genes se actualizan m\u00e1s r\u00e1pido y las pel\u00edculas y los deportes llenos de acci\u00f3n se mantienen fluidos y n\u00edtidos.<\/li>\n<\/ul>\n<\/div>\n","protected":false},"excerpt":{"rendered":"<p>Del\u00e9itese con los detalles deslumbrantes del contraste audaz con este QLED 4K.\u00a0Su imagen cobra vida con negros profundos y blancos puros gracias a la retroiluminaci\u00f3n precisa de Direct Full Array.\u00a0Disfruta<\/p>\n","protected":false},"featured_media":79006,"comment_status":"open","ping_status":"closed","template":"","meta":{"_acf_changed":false,"_joinchat":[]},"product_brand":[],"product_cat":[336,937],"product_tag":[],"class_list":{"0":"post-79005","1":"product","2":"type-product","3":"status-publish","4":"has-post-thumbnail","6":"product_cat-hogar","7":"product_cat-pantallas","9":"first","10":"instock","11":"sale","12":"shipping-taxable","13":"purchasable","14":"product-type-simple"},"acf":[],"_links":{"self":[{"href":"https:\/\/defabrica.com.mx\/defabrica\/wp-json\/wp\/v2\/product\/79005","targetHints":{"allow":["GET"]}}],"collection":[{"href":"https:\/\/defabrica.com.mx\/defabrica\/wp-json\/wp\/v2\/product"}],"about":[{"href":"https:\/\/defabrica.com.mx\/defabrica\/wp-json\/wp\/v2\/types\/product"}],"replies":[{"embeddable":true,"href":"https:\/\/defabrica.com.mx\/defabrica\/wp-json\/wp\/v2\/comments?post=79005"}],"wp:featuredmedia":[{"embeddable":true,"href":"https:\/\/defabrica.com.mx\/defabrica\/wp-json\/wp\/v2\/media\/79006"}],"wp:attachment":[{"href":"https:\/\/defabrica.com.mx\/defabrica\/wp-json\/wp\/v2\/media?parent=79005"}],"wp:term":[{"taxonomy":"product_brand","embeddable":true,"href":"https:\/\/defabrica.com.mx\/defabrica\/wp-json\/wp\/v2\/product_brand?post=79005"},{"taxonomy":"product_cat","embeddable":true,"href":"https:\/\/defabrica.com.mx\/defabrica\/wp-json\/wp\/v2\/product_cat?post=79005"},{"taxonomy":"product_tag","embeddable":true,"href":"https:\/\/defabrica.com.mx\/defabrica\/wp-json\/wp\/v2\/product_tag?post=79005"}],"curies":[{"name":"wp","href":"https:\/\/api.w.org\/{rel}","templated":true}]}}