{"id":78843,"date":"2022-05-18T20:23:31","date_gmt":"2022-05-19T01:23:31","guid":{"rendered":"https:\/\/defabrica.com.mx\/defabrica\/?post_type=product&#038;p=78843"},"modified":"2023-01-15T12:22:42","modified_gmt":"2023-01-15T18:22:42","slug":"samsung-televisor-inteligente-tizen-qled-4k-class-the-frame-de-65","status":"publish","type":"product","link":"https:\/\/defabrica.com.mx\/defabrica\/producto\/samsung-televisor-inteligente-tizen-qled-4k-class-the-frame-de-65\/","title":{"rendered":"Samsung &#8211; Televisor inteligente Tizen QLED 4k Class The Frame de 65&#8243;"},"content":{"rendered":"<div class=\"embedded-component-container lv product-description\">\n<div>\n<div id=\"shop-product-description-97312841\" class=\"_none\" data-version=\"1.3.44\">\n<div class=\"shop-product-description\">\n<section class=\"align-heading-left\" data-reactroot=\"\">\n<div class=\"long-description-container body-copy \">\n<div class=\"html-fragment\">Las obras de arte, los espect\u00e1culos, las pel\u00edculas y los recuerdos muestran lo que amas en The Frame, el marco de fotos como la televisi\u00f3n.\u00a0Vea todo en el televisor QLED 4K al 100 % del volumen de color con Quantum Dot que satura su pantalla con mil millones de colores.\u00a0Active el modo Arte y transforme su televisor en su propia exhibici\u00f3n de arte personal.\u00b9 \u00b9Los televisores QLED pueden producir un volumen de color del 100 % en el espacio de color DCI P3, el formato para la mayor\u00eda de las pantallas de cine y pel\u00edculas HDR para televisi\u00f3n.<\/div>\n<\/div>\n<\/section>\n<\/div>\n<\/div>\n<\/div>\n<\/div>\n<div class=\"embedded-component-container lv product-features\">\n<h3><\/h3>\n<h3 class=\"heading-5 v-fw-regular feature-heading\"><strong>Caracter\u00edsticas<\/strong><\/h3>\n<div class=\"feature-body-container\">\n<div class=\"features-list-container\">\n<div class=\"features-list all-features\">\n<div class=\"list-row\">\n<ul>\n<li><strong>Televisor QLED 4K con 100 % de volumen de color<\/strong><br \/>\nDisfruta de mil millones de tonos de colores brillantes al 100 % del volumen de color, que se mantienen fieles incluso en escenas brillantes.\u00b9<\/li>\n<li><strong>HDR cu\u00e1ntico<\/strong><br \/>\nVaya m\u00e1s all\u00e1 de la HDTV con Quantum HDR que ofrece una gama ampliada de color y contraste.<\/li>\n<li><strong>Modo Arte<\/strong><br \/>\nDisfrute de su exposici\u00f3n de arte personal cuando no est\u00e9 viendo la televisi\u00f3n. Simplemente activa el Modo Arte.\u00b2<\/li>\n<li><strong>Anti reflejo con pantalla mate<\/strong><br \/>\nDisfrute de una mayor visibilidad de la pantalla pr\u00e1cticamente sin reflejos de luz, de d\u00eda o de noche.<\/li>\n<li><strong>Soporte de pared de ajuste delgado incluido.<\/strong><br \/>\nCuelga The Frame al ras de la pared para que parezca un marco de fotos real.\u00b3<\/li>\n<li><strong>Bisel personalizable<\/strong><br \/>\nComplementa tu estilo con el bisel personalizable para The Frame.\u2074<\/li>\n<li><strong>Tienda de arte<\/strong><br \/>\nLleva obras de arte de galer\u00edas y museos de fama mundial a tu sala de estar.\u2075<\/li>\n<li><strong>Colecci\u00f3n Samsung<\/strong><br \/>\nExhiba su propia fotograf\u00eda, retratos familiares y otros recuerdos. Simplemente cargue y disfrute.<\/li>\n<li><strong>Sensor de movimiento<\/strong><br \/>\nConfigure su arte para que se muestre cuando est\u00e9 en la habitaci\u00f3n y ap\u00e1guelo cuando no lo est\u00e9.\u2076<\/li>\n<li><strong>Smart TV con la tecnolog\u00eda de Tizen<\/strong><br \/>\nTransmita su coraz\u00f3n y disfrute de todo lo que ama con Smart TV Powered by Tizen.<\/li>\n<li><strong>120HZ<\/strong><br \/>\nLos televisores Samsung cuentan con lo \u00faltimo en experiencia de entretenimiento en el hogar con mejoras de movimiento excepcionales que pr\u00e1cticamente no muestran desenfoque de movimiento en la pantalla y tasas de retraso incre\u00edblemente bajas. Las im\u00e1genes se actualizan m\u00e1s r\u00e1pido y las pel\u00edculas y los deportes llenos de acci\u00f3n se mantienen fluidos y n\u00edtidos.<\/li>\n<\/ul>\n<\/div>\n<\/div>\n<\/div>\n<\/div>\n<\/div>\n","protected":false},"excerpt":{"rendered":"<p>Las obras de arte, los espect\u00e1culos, las pel\u00edculas y los recuerdos muestran lo que amas en The Frame, el marco de fotos como la televisi\u00f3n.\u00a0Vea todo en el televisor QLED<\/p>\n","protected":false},"featured_media":78888,"comment_status":"open","ping_status":"closed","template":"","meta":{"_acf_changed":false,"_joinchat":[]},"product_brand":[],"product_cat":[336,937],"product_tag":[],"class_list":{"0":"post-78843","1":"product","2":"type-product","3":"status-publish","4":"has-post-thumbnail","6":"product_cat-hogar","7":"product_cat-pantallas","9":"first","10":"instock","11":"sale","12":"shipping-taxable","13":"purchasable","14":"product-type-simple"},"acf":[],"_links":{"self":[{"href":"https:\/\/defabrica.com.mx\/defabrica\/wp-json\/wp\/v2\/product\/78843","targetHints":{"allow":["GET"]}}],"collection":[{"href":"https:\/\/defabrica.com.mx\/defabrica\/wp-json\/wp\/v2\/product"}],"about":[{"href":"https:\/\/defabrica.com.mx\/defabrica\/wp-json\/wp\/v2\/types\/product"}],"replies":[{"embeddable":true,"href":"https:\/\/defabrica.com.mx\/defabrica\/wp-json\/wp\/v2\/comments?post=78843"}],"wp:featuredmedia":[{"embeddable":true,"href":"https:\/\/defabrica.com.mx\/defabrica\/wp-json\/wp\/v2\/media\/78888"}],"wp:attachment":[{"href":"https:\/\/defabrica.com.mx\/defabrica\/wp-json\/wp\/v2\/media?parent=78843"}],"wp:term":[{"taxonomy":"product_brand","embeddable":true,"href":"https:\/\/defabrica.com.mx\/defabrica\/wp-json\/wp\/v2\/product_brand?post=78843"},{"taxonomy":"product_cat","embeddable":true,"href":"https:\/\/defabrica.com.mx\/defabrica\/wp-json\/wp\/v2\/product_cat?post=78843"},{"taxonomy":"product_tag","embeddable":true,"href":"https:\/\/defabrica.com.mx\/defabrica\/wp-json\/wp\/v2\/product_tag?post=78843"}],"curies":[{"name":"wp","href":"https:\/\/api.w.org\/{rel}","templated":true}]}}