{"id":78824,"date":"2022-05-18T14:11:54","date_gmt":"2022-05-18T19:11:54","guid":{"rendered":"https:\/\/defabrica.com.mx\/defabrica\/?post_type=product&#038;p=78824"},"modified":"2022-12-28T15:26:43","modified_gmt":"2022-12-28T21:26:43","slug":"samsung-televisor-inteligente-tizen-q60b-qled-4k-clase-q60b-de-50","status":"publish","type":"product","link":"https:\/\/defabrica.com.mx\/defabrica\/producto\/samsung-televisor-inteligente-tizen-q60b-qled-4k-clase-q60b-de-50\/","title":{"rendered":"Samsung &#8211; Televisor inteligente Tizen Q60B QLED 4K Clase Q60B de 50&#8243;"},"content":{"rendered":"<div class=\"embedded-component-container lv product-description\">\n<div>\n<div id=\"shop-product-description-93529988\" class=\"_none\" data-version=\"1.3.44\">\n<div class=\"shop-product-description\">\n<section class=\"align-heading-left\" data-reactroot=\"\">\n<div class=\"long-description-container body-copy \">\n<div class=\"html-fragment\">Salta al mundo del contraste audaz y los colores vivos con QLED 4K.\u00a0Juntos, los LED duales fr\u00edos y c\u00e1lidos brillan mil millones de tonos de color Quantum Dot para una imagen de aspecto natural.\u00a0Disfr\u00fatelo todo mejorado a 4K glorioso, con detalles y colores que se mantienen fieles incluso en escenas brillantes, gracias al 100 % de volumen de color.\u00b9 \u00b9Los televisores QLED pueden producir un 100 % de volumen de color en el espacio de color DCI P3, el formato para la mayor\u00eda de las pantallas de cine y Pel\u00edculas HDR para televisi\u00f3n.<\/div>\n<\/div>\n<\/section>\n<\/div>\n<\/div>\n<\/div>\n<\/div>\n<div class=\"embedded-component-container lv product-features\">\n<h3><\/h3>\n<h3 class=\"heading-5 v-fw-regular feature-heading\"><strong>Caracter\u00edsticas<\/strong><\/h3>\n<div class=\"feature-body-container\">\n<div class=\"features-list-container\">\n<div class=\"features-list all-features\">\n<div class=\"list-row\">\n<ul>\n<li><strong>Quantum Processor Lite con escalado 4K<\/strong><br \/>\nTodo en su pantalla se actualiza a una resoluci\u00f3n 4K mediante un procesador inteligente y potente.<\/li>\n<li><strong>Volumen de color al 100 % con puntos cu\u00e1nticos<\/strong><br \/>\nDisfruta de mil millones de tonos de colores brillantes al 100 % del volumen de color, que se mantienen fieles incluso en escenas brillantes.\u00b9<\/li>\n<li><strong>Doble LED<\/strong><br \/>\nDisfrute de los colores naturales de la vida real con retroiluminaci\u00f3n LED dual c\u00e1lida y fr\u00eda dedicada.<\/li>\n<li><strong>HDR cu\u00e1ntico<\/strong><br \/>\nVaya m\u00e1s all\u00e1 de la HDTV con Quantum HDR que ofrece una gama ampliada de color y contraste.<\/li>\n<li><strong>Smart TV con m\u00faltiples asistentes de voz<\/strong><br \/>\nSimplemente hable: su asistente de voz favorito est\u00e1 integrado y listo para ayudar.<\/li>\n<li><strong>Acelerador de movimiento<\/strong><br \/>\nMira c\u00f3mo la acci\u00f3n r\u00e1pida en tus pel\u00edculas, deportes y juegos se vuelve n\u00edtida y clara.<\/li>\n<li><strong>OTS Lite<\/strong><br \/>\nDescubra una experiencia de sonido 3D que pone virtualmente la acci\u00f3n a su alrededor.<\/li>\n<li><strong>Q-Sinfon\u00eda<\/strong><br \/>\nRod\u00e9ate del sonido de tu televisor y barra de sonido trabajando en armon\u00eda.\u00b2<\/li>\n<li><strong>Control remoto de celda solar<\/strong><br \/>\nControla todos tus dispositivos conectados compatibles con un control remoto sin bater\u00eda alimentado por energ\u00eda solar.\u00b3<\/li>\n<li><strong>Dise\u00f1o AirSlim<\/strong><br \/>\nEleva tu espacio con un televisor tan delgado y sin costuras, pero tan amplio.<\/li>\n<li><strong>60Hz<\/strong><br \/>\nNunca pierdas el ritmo con bajas tasas de retraso y desenfoque minimizado incluso en las escenas m\u00e1s r\u00e1pidas, lo que hace que estos televisores sean perfectos tanto para juegos como para experiencias cinematogr\u00e1ficas.<\/li>\n<\/ul>\n<\/div>\n<\/div>\n<\/div>\n<\/div>\n<\/div>\n","protected":false},"excerpt":{"rendered":"<p>Salta al mundo del contraste audaz y los colores vivos con QLED 4K.\u00a0Juntos, los LED duales fr\u00edos y c\u00e1lidos brillan mil millones de tonos de color Quantum Dot para una<\/p>\n","protected":false},"featured_media":78816,"comment_status":"open","ping_status":"closed","template":"","meta":{"_acf_changed":false,"_joinchat":[]},"product_brand":[],"product_cat":[336,937],"product_tag":[],"class_list":{"0":"post-78824","1":"product","2":"type-product","3":"status-publish","4":"has-post-thumbnail","6":"product_cat-hogar","7":"product_cat-pantallas","9":"first","10":"instock","11":"sale","12":"shipping-taxable","13":"purchasable","14":"product-type-simple"},"acf":[],"_links":{"self":[{"href":"https:\/\/defabrica.com.mx\/defabrica\/wp-json\/wp\/v2\/product\/78824","targetHints":{"allow":["GET"]}}],"collection":[{"href":"https:\/\/defabrica.com.mx\/defabrica\/wp-json\/wp\/v2\/product"}],"about":[{"href":"https:\/\/defabrica.com.mx\/defabrica\/wp-json\/wp\/v2\/types\/product"}],"replies":[{"embeddable":true,"href":"https:\/\/defabrica.com.mx\/defabrica\/wp-json\/wp\/v2\/comments?post=78824"}],"wp:featuredmedia":[{"embeddable":true,"href":"https:\/\/defabrica.com.mx\/defabrica\/wp-json\/wp\/v2\/media\/78816"}],"wp:attachment":[{"href":"https:\/\/defabrica.com.mx\/defabrica\/wp-json\/wp\/v2\/media?parent=78824"}],"wp:term":[{"taxonomy":"product_brand","embeddable":true,"href":"https:\/\/defabrica.com.mx\/defabrica\/wp-json\/wp\/v2\/product_brand?post=78824"},{"taxonomy":"product_cat","embeddable":true,"href":"https:\/\/defabrica.com.mx\/defabrica\/wp-json\/wp\/v2\/product_cat?post=78824"},{"taxonomy":"product_tag","embeddable":true,"href":"https:\/\/defabrica.com.mx\/defabrica\/wp-json\/wp\/v2\/product_tag?post=78824"}],"curies":[{"name":"wp","href":"https:\/\/api.w.org\/{rel}","templated":true}]}}