{"id":78813,"date":"2022-05-18T13:54:51","date_gmt":"2022-05-18T18:54:51","guid":{"rendered":"https:\/\/defabrica.com.mx\/defabrica\/?post_type=product&#038;p=78813"},"modified":"2022-12-28T15:28:06","modified_gmt":"2022-12-28T21:28:06","slug":"samsung-tv-inteligente-tizen-de-65-clase-q80a-serie-qled-4k-uhd","status":"publish","type":"product","link":"https:\/\/defabrica.com.mx\/defabrica\/producto\/samsung-tv-inteligente-tizen-de-65-clase-q80a-serie-qled-4k-uhd\/","title":{"rendered":"Samsung &#8211; TV inteligente Tizen de 65&#8243; Clase Q80A Serie QLED 4K UHD"},"content":{"rendered":"<div class=\"product-description\">Nada se te escapar\u00e1 con los detalles visibles precisos, incluso en las escenas m\u00e1s oscuras, y el sonido que se mueve a tu alrededor.<\/div>\n<div class=\"product-description-banners-lv\">\n<div class=\"product-description-banner\" data-track=\"description-html-asset:Welcome to the Samsung Virtual Showroom.\">\n<h3><\/h3>\n<h3 class=\"heading-5 v-fw-regular feature-heading\"><strong>Caracter\u00edsticas<\/strong><\/h3>\n<div class=\"feature-body-container\">\n<div class=\"features-list-container\">\n<div class=\"features-list all-features\">\n<div class=\"list-row\">\n<ul>\n<li><strong>Retroiluminaci\u00f3n directa de matriz completa<\/strong><br \/>\nExperimente negros profundos y blancos puros con una matriz de LED en pantalla.<\/li>\n<li><strong>Sonido de seguimiento de objetos<\/strong><br \/>\nLos parlantes dedicados que disparan hacia arriba brindan audio 3D realista con sonido que rastrea los objetos a medida que se mueven en la pantalla<\/li>\n<li><strong>Procesador cu\u00e1ntico 4K con inteligencia artificial de aprendizaje autom\u00e1tico<\/strong><br \/>\nEleve su imagen a 4K con IA basada en m\u00e1quina.<\/li>\n<li><strong>Volumen de color al 100 % con puntos cu\u00e1nticos<\/strong><br \/>\nMil millones de tonos de color que quitan el aliento. *Los televisores QLED pueden producir un volumen de color del 100 % en el espacio de color DCI-P3, el formato para la mayor\u00eda de las pantallas de cine y pel\u00edculas HDR para televisi\u00f3n.<\/li>\n<li><strong>HDR cu\u00e1ntico 12X<\/strong><br \/>\nDetalles cinem\u00e1ticos con una gama m\u00e1s amplia de colores cinem\u00e1ticos.*La gama de Quantum HDR afirma que la luminancia se basa en est\u00e1ndares de prueba internos y est\u00e1 sujeta a cambios seg\u00fan el entorno de visualizaci\u00f3n o las condiciones espec\u00edficas.<\/li>\n<li><strong>Amplio \u00e1ngulo de visi\u00f3n<\/strong><br \/>\nVea la imagen completa con colores brillantes, sin importar d\u00f3nde est\u00e9 sentado.<\/li>\n<li><strong>Imagen adaptativa<\/strong><br \/>\nExperimente una imagen perfecta que se optimiza autom\u00e1ticamente para el brillo y el contraste seg\u00fan la escena que est\u00e1 viendo y la luz ambiental que lo rodea.<\/li>\n<li><strong>Q-Sinfon\u00eda<\/strong><br \/>\nRod\u00e9ate del sonido sincronizado de tu televisor y barra de sonido, orquestado en completa armon\u00eda.<\/li>\n<li><strong>Sonido SpaceFit<\/strong><br \/>\nDisfrute de un sonido optimizado adaptado a su entorno, sin importar d\u00f3nde est\u00e9 colocado su televisor.<\/li>\n<li><strong>Motion Xcelerator Turbo+<\/strong><br \/>\nNo te pierdas ni un momento con el desenfoque minimizado y la claridad de movimiento mejorada, y captura toda la acci\u00f3n de movimiento r\u00e1pido, ya sea que est\u00e9s viendo deportes o aprovechando las nuevas capacidades de juego de \u00faltima generaci\u00f3n.<\/li>\n<li><strong>FreeSync Premium Pro<\/strong><br \/>\nDomina el juego con menos retrasos, desgarros y tartamudeos combinados con un rendimiento m\u00e1ximo, im\u00e1genes excepcionales de alto rango din\u00e1mico y baja latencia para un juego fluido y sin esfuerzo.,<\/li>\n<li><strong>PC en la televisi\u00f3n<\/strong><br \/>\nMant\u00e9ngase productivo y conecte la PC de su oficina a su televisor, o comparta la pantalla directamente desde una PC o computadora port\u00e1til cercana: todo es perfecto.<\/li>\n<li><strong>Vista m\u00faltiple<\/strong><br \/>\nMire su programa de TV favorito y refleje su tel\u00e9fono compatible al mismo tiempo, con m\u00faltiples opciones de sonido y dise\u00f1o.<\/li>\n<li><strong>M\u00faltiples asistentes de voz<\/strong><br \/>\nControla tu televisor solo con tu voz. Use Samsung Bixby, Amazon Alexa y Google Assistant integrados para cambiar f\u00e1cilmente el canal, reproducir m\u00fasica, controlar dispositivos dom\u00e9sticos inteligentes y m\u00e1s; todo lo que tiene que hacer es preguntar<\/li>\n<\/ul>\n<\/div>\n<\/div>\n<\/div>\n<\/div>\n<\/div>\n<\/div>\n","protected":false},"excerpt":{"rendered":"<p>Nada se te escapar\u00e1 con los detalles visibles precisos, incluso en las escenas m\u00e1s oscuras, y el sonido que se mueve a tu alrededor. Caracter\u00edsticas Retroiluminaci\u00f3n directa de matriz completa<\/p>\n","protected":false},"featured_media":78806,"comment_status":"open","ping_status":"closed","template":"","meta":{"_acf_changed":false,"_joinchat":[]},"product_brand":[],"product_cat":[336,937],"product_tag":[],"class_list":{"0":"post-78813","1":"product","2":"type-product","3":"status-publish","4":"has-post-thumbnail","6":"product_cat-hogar","7":"product_cat-pantallas","9":"first","10":"instock","11":"sale","12":"shipping-taxable","13":"purchasable","14":"product-type-simple"},"acf":[],"_links":{"self":[{"href":"https:\/\/defabrica.com.mx\/defabrica\/wp-json\/wp\/v2\/product\/78813","targetHints":{"allow":["GET"]}}],"collection":[{"href":"https:\/\/defabrica.com.mx\/defabrica\/wp-json\/wp\/v2\/product"}],"about":[{"href":"https:\/\/defabrica.com.mx\/defabrica\/wp-json\/wp\/v2\/types\/product"}],"replies":[{"embeddable":true,"href":"https:\/\/defabrica.com.mx\/defabrica\/wp-json\/wp\/v2\/comments?post=78813"}],"wp:featuredmedia":[{"embeddable":true,"href":"https:\/\/defabrica.com.mx\/defabrica\/wp-json\/wp\/v2\/media\/78806"}],"wp:attachment":[{"href":"https:\/\/defabrica.com.mx\/defabrica\/wp-json\/wp\/v2\/media?parent=78813"}],"wp:term":[{"taxonomy":"product_brand","embeddable":true,"href":"https:\/\/defabrica.com.mx\/defabrica\/wp-json\/wp\/v2\/product_brand?post=78813"},{"taxonomy":"product_cat","embeddable":true,"href":"https:\/\/defabrica.com.mx\/defabrica\/wp-json\/wp\/v2\/product_cat?post=78813"},{"taxonomy":"product_tag","embeddable":true,"href":"https:\/\/defabrica.com.mx\/defabrica\/wp-json\/wp\/v2\/product_tag?post=78813"}],"curies":[{"name":"wp","href":"https:\/\/api.w.org\/{rel}","templated":true}]}}