{"id":78781,"date":"2022-05-18T13:20:09","date_gmt":"2022-05-18T18:20:09","guid":{"rendered":"https:\/\/defabrica.com.mx\/defabrica\/?post_type=product&#038;p=78781"},"modified":"2022-12-10T12:19:35","modified_gmt":"2022-12-10T18:19:35","slug":"samsung-televisor-led-hd-smart-tizen-serie-m4500-de-32","status":"publish","type":"product","link":"https:\/\/defabrica.com.mx\/defabrica\/producto\/samsung-televisor-led-hd-smart-tizen-serie-m4500-de-32\/","title":{"rendered":"Samsung &#8211; Televisor LED HD Smart Tizen Serie M4500 de 32&#8243;"},"content":{"rendered":"<div class=\"product-description\">Mejore su visualizaci\u00f3n de televisi\u00f3n con este televisor inteligente Samsung.\u00a0Su resoluci\u00f3n HD de 720p proporciona im\u00e1genes claras y n\u00edtidas con colores m\u00e1s ricos, y tiene un procesador de cuatro n\u00facleos para que todo funcione sin problemas.\u00a0Este televisor inteligente Samsung de 32 pulgadas incluye el Samsung Smart Hub que se conecta sin inconvenientes al contenido en l\u00ednea, para que puedas disfrutar de m\u00e1s opciones de entretenimiento.<\/div>\n<div class=\"product-description-banners-lv\">\n<div class=\"product-description-banner\" data-track=\"description-html-asset:Welcome to the Samsung Virtual Showroom.\">\n<h3><\/h3>\n<h3 class=\"heading-5 v-fw-regular feature-heading\"><strong>Caracter\u00edsticas<\/strong><\/h3>\n<div class=\"feature-body-container\">\n<div class=\"features-list-container\">\n<div class=\"features-list all-features\">\n<div class=\"list-row\">\n<ul>\n<li><strong>Pantalla de 31,5&#8243; (medida en diagonal de esquina a esquina)<\/strong><br \/>\nUn buen tama\u00f1o para una peque\u00f1a sala de estar, dormitorio o dormitorio.<\/li>\n<li><strong>Resoluci\u00f3n de 720p para im\u00e1genes HD de calidad<\/strong><br \/>\nMire programas de televisi\u00f3n y DVD en alta definici\u00f3n.<\/li>\n<li><strong>Smart TV con acceso a servicios de transmisi\u00f3n para innumerables opciones de entretenimiento<\/strong><br \/>\nTransmita programas, pel\u00edculas, juegos y m\u00e1s con el Wi-Fi incorporado y las aplicaciones integradas del televisor.<\/li>\n<li><strong>Los televisores LED funcionan bien en todas las condiciones de iluminaci\u00f3n<\/strong><br \/>\nTambi\u00e9n ofrecen negros profundos similares al plasma y colores intensos.<\/li>\n<li><strong>Sonido de TV avanzado<\/strong><br \/>\nDos altavoces de 5W.<\/li>\n<li><strong>2 entradas HDMI para la mejor conexi\u00f3n de cine en casa<\/strong><br \/>\nHDMI de alta velocidad ofrece im\u00e1genes de hasta 720p y sonido envolvente digital en un solo cable conveniente. Cable HDMI no incluido.<\/li>\n<li><strong>1 entrada USB<\/strong><br \/>\nConecte f\u00e1cilmente su c\u00e1mara digital, videoc\u00e1mara u otro dispositivo USB.<\/li>\n<li><strong>Administre la experiencia de visualizaci\u00f3n para sus hijos<\/strong><br \/>\nEl V-chip incorporado le permite bloquear contenido en funci\u00f3n de las clasificaciones de programas y verificar las clasificaciones de programas desconocidos.<\/li>\n<\/ul>\n<\/div>\n<\/div>\n<\/div>\n<\/div>\n<\/div>\n<\/div>\n","protected":false},"excerpt":{"rendered":"<p>Mejore su visualizaci\u00f3n de televisi\u00f3n con este televisor inteligente Samsung.\u00a0Su resoluci\u00f3n HD de 720p proporciona im\u00e1genes claras y n\u00edtidas con colores m\u00e1s ricos, y tiene un procesador de cuatro n\u00facleos<\/p>\n","protected":false},"featured_media":78782,"comment_status":"open","ping_status":"closed","template":"","meta":{"_acf_changed":false,"_joinchat":[]},"product_brand":[],"product_cat":[336,937],"product_tag":[],"class_list":{"0":"post-78781","1":"product","2":"type-product","3":"status-publish","4":"has-post-thumbnail","6":"product_cat-hogar","7":"product_cat-pantallas","9":"first","10":"instock","11":"sale","12":"shipping-taxable","13":"purchasable","14":"product-type-simple"},"acf":[],"_links":{"self":[{"href":"https:\/\/defabrica.com.mx\/defabrica\/wp-json\/wp\/v2\/product\/78781","targetHints":{"allow":["GET"]}}],"collection":[{"href":"https:\/\/defabrica.com.mx\/defabrica\/wp-json\/wp\/v2\/product"}],"about":[{"href":"https:\/\/defabrica.com.mx\/defabrica\/wp-json\/wp\/v2\/types\/product"}],"replies":[{"embeddable":true,"href":"https:\/\/defabrica.com.mx\/defabrica\/wp-json\/wp\/v2\/comments?post=78781"}],"wp:featuredmedia":[{"embeddable":true,"href":"https:\/\/defabrica.com.mx\/defabrica\/wp-json\/wp\/v2\/media\/78782"}],"wp:attachment":[{"href":"https:\/\/defabrica.com.mx\/defabrica\/wp-json\/wp\/v2\/media?parent=78781"}],"wp:term":[{"taxonomy":"product_brand","embeddable":true,"href":"https:\/\/defabrica.com.mx\/defabrica\/wp-json\/wp\/v2\/product_brand?post=78781"},{"taxonomy":"product_cat","embeddable":true,"href":"https:\/\/defabrica.com.mx\/defabrica\/wp-json\/wp\/v2\/product_cat?post=78781"},{"taxonomy":"product_tag","embeddable":true,"href":"https:\/\/defabrica.com.mx\/defabrica\/wp-json\/wp\/v2\/product_tag?post=78781"}],"curies":[{"name":"wp","href":"https:\/\/api.w.org\/{rel}","templated":true}]}}