{"id":78749,"date":"2022-05-18T12:37:41","date_gmt":"2022-05-18T17:37:41","guid":{"rendered":"https:\/\/defabrica.com.mx\/defabrica\/?post_type=product&#038;p=78749"},"modified":"2022-12-10T12:17:34","modified_gmt":"2022-12-10T18:17:34","slug":"toshiba-smart-fire-tv-led-4k-uhd-serie-m550-de-65-con-manos-libres-alexa","status":"publish","type":"product","link":"https:\/\/defabrica.com.mx\/defabrica\/producto\/toshiba-smart-fire-tv-led-4k-uhd-serie-m550-de-65-con-manos-libres-alexa\/","title":{"rendered":"Toshiba &#8211; Smart Fire TV LED 4K UHD serie M550 de 65&#8243; con manos libres Alexa"},"content":{"rendered":"<div class=\"embedded-component-container lv product-description\">\n<div>\n<div id=\"shop-product-description-61211329\" class=\"_none\" data-version=\"1.3.44\">\n<div class=\"shop-product-description\">\n<section class=\"align-heading-left\" data-reactroot=\"\">\n<div class=\"long-description-container body-copy \">\n<div class=\"html-fragment\">La serie insignia M550 de Toshiba ofrece la imagen completa, el sonido y la experiencia inteligente que se espera de un fabricante de televisores premium.\u00a0Regza Engine 4K, propiedad de Toshiba, mejora el color y el contraste de la resoluci\u00f3n 4K con la tecnolog\u00eda Ultra Essential PQ y Dolby Vision HDR.\u00a0El 480 Motion Rate ayuda a admitir el modo autom\u00e1tico de baja latencia para que los juegos se vean incre\u00edbles.\u00a0El paquete de posprocesamiento DTS Virtual:X crea una atm\u00f3sfera de audio que envuelve al oyente en sonido para una experiencia verdaderamente inmersiva.<\/div>\n<\/div>\n<\/section>\n<\/div>\n<\/div>\n<\/div>\n<\/div>\n<div class=\"embedded-component-container lv product-features\">\n<h3><\/h3>\n<h3 class=\"heading-5 v-fw-regular feature-heading\"><strong>Caracter\u00edsticas<\/strong><\/h3>\n<div class=\"feature-body-container\">\n<div class=\"features-list-container\">\n<div class=\"features-list all-features\">\n<div class=\"list-row\">\n<ul>\n<li><strong>Amplia gama de colores<\/strong><br \/>\nLa amplia gama de colores ofrece un espectro de color ampliado que los televisores con paletas de colores m\u00e1s peque\u00f1as no pueden igualar, lo que proporciona una imagen m\u00e1s colorida y vibrante.<\/li>\n<li><strong>Atenuaci\u00f3n local de matriz completa<\/strong><br \/>\nEl panel de retroiluminaci\u00f3n M550 con atenuaci\u00f3n local de matriz completa. Esta tecnolog\u00eda separa los LED en \u00e1reas de iluminaci\u00f3n m\u00e1s peque\u00f1as y m\u00e1s estrictamente controladas, lo que le da al televisor m\u00e1s control sobre las partes de la imagen que necesitan m\u00e1s o menos iluminaci\u00f3n sin afectar las otras \u00e1reas.<\/li>\n<li><strong>resoluci\u00f3n 4K<\/strong><br \/>\n4 veces la resoluci\u00f3n de Full HD, cuatro veces el detalle. Con Toshiba 4K TV, puede disfrutar de im\u00e1genes claras y n\u00edtidas sin concesiones para una calidad de cine profesional totalmente inmersiva.<\/li>\n<li><strong>Velocidad de movimiento 480<\/strong><br \/>\nExperimente una claridad incre\u00edble en movimiento con un panel de 480 Motion Rate, que le brinda un movimiento suave y fluido de todo su contenido de acci\u00f3n r\u00e1pida.<\/li>\n<li><strong>DTS\u00ae Virtual: X\u2122<\/strong><br \/>\nLa tecnolog\u00eda DTS Virtual: X es un paquete de posprocesamiento avanzado escalable y vers\u00e1til que crea una experiencia de audio inmersiva al virtualizar el contenido de altura sobre los est\u00e9reos tradicionales.<\/li>\n<li><strong>televisi\u00f3n de fuego<\/strong><br \/>\nFire TV re\u00fane TV en vivo, por aire, canales de transmisi\u00f3n y sus aplicaciones favoritas en una conveniente pantalla de inicio. Es posible que se requieran suscripciones. Disponibilidad de contenido sujeta a cambios.<\/li>\n<li><strong>Presiona y pregunta a Alexa<\/strong><br \/>\nUse el Alexa Voice Remote incluido para administrar la potencia, el volumen, la navegaci\u00f3n, la reproducci\u00f3n y el cambio de entrada del televisor. O simplemente presione el bot\u00f3n del micr\u00f3fono y diga \u00abBuscar dramas\u00bb, y Alexa le mostrar\u00e1 los resultados de b\u00fasqueda de un cat\u00e1logo central de cientos de aplicaciones y canales integrados.<\/li>\n<li><strong>Modo de juego autom\u00e1tico de baja latencia<\/strong><br \/>\nDisfruta de una mejor experiencia de juego. En el modo de juego, el retraso de entrada se mejora significativamente, por lo que sus comandos desde el controlador son pr\u00e1cticamente instant\u00e1neos en la pantalla. El M550 est\u00e1 listo para todo lo que las consolas de juegos de \u00faltima generaci\u00f3n puedan ofrecerle.<\/li>\n<li><strong>Tecnolog\u00eda PQ ultra esencial<\/strong><br \/>\nEl panel Ultra HD 4K expresa una calidad de imagen cuatro veces m\u00e1s detallada en p\u00edxeles que Full HD. Regza 4K Engine optimiza cada detalle de la imagen y la salida de color para lograr una calidad de imagen &#8216;real como es&#8217; para maximizar sus emociones.<\/li>\n<li><strong>Remasterizaci\u00f3n de color<\/strong><br \/>\nLa tecnolog\u00eda Color Re-master est\u00e1 ah\u00ed para restaurar el color original de la imagen original tan natural y colorido como deber\u00eda ser.<\/li>\n<li><strong>Reconocimiento de voz de campo lejano<\/strong><br \/>\nCon los micr\u00f3fonos incorporados, puede hacer que su televisor sea la pieza central de la habitaci\u00f3n, el hogar y su d\u00eda. Puede usar su voz para acceder r\u00e1pidamente a lo que desea ver sin tocar un control remoto<\/li>\n<li><strong>Dolby Vision\u2122 HDR y HDR10+*<\/strong><br \/>\nDolby Vision HDR y HDR10+ transforman su televisor en una potencia de entretenimiento. La tecnolog\u00eda de imagen de los cines, ahora reunida en el hogar, brinda un realismo incre\u00edble que ver\u00e1, escuchar\u00e1 y sentir\u00e1 como nunca antes.<\/li>\n<li><strong>Dise\u00f1o sin bisel<\/strong><br \/>\nEl M550 est\u00e1 dise\u00f1ado con un hermoso dise\u00f1o sin marco para brindarle un \u00e1rea de pantalla m\u00e1s visible.<\/li>\n<\/ul>\n<\/div>\n<\/div>\n<\/div>\n<\/div>\n<\/div>\n","protected":false},"excerpt":{"rendered":"<p>La serie insignia M550 de Toshiba ofrece la imagen completa, el sonido y la experiencia inteligente que se espera de un fabricante de televisores premium.\u00a0Regza Engine 4K, propiedad de Toshiba,<\/p>\n","protected":false},"featured_media":78704,"comment_status":"open","ping_status":"closed","template":"","meta":{"_acf_changed":false,"_joinchat":[]},"product_brand":[],"product_cat":[336,937],"product_tag":[],"class_list":{"0":"post-78749","1":"product","2":"type-product","3":"status-publish","4":"has-post-thumbnail","6":"product_cat-hogar","7":"product_cat-pantallas","9":"first","10":"instock","11":"sale","12":"shipping-taxable","13":"purchasable","14":"product-type-simple"},"acf":[],"_links":{"self":[{"href":"https:\/\/defabrica.com.mx\/defabrica\/wp-json\/wp\/v2\/product\/78749","targetHints":{"allow":["GET"]}}],"collection":[{"href":"https:\/\/defabrica.com.mx\/defabrica\/wp-json\/wp\/v2\/product"}],"about":[{"href":"https:\/\/defabrica.com.mx\/defabrica\/wp-json\/wp\/v2\/types\/product"}],"replies":[{"embeddable":true,"href":"https:\/\/defabrica.com.mx\/defabrica\/wp-json\/wp\/v2\/comments?post=78749"}],"wp:featuredmedia":[{"embeddable":true,"href":"https:\/\/defabrica.com.mx\/defabrica\/wp-json\/wp\/v2\/media\/78704"}],"wp:attachment":[{"href":"https:\/\/defabrica.com.mx\/defabrica\/wp-json\/wp\/v2\/media?parent=78749"}],"wp:term":[{"taxonomy":"product_brand","embeddable":true,"href":"https:\/\/defabrica.com.mx\/defabrica\/wp-json\/wp\/v2\/product_brand?post=78749"},{"taxonomy":"product_cat","embeddable":true,"href":"https:\/\/defabrica.com.mx\/defabrica\/wp-json\/wp\/v2\/product_cat?post=78749"},{"taxonomy":"product_tag","embeddable":true,"href":"https:\/\/defabrica.com.mx\/defabrica\/wp-json\/wp\/v2\/product_tag?post=78749"}],"curies":[{"name":"wp","href":"https:\/\/api.w.org\/{rel}","templated":true}]}}