{"id":78696,"date":"2022-05-17T21:23:10","date_gmt":"2022-05-18T02:23:10","guid":{"rendered":"https:\/\/defabrica.com.mx\/defabrica\/?post_type=product&#038;p=78696"},"modified":"2022-12-09T14:25:28","modified_gmt":"2022-12-09T20:25:28","slug":"toshiba-smart-fire-tv-led-hd-serie-v35-de-32","status":"publish","type":"product","link":"https:\/\/defabrica.com.mx\/defabrica\/producto\/toshiba-smart-fire-tv-led-hd-serie-v35-de-32\/","title":{"rendered":"Toshiba &#8211; Smart Fire TV LED HD serie V35 de 32&#8243;"},"content":{"rendered":"<div class=\"product-description\">La serie V35 de Toshiba configura un mundo inteligente impresionante y conmovedor para su relajante experiencia visual, gracias a la constante innovaci\u00f3n de tecnolog\u00edas avanzadas.\u00a0Las im\u00e1genes realistas saltan de la pantalla con una incre\u00edble resoluci\u00f3n HD, en \u00faltima instancia, la belleza de los detalles y el color natural original.\u00a0Para una experiencia de audio m\u00e1s inmersiva, una soluci\u00f3n de posprocesamiento de audio premium aporta altura a la experiencia de entretenimiento que eleva el formato de sonido envolvente de DTS Virtual:X.<\/div>\n<div class=\"product-description-banners-lv\">\n<div class=\"product-description-banner\" data-track=\"description-html-asset:Find the perfect TV.\">\n<h3><\/h3>\n<h3 class=\"heading-5 v-fw-regular feature-heading\"><strong>Caracter\u00edsticas<\/strong><\/h3>\n<div class=\"feature-body-container\">\n<div class=\"features-list-container\">\n<div class=\"features-list all-features\">\n<div class=\"list-row\">\n<ul>\n<li><strong>fuegoTV<\/strong><br \/>\nFire TV re\u00fane TV en vivo, por aire, canales de transmisi\u00f3n y sus aplicaciones favoritas en una conveniente pantalla de inicio. Es posible que se requieran suscripciones. Disponibilidad de contenido sujeta a cambios.<\/li>\n<li><strong>Presiona y pregunta a Alexa<\/strong><br \/>\nUse el Alexa Voice Remote incluido para administrar la potencia, el volumen, la navegaci\u00f3n, la reproducci\u00f3n y el cambio de entrada del televisor. O simplemente presione el bot\u00f3n del micr\u00f3fono y diga \u00abBuscar dramas\u00bb, y Alexa le mostrar\u00e1 los resultados de b\u00fasqueda de un cat\u00e1logo central de cientos de aplicaciones y canales integrados.<\/li>\n<li><strong>Entretenimiento sin fin<\/strong><br \/>\nMira m\u00e1s de 500 000 pel\u00edculas y episodios de TV en streaming con acceso a decenas de miles de canales, aplicaciones y habilidades de Alexa.<\/li>\n<li><strong>Accede a tu contenido favorito<\/strong><br \/>\nFire TV Edition integra a la perfecci\u00f3n TV en vivo por aire y canales de transmisi\u00f3n en una pantalla de inicio unificada.<\/li>\n<li><strong>DTS\u00ae Virtual: X\u2122<\/strong><br \/>\nLa tecnolog\u00eda DTS Virtual:X es un paquete de posprocesamiento avanzado escalable y vers\u00e1til que crea una experiencia de audio inmersiva al virtualizar el contenido de altura sobre los est\u00e9reos tradicionales.<\/li>\n<li><strong>Dise\u00f1o sin bisel<\/strong><br \/>\nEl V35 est\u00e1 dise\u00f1ado con un magn\u00edfico dise\u00f1o sin marco para brindarle un \u00e1rea de pantalla m\u00e1s visible.<\/li>\n<li><strong>resoluci\u00f3n de alta definici\u00f3n<\/strong><br \/>\nCon la serie Toshiba V35, puede disfrutar de im\u00e1genes claras y n\u00edtidas sin concesiones para una calidad de cine profesional totalmente inmersiva.<\/li>\n<li><strong>Tasa de movimiento 120<\/strong><br \/>\nNo se esfuerce por mantener la vista en la pelota: disfrute de deportes, pel\u00edculas y juegos de ritmo r\u00e1pido sin retrasos. El procesamiento de im\u00e1genes Motion Rate mantiene la emoci\u00f3n al hacer que sea f\u00e1cil seguir la acci\u00f3n de movimiento r\u00e1pido.<\/li>\n<li><strong>Dise\u00f1ado en Jap\u00f3n<\/strong><br \/>\nToshiba TV sigue la filosof\u00eda de \u00abBelleza esencial\u00bb, que se basa en las l\u00edneas horizontales y verticales del espacio habitable. Hace que la sala de estar se vea elegante al fusionarse con su entorno.<\/li>\n<\/ul>\n<\/div>\n<\/div>\n<\/div>\n<\/div>\n<\/div>\n<\/div>\n","protected":false},"excerpt":{"rendered":"<p>La serie V35 de Toshiba configura un mundo inteligente impresionante y conmovedor para su relajante experiencia visual, gracias a la constante innovaci\u00f3n de tecnolog\u00edas avanzadas.\u00a0Las im\u00e1genes realistas saltan de la<\/p>\n","protected":false},"featured_media":78701,"comment_status":"open","ping_status":"closed","template":"","meta":{"_acf_changed":false,"_joinchat":[]},"product_brand":[],"product_cat":[336,937],"product_tag":[],"class_list":{"0":"post-78696","1":"product","2":"type-product","3":"status-publish","4":"has-post-thumbnail","6":"product_cat-hogar","7":"product_cat-pantallas","9":"first","10":"instock","11":"sale","12":"shipping-taxable","13":"purchasable","14":"product-type-simple"},"acf":[],"_links":{"self":[{"href":"https:\/\/defabrica.com.mx\/defabrica\/wp-json\/wp\/v2\/product\/78696","targetHints":{"allow":["GET"]}}],"collection":[{"href":"https:\/\/defabrica.com.mx\/defabrica\/wp-json\/wp\/v2\/product"}],"about":[{"href":"https:\/\/defabrica.com.mx\/defabrica\/wp-json\/wp\/v2\/types\/product"}],"replies":[{"embeddable":true,"href":"https:\/\/defabrica.com.mx\/defabrica\/wp-json\/wp\/v2\/comments?post=78696"}],"wp:featuredmedia":[{"embeddable":true,"href":"https:\/\/defabrica.com.mx\/defabrica\/wp-json\/wp\/v2\/media\/78701"}],"wp:attachment":[{"href":"https:\/\/defabrica.com.mx\/defabrica\/wp-json\/wp\/v2\/media?parent=78696"}],"wp:term":[{"taxonomy":"product_brand","embeddable":true,"href":"https:\/\/defabrica.com.mx\/defabrica\/wp-json\/wp\/v2\/product_brand?post=78696"},{"taxonomy":"product_cat","embeddable":true,"href":"https:\/\/defabrica.com.mx\/defabrica\/wp-json\/wp\/v2\/product_cat?post=78696"},{"taxonomy":"product_tag","embeddable":true,"href":"https:\/\/defabrica.com.mx\/defabrica\/wp-json\/wp\/v2\/product_tag?post=78696"}],"curies":[{"name":"wp","href":"https:\/\/api.w.org\/{rel}","templated":true}]}}