{"id":78660,"date":"2022-05-17T16:02:24","date_gmt":"2022-05-17T21:02:24","guid":{"rendered":"https:\/\/defabrica.com.mx\/defabrica\/?post_type=product&#038;p=78660"},"modified":"2022-12-09T14:22:44","modified_gmt":"2022-12-09T20:22:44","slug":"hisense-smart-google-tv-led-4k-uhd-serie-a6-de-50","status":"publish","type":"product","link":"https:\/\/defabrica.com.mx\/defabrica\/producto\/hisense-smart-google-tv-led-4k-uhd-serie-a6-de-50\/","title":{"rendered":"Hisense &#8211; Smart Google TV LED 4K UHD serie A6 de 50&#8243;"},"content":{"rendered":"<div class=\"embedded-component-container lv product-description\">\n<div>\n<div id=\"shop-product-description-53658393\" class=\"_none\" data-version=\"1.3.44\">\n<div class=\"shop-product-description\">\n<section class=\"align-heading-left\" data-reactroot=\"\">\n<div class=\"long-description-container body-copy \">\n<div class=\"html-fragment\">La serie Hisense A6 2022 agrega m\u00e1s mejoras en la calidad de imagen y una actualizaci\u00f3n del sistema operativo para el ajuste perfecto de 4K para los consumidores que buscan opciones y asequibilidad.\u00a0Agregar el modo FilmMaker reproduce el contenido de la pel\u00edcula de la forma en que el director lo pens\u00f3 originalmente y agregar el modo Game Plus con frecuencia de actualizaci\u00f3n variable a 4K 60 Hz y modo autom\u00e1tico de baja latencia mantiene a la serie A6 al ritmo de las consolas de juegos de pr\u00f3xima generaci\u00f3n.\u00a0La serie A6 tambi\u00e9n mantiene la tecnolog\u00eda de audio DTS Virtual:X y Chromecast incorporado para capacidades de transmisi\u00f3n de audio y video m\u00e1s completas.\u00a0Estos avances est\u00e1n disponibles en todos los tama\u00f1os y posicionan a la serie A6 como el televisor Hisense ideal para el ajuste perfecto de 4K.<\/div>\n<\/div>\n<\/section>\n<\/div>\n<\/div>\n<\/div>\n<\/div>\n<div class=\"embedded-component-container lv product-features\">\n<h3><\/h3>\n<h3 class=\"heading-5 v-fw-regular feature-heading\"><strong>Caracter\u00edsticas<\/strong><\/h3>\n<div class=\"feature-body-container\">\n<div class=\"features-list-container\">\n<div class=\"features-list all-features\">\n<div class=\"list-row\">\n<ul>\n<li><strong>4K Ultra HD<\/strong><br \/>\nDisfruta de impresionantes pel\u00edculas y programas de TV 4K con una resoluci\u00f3n 4 veces superior a Full HD y mejora tu contenido actual a una calidad de imagen de nivel Ultra HD.<\/li>\n<li><strong>Google TV<\/strong><br \/>\nEl entretenimiento que amas. Con un poco de ayuda de Google. Google TV re\u00fane pel\u00edculas, programas, TV en vivo y m\u00e1s de todas tus aplicaciones y suscripciones y los organiza solo para ti.<\/li>\n<li><strong>Dolby Vision HDR y HDR10<\/strong><br \/>\nLa tecnolog\u00eda visual innovadora, Dolby Vision, da vida a los personajes con sombras m\u00e1s oscuras, brillos m\u00e1s brillantes y una gama de colores notable que no puede obtener en ning\u00fan otro lugar. HDR10 es un formato HDR que ofrece contenido HDR a trav\u00e9s de se\u00f1ales inal\u00e1mbricas compatibles.<\/li>\n<li><strong>Modo de juego Plus<\/strong><br \/>\nGame Mode Plus es una colecci\u00f3n de tecnolog\u00edas que se unen para crear una experiencia de juego din\u00e1mica. Un panel de 60 Hz, frecuencia de actualizaci\u00f3n variable y modo autom\u00e1tico de baja latencia aseguran que el televisor pueda manejar los rigores de las consolas de juegos de pr\u00f3xima generaci\u00f3n.<\/li>\n<li><strong>Juego Dolby Vision<\/strong><br \/>\nEste televisor puede admitir Dolby Vision para juegos a 4k 60Hz.<\/li>\n<li><strong>Modo deportivo<\/strong><br \/>\nCon los ajustes preestablecidos del modo deportivo, el televisor se ajusta autom\u00e1ticamente para optimizar el contenido deportivo. El movimiento es m\u00e1s fluido y el color se ajusta para brindar la mejor experiencia deportiva de la que es capaz el televisor.<\/li>\n<li><strong>Asistente de Google<\/strong><br \/>\nPresione el bot\u00f3n Asistente de Google en su control remoto para hacer m\u00e1s en su televisor con su voz. P\u00eddele a Google que busque los \u00faltimos \u00e9xitos de taquilla, transmite programas o abre juegos multijugador. Haga que aten\u00fae las luces conectando dispositivos dom\u00e9sticos inteligentes. Gestiona tareas y consulta tu calendario.<\/li>\n<li><strong>Chromecast integrado<\/strong><br \/>\nPase de su tel\u00e9fono, tableta o computadora port\u00e1til a su televisor en un instante. Con Chromecast integrado, puede transmitir todas sus pel\u00edculas, programas, aplicaciones, juegos favoritos y m\u00e1s directamente a su televisor.<\/li>\n<li><strong>EDE virtual: X<\/strong><br \/>\nEste paquete de posprocesamiento avanzado escalable y vers\u00e1til crea un audio inmersivo al virtualizar el contenido de altura sobre los est\u00e9reos tradicionales.<\/li>\n<li><strong>Control remoto de voz<\/strong><br \/>\nCon el control remoto por voz, puede abrir aplicaciones, ajustar el volumen y buscar sus programas favoritos usando su voz. Simplemente presione el bot\u00f3n Asistente de Google en su control remoto para hablar con Google.<\/li>\n<li><strong>Conectividad Bluetooth<\/strong><br \/>\nConecte de forma inal\u00e1mbrica una barra de sonido compatible, auriculares o componentes est\u00e9reo a su televisor. Entonces s\u00fabelo. Parece que tus listas de reproducci\u00f3n favoritas suenan mejor.<\/li>\n<\/ul>\n<\/div>\n<\/div>\n<\/div>\n<\/div>\n<\/div>\n","protected":false},"excerpt":{"rendered":"<p>La serie Hisense A6 2022 agrega m\u00e1s mejoras en la calidad de imagen y una actualizaci\u00f3n del sistema operativo para el ajuste perfecto de 4K para los consumidores que buscan<\/p>\n","protected":false},"featured_media":78652,"comment_status":"open","ping_status":"closed","template":"","meta":{"_acf_changed":false,"_joinchat":[]},"product_brand":[],"product_cat":[336,937],"product_tag":[],"class_list":{"0":"post-78660","1":"product","2":"type-product","3":"status-publish","4":"has-post-thumbnail","6":"product_cat-hogar","7":"product_cat-pantallas","9":"first","10":"instock","11":"sale","12":"shipping-taxable","13":"purchasable","14":"product-type-simple"},"acf":[],"_links":{"self":[{"href":"https:\/\/defabrica.com.mx\/defabrica\/wp-json\/wp\/v2\/product\/78660","targetHints":{"allow":["GET"]}}],"collection":[{"href":"https:\/\/defabrica.com.mx\/defabrica\/wp-json\/wp\/v2\/product"}],"about":[{"href":"https:\/\/defabrica.com.mx\/defabrica\/wp-json\/wp\/v2\/types\/product"}],"replies":[{"embeddable":true,"href":"https:\/\/defabrica.com.mx\/defabrica\/wp-json\/wp\/v2\/comments?post=78660"}],"wp:featuredmedia":[{"embeddable":true,"href":"https:\/\/defabrica.com.mx\/defabrica\/wp-json\/wp\/v2\/media\/78652"}],"wp:attachment":[{"href":"https:\/\/defabrica.com.mx\/defabrica\/wp-json\/wp\/v2\/media?parent=78660"}],"wp:term":[{"taxonomy":"product_brand","embeddable":true,"href":"https:\/\/defabrica.com.mx\/defabrica\/wp-json\/wp\/v2\/product_brand?post=78660"},{"taxonomy":"product_cat","embeddable":true,"href":"https:\/\/defabrica.com.mx\/defabrica\/wp-json\/wp\/v2\/product_cat?post=78660"},{"taxonomy":"product_tag","embeddable":true,"href":"https:\/\/defabrica.com.mx\/defabrica\/wp-json\/wp\/v2\/product_tag?post=78660"}],"curies":[{"name":"wp","href":"https:\/\/api.w.org\/{rel}","templated":true}]}}