{"id":78613,"date":"2022-05-17T15:25:23","date_gmt":"2022-05-17T20:25:23","guid":{"rendered":"https:\/\/defabrica.com.mx\/defabrica\/?post_type=product&#038;p=78613"},"modified":"2023-01-15T12:09:38","modified_gmt":"2023-01-15T18:09:38","slug":"hisense-televisor-inteligente-roku-led-4k-uhd-serie-r6g-de-50","status":"publish","type":"product","link":"https:\/\/defabrica.com.mx\/defabrica\/producto\/hisense-televisor-inteligente-roku-led-4k-uhd-serie-r6g-de-50\/","title":{"rendered":"Hisense &#8211; Televisor inteligente Roku LED 4K UHD serie R6G de 50&#8243;"},"content":{"rendered":"<div class=\"embedded-component-container lv product-description\">\n<div>\n<div id=\"shop-product-description-74989093\" class=\"_none\" data-version=\"1.3.44\">\n<div class=\"shop-product-description\">\n<section class=\"align-heading-left\" data-reactroot=\"\">\n<div class=\"long-description-container body-copy \">\n<div class=\"html-fragment\">La serie Hisense Roku TV R6 incluye detalles incre\u00edbles en una imagen de ultra alta definici\u00f3n 4K.\u00a0La serie R6 tambi\u00e9n cuenta con High Dynamic Range (HDR) que aumenta el color y el contraste, y la tecnolog\u00eda Motion Rate 120 que facilita el seguimiento de escenas de acci\u00f3n r\u00e1pida.\u00a0Adem\u00e1s, con el sistema operativo (SO) Roku TV, es m\u00e1s f\u00e1cil ver lo que amas con acceso a miles de canales de transmisi\u00f3n, aplicaciones y TV en vivo.\u00a0Dar a todos en el hogar algo para disfrutar.<\/div>\n<\/div>\n<\/section>\n<\/div>\n<\/div>\n<\/div>\n<\/div>\n<div class=\"embedded-component-container lv product-features\">\n<h3><\/h3>\n<h3 class=\"heading-5 v-fw-regular feature-heading\"><strong>Caracter\u00edsticas<\/strong><\/h3>\n<div class=\"feature-body-container\">\n<div class=\"features-list-container\">\n<div class=\"features-list all-features\">\n<div class=\"list-row\">\n<ul>\n<li><strong>4K ultra HD<\/strong><br \/>\nOfrece m\u00e1s de cuatro veces la resoluci\u00f3n de una pantalla normal de alta definici\u00f3n de 1080p. Junto con m\u00e1s de 8,3 millones de p\u00edxeles, en el interior encontrar\u00e1 una potente retroiluminaci\u00f3n LED de matriz completa que crea una imagen m\u00e1s n\u00edtida y colorida.<\/li>\n<li><strong>Sistema operativo Roku TV<\/strong><br \/>\nReloj. Arroyo. Jugar. Escucha. Re\u00edr. Repetir. Rel\u00e1jese y disfrute de la transmisi\u00f3n de pel\u00edculas y episodios de TV, adem\u00e1s de la transmisi\u00f3n en vivo de noticias, TV, deportes y m\u00e1s, a trav\u00e9s de miles de canales gratuitos y de pago. Comienza a transmitir tus programas favoritos. Acceda a su decodificador de cable o antena HDTV.<\/li>\n<li><strong>Dolby Vision\u2122 HDR y HDR10*<\/strong><br \/>\nDolby Vision HDR y HDR10 transforman su televisor en una potencia de entretenimiento. La tecnolog\u00eda de imagen de los cines proporciona un realismo sorprendente que ver\u00e1, escuchar\u00e1 y sentir\u00e1 como nunca antes.<\/li>\n<li><strong>Tasa de movimiento 120<\/strong><br \/>\nNo se esfuerce por mantener la vista en la pelota: disfrute de deportes, pel\u00edculas y juegos 4K de ritmo r\u00e1pido sin retrasos. Con la tecnolog\u00eda de procesamiento de im\u00e1genes Motion Rate, la serie R6 mantiene la emoci\u00f3n al hacer que sea f\u00e1cil seguir la acci\u00f3n de movimiento r\u00e1pido.<\/li>\n<li><strong>Modo de juego autom\u00e1tico de baja latencia<\/strong><br \/>\nDisfruta de una mejor experiencia de juego. En el modo de juego, el retraso de entrada se mejora significativamente, por lo que sus comandos desde el controlador son pr\u00e1cticamente instant\u00e1neos en la pantalla.<\/li>\n<li><strong>Funciona con Alexa<\/strong><br \/>\nAcceda r\u00e1pidamente al entretenimiento y controle su televisor con un dispositivo Alexa que ya posee. Con el toque de su o un simple comando de voz, encienda y apague el televisor, cambie de canal y mucho m\u00e1s.<\/li>\n<li><strong>Funciona con el Asistente de Google<\/strong><br \/>\nAccede r\u00e1pidamente al entretenimiento. Con el toque de su control remoto o aplicaci\u00f3n m\u00f3vil ROKU, o un simple comando de voz, puede tomar el control de su hogar inteligente, encender y apagar el televisor, cambiar canales y mucho m\u00e1s.<\/li>\n<li><strong>Funciona con Apple HomeKit<\/strong><br \/>\nEl R6G permite a las personas controlar de forma segura los accesorios Apple HomeKit conectados en sus hogares.<\/li>\n<li><strong>Dise\u00f1o sin bisel<\/strong><br \/>\nEl R6 est\u00e1 dise\u00f1ado con un hermoso dise\u00f1o sin marco para brindarle un \u00e1rea de pantalla m\u00e1s visible.<\/li>\n<\/ul>\n<\/div>\n<\/div>\n<\/div>\n<\/div>\n<\/div>\n","protected":false},"excerpt":{"rendered":"<p>La serie Hisense Roku TV R6 incluye detalles incre\u00edbles en una imagen de ultra alta definici\u00f3n 4K.\u00a0La serie R6 tambi\u00e9n cuenta con High Dynamic Range (HDR) que aumenta el color<\/p>\n","protected":false},"featured_media":78615,"comment_status":"open","ping_status":"closed","template":"","meta":{"_acf_changed":false,"_joinchat":[]},"product_brand":[],"product_cat":[336,937],"product_tag":[],"class_list":{"0":"post-78613","1":"product","2":"type-product","3":"status-publish","4":"has-post-thumbnail","6":"product_cat-hogar","7":"product_cat-pantallas","9":"first","10":"instock","11":"sale","12":"shipping-taxable","13":"purchasable","14":"product-type-simple"},"acf":[],"_links":{"self":[{"href":"https:\/\/defabrica.com.mx\/defabrica\/wp-json\/wp\/v2\/product\/78613","targetHints":{"allow":["GET"]}}],"collection":[{"href":"https:\/\/defabrica.com.mx\/defabrica\/wp-json\/wp\/v2\/product"}],"about":[{"href":"https:\/\/defabrica.com.mx\/defabrica\/wp-json\/wp\/v2\/types\/product"}],"replies":[{"embeddable":true,"href":"https:\/\/defabrica.com.mx\/defabrica\/wp-json\/wp\/v2\/comments?post=78613"}],"wp:featuredmedia":[{"embeddable":true,"href":"https:\/\/defabrica.com.mx\/defabrica\/wp-json\/wp\/v2\/media\/78615"}],"wp:attachment":[{"href":"https:\/\/defabrica.com.mx\/defabrica\/wp-json\/wp\/v2\/media?parent=78613"}],"wp:term":[{"taxonomy":"product_brand","embeddable":true,"href":"https:\/\/defabrica.com.mx\/defabrica\/wp-json\/wp\/v2\/product_brand?post=78613"},{"taxonomy":"product_cat","embeddable":true,"href":"https:\/\/defabrica.com.mx\/defabrica\/wp-json\/wp\/v2\/product_cat?post=78613"},{"taxonomy":"product_tag","embeddable":true,"href":"https:\/\/defabrica.com.mx\/defabrica\/wp-json\/wp\/v2\/product_tag?post=78613"}],"curies":[{"name":"wp","href":"https:\/\/api.w.org\/{rel}","templated":true}]}}