{"id":78519,"date":"2022-05-17T13:53:36","date_gmt":"2022-05-17T18:53:36","guid":{"rendered":"https:\/\/defabrica.com.mx\/defabrica\/?post_type=product&#038;p=78519"},"modified":"2023-01-15T12:05:13","modified_gmt":"2023-01-15T18:05:13","slug":"hisense-televisor-inteligente-android-4k-uhd-led-serie-a6g-de-70","status":"publish","type":"product","link":"https:\/\/defabrica.com.mx\/defabrica\/producto\/hisense-televisor-inteligente-android-4k-uhd-led-serie-a6g-de-70\/","title":{"rendered":"Hisense &#8211; Televisor inteligente Android 4K UHD LED serie A6G de 70&#8243;"},"content":{"rendered":"<div class=\"product-description\">La serie A6G.\u00a0Demostrando que las cosas buenas tambi\u00e9n vienen en paquetes grandes.\u00a0Elige entre pantallas de 75\u201d, 70\u201d, 65\u201d, 60\u201d, 55\u201d, 50\u201d y 43\u201d.\u00a0Para una calidad de imagen 4K UHD, en el tama\u00f1o perfecto para tu espacio.\u00a0Con Android TV, puedes descubrir m\u00e1s de 700 000 pel\u00edculas y programas en un solo lugar.\u00a0P\u00eddele a Google que controle tu televisor con tu voz.\u00a0Y transmita sus fotos, videos y m\u00fasica desde dispositivos a su televisor f\u00e1cilmente con Chromecast incorporado \u2122.\u00a0Agregue a eso Dolby Vision HDR y el modo de juego autom\u00e1tico de baja latencia.\u00a0O como lo llamamos, un gran televisor.<\/div>\n<div class=\"product-description-banners-lv\">\n<div class=\"product-description-banner\" data-track=\"description-html-asset:Find the perfect TV.\">\n<h3><\/h3>\n<h3 class=\"heading-5 v-fw-regular feature-heading\"><strong>Caracter\u00edsticas<\/strong><\/h3>\n<div class=\"feature-body-container\">\n<div class=\"features-list-container\">\n<div class=\"features-list all-features\">\n<div class=\"list-row\">\n<ul>\n<li><strong>4K Ultra HD<\/strong><br \/>\nEl hermano m\u00e1s grande y m\u00e1s guapo de 1080p. Tiene cuatro veces la resoluci\u00f3n de una pantalla Full HD normal, junto con 8,3 millones de p\u00edxeles y una retroiluminaci\u00f3n LED de matriz completa que crea una imagen m\u00e1s n\u00edtida y colorida.<\/li>\n<li><strong>Dolby Vision\u2122 HDR y HDR10<\/strong><br \/>\nTecnolog\u00eda de cine para tu hogar. Estamos hablando de m\u00e1s detalles en las sombras, reflejos visiblemente m\u00e1s claros y colores dram\u00e1ticamente m\u00e1s vibrantes. Muy bueno, es un producto HDR certificado por Dolby Laboratories.<\/li>\n<li><strong>televisor android<\/strong><br \/>\nPersonaliza la pantalla de inicio de tu Android TV para mostrar tus aplicaciones, programas y pel\u00edculas favoritas. Cuente el \u00faltimo episodio, contin\u00fae donde lo dej\u00f3 o salte a un nuevo programa en su aplicaci\u00f3n de inicio en muy poco tiempo.<\/li>\n<li><strong>Modo autom\u00e1tico de baja latencia<\/strong><br \/>\n\u00bfQui\u00e9n quiere ajustar la configuraci\u00f3n de su televisor para jugar? No nosotros y estamos adivinando no usted. Afortunadamente, el modo autom\u00e1tico de baja latencia lo hace todo por ti. Por lo tanto, obtiene autom\u00e1ticamente un juego fluido e ininterrumpido. Sin retrasos sin esfuerzo.<\/li>\n<li><strong>Chromecast integrado<\/strong><br \/>\nPase de su tel\u00e9fono, tableta o computadora port\u00e1til a su televisor en un instante. Con Chromecast integrado, puede transmitir todas sus pel\u00edculas, programas, aplicaciones, juegos favoritos y m\u00e1s directamente a su televisor.<\/li>\n<li><strong>Control remoto de voz<\/strong><br \/>\nCon el control remoto por voz, puede abrir aplicaciones, ajustar el volumen y buscar sus programas favoritos usando su voz. Simplemente presione el bot\u00f3n Asistente de Google en su control remoto para hablar con Google.<\/li>\n<li><strong>DTS\u00ae Virtual: X\u2122<\/strong><br \/>\nEste paquete de posprocesamiento avanzado escalable y vers\u00e1til crea un audio inmersivo al virtualizar el contenido de altura sobre los est\u00e9reos tradicionales.<\/li>\n<\/ul>\n<\/div>\n<\/div>\n<\/div>\n<\/div>\n<\/div>\n<\/div>\n","protected":false},"excerpt":{"rendered":"<p>La serie A6G.\u00a0Demostrando que las cosas buenas tambi\u00e9n vienen en paquetes grandes.\u00a0Elige entre pantallas de 75\u201d, 70\u201d, 65\u201d, 60\u201d, 55\u201d, 50\u201d y 43\u201d.\u00a0Para una calidad de imagen 4K UHD, en<\/p>\n","protected":false},"featured_media":78521,"comment_status":"open","ping_status":"closed","template":"","meta":{"_acf_changed":false,"_joinchat":[]},"product_brand":[],"product_cat":[336,937],"product_tag":[],"class_list":{"0":"post-78519","1":"product","2":"type-product","3":"status-publish","4":"has-post-thumbnail","6":"product_cat-hogar","7":"product_cat-pantallas","9":"first","10":"instock","11":"sale","12":"shipping-taxable","13":"purchasable","14":"product-type-simple"},"acf":[],"_links":{"self":[{"href":"https:\/\/defabrica.com.mx\/defabrica\/wp-json\/wp\/v2\/product\/78519","targetHints":{"allow":["GET"]}}],"collection":[{"href":"https:\/\/defabrica.com.mx\/defabrica\/wp-json\/wp\/v2\/product"}],"about":[{"href":"https:\/\/defabrica.com.mx\/defabrica\/wp-json\/wp\/v2\/types\/product"}],"replies":[{"embeddable":true,"href":"https:\/\/defabrica.com.mx\/defabrica\/wp-json\/wp\/v2\/comments?post=78519"}],"wp:featuredmedia":[{"embeddable":true,"href":"https:\/\/defabrica.com.mx\/defabrica\/wp-json\/wp\/v2\/media\/78521"}],"wp:attachment":[{"href":"https:\/\/defabrica.com.mx\/defabrica\/wp-json\/wp\/v2\/media?parent=78519"}],"wp:term":[{"taxonomy":"product_brand","embeddable":true,"href":"https:\/\/defabrica.com.mx\/defabrica\/wp-json\/wp\/v2\/product_brand?post=78519"},{"taxonomy":"product_cat","embeddable":true,"href":"https:\/\/defabrica.com.mx\/defabrica\/wp-json\/wp\/v2\/product_cat?post=78519"},{"taxonomy":"product_tag","embeddable":true,"href":"https:\/\/defabrica.com.mx\/defabrica\/wp-json\/wp\/v2\/product_tag?post=78519"}],"curies":[{"name":"wp","href":"https:\/\/api.w.org\/{rel}","templated":true}]}}