{"id":78512,"date":"2022-05-17T13:48:07","date_gmt":"2022-05-17T18:48:07","guid":{"rendered":"https:\/\/defabrica.com.mx\/defabrica\/?post_type=product&#038;p=78512"},"modified":"2022-12-09T14:15:08","modified_gmt":"2022-12-09T20:15:08","slug":"hisense-televisor-uled-4k-quantum-serie-u8g-de-55-con-android-tv","status":"publish","type":"product","link":"https:\/\/defabrica.com.mx\/defabrica\/producto\/hisense-televisor-uled-4k-quantum-serie-u8g-de-55-con-android-tv\/","title":{"rendered":"Hisense &#8211; Televisor ULED 4K Quantum serie U8G de 55&#8243; con Android TV"},"content":{"rendered":"<div class=\"product-description\">Comencemos con un resumen r\u00e1pido.\u00a0Este es el mejor televisor completo.\u00a0Manos abajo.\u00a0Pel\u00edculas, juegos, deportes&#8230; manejar\u00e1 cualquier cosa que le arrojes y se ver\u00e1 genial haci\u00e9ndolo (trata de no tirar cosas, es solo una forma de hablar).\u00a0No sorprende que tenga resoluci\u00f3n 4K, Quantum Dot Color, Dolby Vision HDR, panel nativo de 120 Hz, zonas de atenuaci\u00f3n local de matriz completa, panel antirreflejo y un potente brillo m\u00e1ximo de 1500 nit.\u00a0\u00bfQu\u00e9 significa todo eso?\u00a0Es como contemplar el sol fundi\u00e9ndose en el mar Mediterr\u00e1neo desde los bares m\u00e1s cool de Ibiza.\u00a0Pero sentado en tu sof\u00e1.\u00a0En casa.\u00a0Luego, para los juegos, agregamos Frecuencia de actualizaci\u00f3n variable, Modo autom\u00e1tico de baja latencia y FreeSync Premium para aprovechar al m\u00e1ximo las plataformas de juegos de \u00faltima generaci\u00f3n.\u00a0Incluso si no sabes lo que significa la mitad de estas cosas, mira la imagen y lo querr\u00e1s.<\/div>\n<div class=\"product-description-banners-lv\">\n<div class=\"product-description-banner\" data-track=\"description-html-asset:Find the perfect TV.\">\n<h3><\/h3>\n<h3 class=\"heading-5 v-fw-regular feature-heading\"><strong>Caracter\u00edsticas<\/strong><\/h3>\n<div class=\"feature-body-container\">\n<div class=\"features-list-container\">\n<div class=\"features-list all-features\">\n<div class=\"list-row\">\n<ul>\n<li><strong>4K ULED\u2122<\/strong><br \/>\nComo 4K genial, pero mejor. El 55U8G cuenta con nuestras exclusivas tecnolog\u00edas ULED. Potencian el color, el contraste, el brillo, el movimiento&#8230; podr\u00edamos continuar. Es el televisor que tu antiguo televisor quiere ser.<\/li>\n<li><strong>Dolby Vision\u2122\u2022 Dolby Atmos\u00ae<\/strong><br \/>\nLa imagen Dolby Vision HDR y el sonido Dolby Atmos son tecnolog\u00eda de cine para su hogar. Proporcionan un realismo asombroso que puedes ver y escuchar en cada escena.<\/li>\n<li><strong>Zonas de atenuaci\u00f3n local de brillo m\u00e1ximo\/matriz completa<\/strong><br \/>\nComencemos con la ciencia. Cualquier cosa por encima de 500 nits es extremadamente buena. Esto es un brillo m\u00e1ximo de hasta 1500 nits en 132 zonas de atenuaci\u00f3n locales. Una imagen m\u00e1s brillante y perfectamente iluminada en cualquier condici\u00f3n de luz.<\/li>\n<li><strong>Amplia gama de colores de puntos cu\u00e1nticos<\/strong><br \/>\nVea m\u00e1s de mil millones de sombras. Quantum Dot produce colores m\u00e1s puros, ricos, brillantes y precisos que un televisor LCD normal. Podr\u00edamos entrar en la ciencia. Pero es mucho m\u00e1s f\u00e1cil decir que hace que todos los d\u00edas parezcan el 4 de julio.<\/li>\n<li><strong>Ultra Motion y frecuencia de actualizaci\u00f3n nativa de 120 Hz<\/strong><br \/>\nUltra Motion elimina el \u00abruido\u00bb digital que puede afectar a los objetos en movimiento. Todo lo que ves es excepcionalmente claro. La frecuencia de actualizaci\u00f3n nativa de 120 Hz significa juegos m\u00e1s fluidos con im\u00e1genes que siguen el ritmo de tu juego.<\/li>\n<li><strong>Modo de juego profesional<\/strong><br \/>\nToda la tecnolog\u00eda de juegos m\u00e1s avanzada, todo en este televisor. Las entradas HDMI 2.1 reconocen las secuencias de juego para ajustar autom\u00e1ticamente la configuraci\u00f3n para un juego fluido e ininterrumpido. El modo autom\u00e1tico de baja latencia, la frecuencia de actualizaci\u00f3n variable y FreeSync minimizan el retraso de entrada, la inestabilidad de la pantalla y el desgarro de cuadros.<\/li>\n<li><strong>IMAX mejorado<\/strong><br \/>\nIMAX Enhanced lleva la experiencia del cine a casa. Combina contenido 4K HDR remasterizado digitalmente y tecnolog\u00edas de audio DTS con los mejores productos de consumo y plataformas de transmisi\u00f3n. Dise\u00f1ado para personas que desean una experiencia m\u00e1s excelente en el hogar.<\/li>\n<\/ul>\n<\/div>\n<\/div>\n<\/div>\n<\/div>\n<\/div>\n<\/div>\n","protected":false},"excerpt":{"rendered":"<p>Comencemos con un resumen r\u00e1pido.\u00a0Este es el mejor televisor completo.\u00a0Manos abajo.\u00a0Pel\u00edculas, juegos, deportes&#8230; manejar\u00e1 cualquier cosa que le arrojes y se ver\u00e1 genial haci\u00e9ndolo (trata de no tirar cosas, es<\/p>\n","protected":false},"featured_media":78513,"comment_status":"open","ping_status":"closed","template":"","meta":{"_acf_changed":false,"_joinchat":[]},"product_brand":[],"product_cat":[1522,336,937],"product_tag":[],"class_list":{"0":"post-78512","1":"product","2":"type-product","3":"status-publish","4":"has-post-thumbnail","6":"product_cat-ofertas-hogar","7":"product_cat-hogar","8":"product_cat-pantallas","10":"first","11":"instock","12":"sale","13":"shipping-taxable","14":"purchasable","15":"product-type-simple"},"acf":[],"_links":{"self":[{"href":"https:\/\/defabrica.com.mx\/defabrica\/wp-json\/wp\/v2\/product\/78512","targetHints":{"allow":["GET"]}}],"collection":[{"href":"https:\/\/defabrica.com.mx\/defabrica\/wp-json\/wp\/v2\/product"}],"about":[{"href":"https:\/\/defabrica.com.mx\/defabrica\/wp-json\/wp\/v2\/types\/product"}],"replies":[{"embeddable":true,"href":"https:\/\/defabrica.com.mx\/defabrica\/wp-json\/wp\/v2\/comments?post=78512"}],"wp:featuredmedia":[{"embeddable":true,"href":"https:\/\/defabrica.com.mx\/defabrica\/wp-json\/wp\/v2\/media\/78513"}],"wp:attachment":[{"href":"https:\/\/defabrica.com.mx\/defabrica\/wp-json\/wp\/v2\/media?parent=78512"}],"wp:term":[{"taxonomy":"product_brand","embeddable":true,"href":"https:\/\/defabrica.com.mx\/defabrica\/wp-json\/wp\/v2\/product_brand?post=78512"},{"taxonomy":"product_cat","embeddable":true,"href":"https:\/\/defabrica.com.mx\/defabrica\/wp-json\/wp\/v2\/product_cat?post=78512"},{"taxonomy":"product_tag","embeddable":true,"href":"https:\/\/defabrica.com.mx\/defabrica\/wp-json\/wp\/v2\/product_tag?post=78512"}],"curies":[{"name":"wp","href":"https:\/\/api.w.org\/{rel}","templated":true}]}}