{"id":78389,"date":"2022-05-16T20:22:18","date_gmt":"2022-05-17T01:22:18","guid":{"rendered":"https:\/\/defabrica.com.mx\/defabrica\/?post_type=product&#038;p=78389"},"modified":"2023-01-15T12:00:32","modified_gmt":"2023-01-15T18:00:32","slug":"tcl-50-clase-4-series-led-4k-uhd-smart-google-tv","status":"publish","type":"product","link":"https:\/\/defabrica.com.mx\/defabrica\/producto\/tcl-50-clase-4-series-led-4k-uhd-smart-google-tv\/","title":{"rendered":"TCL 50&#8243; Clase 4-Series LED 4K UHD Smart Google TV"},"content":{"rendered":"<div class=\"embedded-component-container lv product-description\">\n<div>\n<div id=\"shop-product-description-1891232\" class=\"_none\" data-version=\"1.3.44\">\n<div class=\"shop-product-description\">\n<section class=\"align-heading-left\" data-reactroot=\"\">\n<div class=\"long-description-container body-copy \">\n<div class=\"html-fragment\">El Google TV 4K TCL de la serie 4 ofrece una impresionante calidad de imagen Ultra HD con cuatro veces la resoluci\u00f3n de Full HD para una mayor claridad y detalle, as\u00ed como un sinf\u00edn de entretenimiento con miles de aplicaciones de transmisi\u00f3n.\u00a0Tu entretenimiento est\u00e1 todo en un solo lugar.\u00a0Mire pel\u00edculas y programas de sus aplicaciones favoritas, organizados de manera inteligente solo para usted.\u00a0Sintonice programas en vivo, organice listas de visualizaci\u00f3n y obtenga recomendaciones basadas en lo que ha visto y lo que le interesa.\u00a0Encontrar qu\u00e9 ver nunca ha sido tan f\u00e1cil con TCL Google TV.\u00a0Use su voz para buscar pel\u00edculas, transmitir aplicaciones, reproducir m\u00fasica y controlar el televisor.\u00a0P\u00eddale a Google que busque un t\u00edtulo espec\u00edfico, busque por g\u00e9nero u obtenga recomendaciones personalizadas diciendo \u00ab\u00bfqu\u00e9 debo ver?\u00bb\u00a0Incluso obtenga respuestas como resultados deportivos, controle dispositivos dom\u00e9sticos inteligentes y m\u00e1s.\u00a0Presiona el bot\u00f3n Asistente de Google en el control remoto para comenzar.\u00a0Conecte todos sus dispositivos favoritos con las m\u00faltiples entradas HDMI.\u00a0Los cortadores de cable pueden acceder a contenido HD gratuito por aire con el sintonizador de TV digital avanzado o mirar TV en vivo desde servicios populares de reemplazo de cable como YouTube TV, Sling, Hulu y m\u00e1s.<\/div>\n<\/div>\n<\/section>\n<\/div>\n<\/div>\n<\/div>\n<\/div>\n<div class=\"embedded-component-container lv product-features\">\n<h3><\/h3>\n<h3 class=\"heading-5 v-fw-regular feature-heading\"><strong>Caracter\u00edsticas<\/strong><\/h3>\n<div class=\"feature-body-container\">\n<div class=\"features-list-container\">\n<div class=\"features-list all-features\">\n<div class=\"list-row\">\n<ul>\n<li><strong>Impresionante 4K Ultra HD<\/strong><br \/>\nLa resoluci\u00f3n 4K ofrece detalles sorprendentes y una experiencia visual notable.<\/li>\n<li><strong>Alto rango din\u00e1mico<\/strong><br \/>\nHDR ofrece colores brillantes y precisos para una experiencia de visualizaci\u00f3n realista.<\/li>\n<li><strong>Asistente de Google incorporado<\/strong><br \/>\nSu televisor es m\u00e1s \u00fatil que nunca. Use su voz para buscar pel\u00edculas, transmitir aplicaciones, reproducir m\u00fasica y controlar el televisor. P\u00eddale a Google que busque un t\u00edtulo espec\u00edfico, busque por g\u00e9nero u obtenga recomendaciones personalizadas diciendo \u00ab\u00bfqu\u00e9 debo ver?\u00bb<\/li>\n<li><strong>Lo que quieres ver, todo en un solo lugar<\/strong><br \/>\nElija entre m\u00e1s de 700 000 pel\u00edculas y programas de sus aplicaciones favoritas, organizados de manera inteligente solo para usted. Sintonice programas en vivo, seleccione listas de visualizaci\u00f3n y obtenga recomendaciones basadas en lo que ha visto y lo que le interesa.<\/li>\n<li><strong>Miles de aplicaciones de transmisi\u00f3n<\/strong><br \/>\nDisfrute de miles de pel\u00edculas y programas disponibles para transmitir, incluidos deportes, noticias, m\u00fasica, ni\u00f1os y familia, comida, ciencia y tecnolog\u00eda, actividad f\u00edsica, idiomas extranjeros y mucho m\u00e1s con el sistema operativo Google TV.<\/li>\n<li><strong>Chromecast integrado<\/strong><br \/>\nTransmita f\u00e1cilmente pel\u00edculas, programas, fotos y m\u00e1s desde su dispositivo Android o iOS a su TCL Google TV.<\/li>\n<li><strong>Easy Voice Control funciona con Alexa<\/strong><br \/>\nEncuentre t\u00edtulos de pel\u00edculas, ajuste el volumen, vea c\u00e1maras inteligentes o controle otros dispositivos dom\u00e9sticos inteligentes habilitados para Alexa, usando solo su voz.<\/li>\n<li><strong>3 entradas HDMI (1 eARC)<\/strong><br \/>\nConecte todos sus dispositivos favoritos a trav\u00e9s de las tres entradas HDMI que incluyen 1 eARC para sincronizar f\u00e1cilmente las fuentes de audio y video y brindar un sonido de mejor calidad.<\/li>\n<li><strong>Puerto WiFi y Ethernet de doble banda<\/strong><br \/>\nObtenga acceso r\u00e1pido y f\u00e1cil a su contenido favorito con la conexi\u00f3n WiFi 5 de doble banda o con\u00e9ctelo al puerto Ethernet.<\/li>\n<li><strong>Control remoto de voz<\/strong><br \/>\nEl control remoto f\u00e1cil de usar tambi\u00e9n cuenta con b\u00fasqueda y control por voz, lo que le permite encontrar t\u00edtulos de pel\u00edculas, iniciar o cambiar aplicaciones y m\u00e1s. Simplemente presione el bot\u00f3n en el control remoto de voz y diga un comando.<\/li>\n<li><strong>Corte de cable f\u00e1cil<\/strong><br \/>\nLos cortadores de cable pueden acceder a contenido HD por aire con el sintonizador digital incorporado. La TV en vivo tambi\u00e9n se mezcla con sus recomendaciones, seg\u00fan los equipos, los programas y sus canales favoritos.<\/li>\n<li><strong>Dise\u00f1o de primera calidad<\/strong><br \/>\nUn acabado negro y un soporte de pedestal cu\u00e1druple aportan estilo y sofisticaci\u00f3n a su sistema de cine en casa.<\/li>\n<li><strong>Aplicaci\u00f3n gratuita de Google TV<\/strong><br \/>\nEncuentre y disfrute f\u00e1cilmente del entretenimiento que ama mientras viaja. Encuentre qu\u00e9 ver a continuaci\u00f3n, explore los \u00faltimos lanzamientos o agregue pel\u00edculas y programas a su lista de visualizaci\u00f3n, todo desde su dispositivo Android.<\/li>\n<li><strong>lista de seguimiento<\/strong><br \/>\nAgregue programas y pel\u00edculas interesantes a su lista de seguimiento para realizar un seguimiento de sus nuevos descubrimientos en todos los dispositivos para verlos m\u00e1s tarde.<\/li>\n<\/ul>\n<\/div>\n<\/div>\n<\/div>\n<\/div>\n<\/div>\n","protected":false},"excerpt":{"rendered":"<p>El Google TV 4K TCL de la serie 4 ofrece una impresionante calidad de imagen Ultra HD con cuatro veces la resoluci\u00f3n de Full HD para una mayor claridad y<\/p>\n","protected":false},"featured_media":78390,"comment_status":"open","ping_status":"closed","template":"","meta":{"_acf_changed":false,"_joinchat":[]},"product_brand":[],"product_cat":[336,937],"product_tag":[],"class_list":{"0":"post-78389","1":"product","2":"type-product","3":"status-publish","4":"has-post-thumbnail","6":"product_cat-hogar","7":"product_cat-pantallas","9":"first","10":"instock","11":"sale","12":"shipping-taxable","13":"purchasable","14":"product-type-simple"},"acf":[],"_links":{"self":[{"href":"https:\/\/defabrica.com.mx\/defabrica\/wp-json\/wp\/v2\/product\/78389","targetHints":{"allow":["GET"]}}],"collection":[{"href":"https:\/\/defabrica.com.mx\/defabrica\/wp-json\/wp\/v2\/product"}],"about":[{"href":"https:\/\/defabrica.com.mx\/defabrica\/wp-json\/wp\/v2\/types\/product"}],"replies":[{"embeddable":true,"href":"https:\/\/defabrica.com.mx\/defabrica\/wp-json\/wp\/v2\/comments?post=78389"}],"wp:featuredmedia":[{"embeddable":true,"href":"https:\/\/defabrica.com.mx\/defabrica\/wp-json\/wp\/v2\/media\/78390"}],"wp:attachment":[{"href":"https:\/\/defabrica.com.mx\/defabrica\/wp-json\/wp\/v2\/media?parent=78389"}],"wp:term":[{"taxonomy":"product_brand","embeddable":true,"href":"https:\/\/defabrica.com.mx\/defabrica\/wp-json\/wp\/v2\/product_brand?post=78389"},{"taxonomy":"product_cat","embeddable":true,"href":"https:\/\/defabrica.com.mx\/defabrica\/wp-json\/wp\/v2\/product_cat?post=78389"},{"taxonomy":"product_tag","embeddable":true,"href":"https:\/\/defabrica.com.mx\/defabrica\/wp-json\/wp\/v2\/product_tag?post=78389"}],"curies":[{"name":"wp","href":"https:\/\/api.w.org\/{rel}","templated":true}]}}