{"id":78249,"date":"2022-05-16T15:20:31","date_gmt":"2022-05-16T20:20:31","guid":{"rendered":"https:\/\/defabrica.com.mx\/defabrica\/?post_type=product&#038;p=78249"},"modified":"2023-01-15T11:51:25","modified_gmt":"2023-01-15T17:51:25","slug":"vizio-smart-tv-4k-qled-hdr-serie-m6-de-70","status":"publish","type":"product","link":"https:\/\/defabrica.com.mx\/defabrica\/producto\/vizio-smart-tv-4k-qled-hdr-serie-m6-de-70\/","title":{"rendered":"VIZIO &#8211; Smart TV 4K QLED HDR serie M6 de 70&#8243;"},"content":{"rendered":"<div class=\"product-description\">\n<p>Sum\u00e9rjase en las infinitas posibilidades de la transmisi\u00f3n 4K en el galardonado Quantum Color con el nuevo VIZIO M-Series 4K HDR Smart TV.\u00a0Disfrute de mil millones de colores con el contraste y la claridad de Quantum Color y Dolby Vision HDR, y abra nuevos caminos en la transmisi\u00f3n inteligente.\u00a0Disfrute de la galardonada plataforma SmartCast cargada con la mejor selecci\u00f3n de aplicaciones integradas, un control remoto de voz completamente nuevo y la potencia inigualable del veloz procesador activo VIZIO IQ y el motor V-Gaming.<\/p>\n<h3><\/h3>\n<h3 class=\"heading-5 v-fw-regular feature-heading\"><strong>Caracter\u00edsticas<\/strong><\/h3>\n<ul>\n<li><strong>4K Ultra HD<\/strong><br \/>\nM\u00e1s de 8 millones de p\u00edxeles para un detalle impresionante. 4 veces la resoluci\u00f3n de 1080p!<\/li>\n<li><strong>Dolby Visi\u00f3n HDR<\/strong><br \/>\nV\u00e9alo de la manera que el director pretend\u00eda. Dolby Vision transforma su experiencia televisiva con un brillo, un contraste y un color incre\u00edbles que hacen que el entretenimiento cobre vida como nunca antes. La serie M tambi\u00e9n es compatible con HDR10, HDR10+ y HLG.<\/li>\n<li><strong>Color cu\u00e1ntico<\/strong><br \/>\nQLED de pr\u00f3xima generaci\u00f3n ofrece colores cinematogr\u00e1ficos con m\u00e1s de mil millones de tonos de colores vibrantes.<\/li>\n<li><strong>Luz de fondo de matriz completa<\/strong><br \/>\nLos LED distribuidos uniformemente en la luz de fondo de la pantalla brindan una uniformidad de luz y un rendimiento de imagen superiores.<\/li>\n<li><strong>Procesador activo IQ<\/strong><br \/>\nOfrece un procesamiento de imagen superior y un potente e inteligente motor de escalado 4K que hace que su entretenimiento HD favorito se vea espectacular en 4K.<\/li>\n<li><strong>Ajuste de p\u00edxeles activos<\/strong><br \/>\nAjustes de brillo inteligentes a nivel de p\u00edxel que ajustan los niveles de contraste cuadro por cuadro en m\u00e1s de 2000 zonas para un contraste visual superior.<\/li>\n<li><strong>Tasa de movimiento din\u00e1mico 120<\/strong><br \/>\nLa tecnolog\u00eda de retroiluminaci\u00f3n de escaneo de \u00faltima generaci\u00f3n ofrece una claridad de movimiento mejorada.<\/li>\n<li><strong>Motor de juegos en V<\/strong><br \/>\nOptimiza autom\u00e1ticamente el modo de imagen para juegos y hace que el juego de consola m\u00e1s reciente sea a\u00fan m\u00e1s receptivo con el modo de juego autom\u00e1tico, la frecuencia de actualizaci\u00f3n variable con AMD FreeSync y el retraso de entrada m\u00e1s bajo de la serie M.<\/li>\n<li><strong>Reparto inteligente<\/strong><br \/>\nCon una navegaci\u00f3n ultrarr\u00e1pida, disfrute de acceso instant\u00e1neo a la mejor selecci\u00f3n de aplicaciones integradas de servicios de transmisi\u00f3n de primer nivel como Netflix, Disney+, YouTube, HBO Max, discovery+ y muchos m\u00e1s desde el primer momento.<\/li>\n<li><strong>VerGratis+<\/strong><br \/>\nWatchFree+ es como la televisi\u00f3n por cable, pero en streaming y gratis. Mire cientos de canales de TV en vivo y contenido a pedido que incluye noticias, deportes, pel\u00edculas, programas de TV y programaci\u00f3n en idiomas extranjeros en un cat\u00e1logo en constante expansi\u00f3n. Sin inicios de sesi\u00f3n. Sin suscripciones. Sin cargos. Solo entretenimiento gratis.<\/li>\n<li><strong>Control remoto por voz VIZIO<\/strong><br \/>\nEl control remoto habilitado por voz incluido hace que sea incre\u00edblemente f\u00e1cil encontrar r\u00e1pida y f\u00e1cilmente qu\u00e9 ver. Solo pregunta. Los controles de voz tambi\u00e9n est\u00e1n integrados en la aplicaci\u00f3n SmartCast Mobile disponible en iOS y Android.<\/li>\n<li><strong>Apple AirPlay 2 y Chromecast integrado<\/strong><br \/>\nTransmita, controle y comparta sus pel\u00edculas, programas, m\u00fasica, fotos y m\u00e1s favoritos desde sus dispositivos Apple o Android directamente al televisor. Incluso puede duplicar contenido de forma inal\u00e1mbrica desde su dispositivo iOS o navegador Chrome directamente a la pantalla grande.<\/li>\n<li><strong>Centro de tu hogar inteligente<\/strong><br \/>\nSe integra a la perfecci\u00f3n con Apple HomeKit, Google Assistant y dispositivos habilitados para Amazon Alexa. Controle la c\u00e1mara de su puerta principal, controle las luces y el televisor con un simple comando de voz.<\/li>\n<li><strong>3 puertos HDMI 2.1<\/strong><br \/>\nLa conectividad preparada para el futuro ofrece el rendimiento de video m\u00e1s alto para los dispositivos de entretenimiento 4K m\u00e1s nuevos, calidad de audio superior con eARC para transmisi\u00f3n de audio de alta tasa de bits para Dolby Atmos y DTS:X, y modo de baja latencia autom\u00e1tica (ALLM) y frecuencia de actualizaci\u00f3n variable (RRV).<\/li>\n<li><strong>EDE Virtual:X<\/strong><br \/>\nExperiencia de escucha de audio envolvente directamente desde los parlantes del televisor con Virtual:X y DTS:X. M-Series tambi\u00e9n es compatible con los c\u00f3decs Dolby Digital+ y AC-4.<\/li>\n<li><strong>Multimedia USB<\/strong><br \/>\nReproduzca fotos, m\u00fasica y videos directamente en la pantalla grande usando el puerto USB incorporado.<\/li>\n<li><strong>Modo de inicio r\u00e1pido<\/strong><br \/>\nHabilite el modo de inicio r\u00e1pido para encender su televisor autom\u00e1ticamente con un simple comando de voz o cuando use AirPlay o Cast. Habilitar el modo de inicio r\u00e1pido cambiar\u00e1 el consumo de energ\u00eda requerido para operar este televisor.<\/li>\n<li><strong>Dise\u00f1o sin bisel de 3 lados<\/strong><br \/>\nCon l\u00edneas elegantes y modernas, la Serie M es la pieza central de entretenimiento perfecta.Multimedia USB<br \/>\nReproduzca fotos, m\u00fasica y videos directamente en la pantalla grande usando el puerto USB incorporado.<\/li>\n<li><strong>Modo de inicio r\u00e1pido<\/strong><br \/>\nHabilite el modo de inicio r\u00e1pido para encender su televisor autom\u00e1ticamente con un simple comando de voz o cuando use AirPlay o Cast. Habilitar el modo de inicio r\u00e1pido cambiar\u00e1 el consumo de energ\u00eda requerido para operar este televisor.<\/li>\n<li><strong>Soporte de doble prop\u00f3sito<\/strong><br \/>\nCuando se combina con una barra de sonido de la serie M, el elegante y vers\u00e1til soporte de TV de doble prop\u00f3sito se puede ajustar en altura para acomodar una barra de sonido o servir como base cuando se monta para una integraci\u00f3n perfecta de TV y sonido.<\/li>\n<li><strong>Dise\u00f1o sin bisel de 3 lados<\/strong><br \/>\nCon l\u00edneas elegantes y modernas, la Serie M es la pieza central de entretenimiento perfecta.<\/li>\n<\/ul>\n<\/div>\n","protected":false},"excerpt":{"rendered":"<p>Sum\u00e9rjase en las infinitas posibilidades de la transmisi\u00f3n 4K en el galardonado Quantum Color con el nuevo VIZIO M-Series 4K HDR Smart TV.\u00a0Disfrute de mil millones de colores con el<\/p>\n","protected":false},"featured_media":78172,"comment_status":"open","ping_status":"closed","template":"","meta":{"_acf_changed":false,"_joinchat":[]},"product_brand":[],"product_cat":[336,937],"product_tag":[],"class_list":{"0":"post-78249","1":"product","2":"type-product","3":"status-publish","4":"has-post-thumbnail","6":"product_cat-hogar","7":"product_cat-pantallas","9":"first","10":"instock","11":"sale","12":"shipping-taxable","13":"purchasable","14":"product-type-simple"},"acf":[],"_links":{"self":[{"href":"https:\/\/defabrica.com.mx\/defabrica\/wp-json\/wp\/v2\/product\/78249","targetHints":{"allow":["GET"]}}],"collection":[{"href":"https:\/\/defabrica.com.mx\/defabrica\/wp-json\/wp\/v2\/product"}],"about":[{"href":"https:\/\/defabrica.com.mx\/defabrica\/wp-json\/wp\/v2\/types\/product"}],"replies":[{"embeddable":true,"href":"https:\/\/defabrica.com.mx\/defabrica\/wp-json\/wp\/v2\/comments?post=78249"}],"wp:featuredmedia":[{"embeddable":true,"href":"https:\/\/defabrica.com.mx\/defabrica\/wp-json\/wp\/v2\/media\/78172"}],"wp:attachment":[{"href":"https:\/\/defabrica.com.mx\/defabrica\/wp-json\/wp\/v2\/media?parent=78249"}],"wp:term":[{"taxonomy":"product_brand","embeddable":true,"href":"https:\/\/defabrica.com.mx\/defabrica\/wp-json\/wp\/v2\/product_brand?post=78249"},{"taxonomy":"product_cat","embeddable":true,"href":"https:\/\/defabrica.com.mx\/defabrica\/wp-json\/wp\/v2\/product_cat?post=78249"},{"taxonomy":"product_tag","embeddable":true,"href":"https:\/\/defabrica.com.mx\/defabrica\/wp-json\/wp\/v2\/product_tag?post=78249"}],"curies":[{"name":"wp","href":"https:\/\/api.w.org\/{rel}","templated":true}]}}