{"id":78129,"date":"2022-05-16T12:49:56","date_gmt":"2022-05-16T17:49:56","guid":{"rendered":"https:\/\/defabrica.com.mx\/defabrica\/?post_type=product&#038;p=78129"},"modified":"2022-12-09T14:00:10","modified_gmt":"2022-12-09T20:00:10","slug":"vizio-smart-tv-led-de-1080p-de-la-serie-d-de-32","status":"publish","type":"product","link":"https:\/\/defabrica.com.mx\/defabrica\/producto\/vizio-smart-tv-led-de-1080p-de-la-serie-d-de-32\/","title":{"rendered":"VIZIO &#8211; Smart TV LED de 1080p de la serie D de 32&#8243;"},"content":{"rendered":"<div class=\"product-description\">\n<p>La versatilidad y el rendimiento chocan con el nuevo televisor inteligente Full HD de la serie D.\u00a0Cargado con una retroiluminaci\u00f3n de matriz completa para un mejor contraste, una brillante resoluci\u00f3n Full HD de 1080p y un procesador VIZIO IQ ultrarr\u00e1pido con el motor V-Gaming para juegos receptivos y fluidos, la serie D combina potencia, velocidad y tama\u00f1o pr\u00e1ctico.\u00a0Transm\u00edtalo todo con la galardonada plataforma SmartCast, cargada con la mejor selecci\u00f3n de aplicaciones integradas.<\/p>\n<h3><\/h3>\n<h3 class=\"heading-5 v-fw-regular feature-heading\"><strong>Caracter\u00edsticas<\/strong><\/h3>\n<div class=\"feature-body-container\">\n<div class=\"features-list-container\">\n<div class=\"features-list all-features\">\n<div class=\"list-row\">\n<ul>\n<li><strong>1080p de alta definici\u00f3n<\/strong><br \/>\nMire televisi\u00f3n con una resoluci\u00f3n Full HD de 1080p clara y n\u00edtida y experimente una imagen brillante con la serie D de VIZIO.<\/li>\n<li><strong>Retroiluminaci\u00f3n LED de matriz completa<\/strong><br \/>\nLos LED distribuidos uniformemente en la luz de fondo de la pantalla brindan una uniformidad de luz y un rendimiento de imagen superiores.<\/li>\n<li><strong>Procesador de im\u00e1genes IQ<\/strong><br \/>\nOfrece un procesamiento de im\u00e1genes superior, una navegaci\u00f3n m\u00e1s r\u00e1pida y tiempos de carga m\u00e1s r\u00e1pidos para llegar a su contenido favorito m\u00e1s r\u00e1pido.<\/li>\n<li><strong>Motor de juegos en V<\/strong><br \/>\nOptimiza autom\u00e1ticamente el modo de imagen para juegos y hace que el juego de la consola de pr\u00f3xima generaci\u00f3n sea m\u00e1s receptivo con el modo de juego autom\u00e1tico y el retraso de entrada m\u00e1s bajo de la serie D.<\/li>\n<li><strong>Reparto inteligente<\/strong><br \/>\nCon una navegaci\u00f3n intuitiva, disfrute de acceso instant\u00e1neo a la mejor selecci\u00f3n de aplicaciones de servicios de transmisi\u00f3n de primer nivel como Netflix, Disney+, YouTube, HBO Max, discovery+ y muchos m\u00e1s desde el primer momento.<\/li>\n<li><strong>VerGratis+<\/strong><br \/>\nWatchFree+ es como la televisi\u00f3n por cable, pero en streaming y gratis. Mire cientos de canales de TV en vivo y contenido a pedido que incluye noticias, deportes, pel\u00edculas, programas de TV y programaci\u00f3n en idiomas extranjeros en un cat\u00e1logo en constante expansi\u00f3n. Sin inicios de sesi\u00f3n. Sin suscripciones. Sin cargos. Solo entretenimiento gratis.<\/li>\n<li><strong>Voz de VIZIO<\/strong><br \/>\nNunca ha sido m\u00e1s f\u00e1cil encontrar r\u00e1pida y f\u00e1cilmente qu\u00e9 ver. Solo pregunta. Los controles de voz est\u00e1n disponibles con la aplicaci\u00f3n SmartCast Mobile en dispositivos iOS y Android.<\/li>\n<li><strong>Apple AirPlay 2 y Chromecast integrado<\/strong><br \/>\nTransmita, controle y comparta sus pel\u00edculas, programas, m\u00fasica, fotos y m\u00e1s favoritos desde sus dispositivos Apple o Android directamente al televisor. Incluso puede duplicar contenido de forma inal\u00e1mbrica desde su dispositivo iOS o navegador Chrome directamente a la pantalla grande.<\/li>\n<li><strong>Centro de tu hogar inteligente<\/strong><br \/>\nSe integra a la perfecci\u00f3n con Apple HomeKit, Google Assistant y dispositivos habilitados para Amazon Alexa. Comprueba la c\u00e1mara de la puerta de entrada o controla las luces y el televisor con un solo comando de voz.<\/li>\n<li><strong>2 puertos HDMI<\/strong><br \/>\nLa conectividad HDMI de alta velocidad ofrece un mejor rendimiento de video de todos sus dispositivos de entretenimiento favoritos, as\u00ed como Dolby Atmos y DTS:X passthrough para una experiencia de audio m\u00e1s inmersiva.<\/li>\n<li><strong>EDE Virtual:X<\/strong><br \/>\nExperiencia de escucha de audio envolvente directamente desde los parlantes del televisor con Virtual:X y DTS:X.<\/li>\n<li><strong>Multimedia USB<\/strong><br \/>\nReproduzca fotos, m\u00fasica y videos directamente en la pantalla grande usando el puerto USB incorporado.<\/li>\n<li><strong>Modo de inicio r\u00e1pido<\/strong><br \/>\nHabilite el modo de inicio r\u00e1pido para encender su televisor autom\u00e1ticamente con un simple comando de voz o cuando use AirPlay o Cast. Habilitar el modo de inicio r\u00e1pido cambiar\u00e1 el consumo de energ\u00eda requerido para operar este televisor.<\/li>\n<\/ul>\n<\/div>\n<\/div>\n<\/div>\n<\/div>\n<\/div>\n","protected":false},"excerpt":{"rendered":"<p>La versatilidad y el rendimiento chocan con el nuevo televisor inteligente Full HD de la serie D.\u00a0Cargado con una retroiluminaci\u00f3n de matriz completa para un mejor contraste, una brillante resoluci\u00f3n<\/p>\n","protected":false},"featured_media":78130,"comment_status":"open","ping_status":"closed","template":"","meta":{"_acf_changed":false,"_joinchat":[]},"product_brand":[],"product_cat":[336,937],"product_tag":[],"class_list":{"0":"post-78129","1":"product","2":"type-product","3":"status-publish","4":"has-post-thumbnail","6":"product_cat-hogar","7":"product_cat-pantallas","9":"first","10":"instock","11":"sale","12":"shipping-taxable","13":"purchasable","14":"product-type-simple"},"acf":[],"_links":{"self":[{"href":"https:\/\/defabrica.com.mx\/defabrica\/wp-json\/wp\/v2\/product\/78129","targetHints":{"allow":["GET"]}}],"collection":[{"href":"https:\/\/defabrica.com.mx\/defabrica\/wp-json\/wp\/v2\/product"}],"about":[{"href":"https:\/\/defabrica.com.mx\/defabrica\/wp-json\/wp\/v2\/types\/product"}],"replies":[{"embeddable":true,"href":"https:\/\/defabrica.com.mx\/defabrica\/wp-json\/wp\/v2\/comments?post=78129"}],"wp:featuredmedia":[{"embeddable":true,"href":"https:\/\/defabrica.com.mx\/defabrica\/wp-json\/wp\/v2\/media\/78130"}],"wp:attachment":[{"href":"https:\/\/defabrica.com.mx\/defabrica\/wp-json\/wp\/v2\/media?parent=78129"}],"wp:term":[{"taxonomy":"product_brand","embeddable":true,"href":"https:\/\/defabrica.com.mx\/defabrica\/wp-json\/wp\/v2\/product_brand?post=78129"},{"taxonomy":"product_cat","embeddable":true,"href":"https:\/\/defabrica.com.mx\/defabrica\/wp-json\/wp\/v2\/product_cat?post=78129"},{"taxonomy":"product_tag","embeddable":true,"href":"https:\/\/defabrica.com.mx\/defabrica\/wp-json\/wp\/v2\/product_tag?post=78129"}],"curies":[{"name":"wp","href":"https:\/\/api.w.org\/{rel}","templated":true}]}}