{"id":78105,"date":"2022-05-16T12:24:46","date_gmt":"2022-05-16T17:24:46","guid":{"rendered":"https:\/\/defabrica.com.mx\/defabrica\/?post_type=product&#038;p=78105"},"modified":"2023-01-15T11:40:54","modified_gmt":"2023-01-15T17:40:54","slug":"sony-smart-google-tv-de-65-clase-bravia-xr-serie-a80j-oled-4k-uhd","status":"publish","type":"product","link":"https:\/\/defabrica.com.mx\/defabrica\/producto\/sony-smart-google-tv-de-65-clase-bravia-xr-serie-a80j-oled-4k-uhd\/","title":{"rendered":"Sony &#8211; Smart Google TV de 65&#8243; Clase BRAVIA XR Serie A80J OLED 4K UHD"},"content":{"rendered":"<div class=\"product-description\">Disfruta de una imagen OLED premium con contraste y color que se siente profundo, natural y real.\u00a0El revolucionario Cognitive Processor XR\u2122 optimiza miles de elementos en pantalla simult\u00e1neamente para obtener una imagen realista.\u00a0Siente la acci\u00f3n con Acoustic Surface Audio+ y experimenta un sonido verdaderamente envolvente que se adapta perfectamente a la imagen en pantalla.<\/div>\n<div class=\"product-description-banners-lv\">\n<div class=\"product-description-banner\" data-track=\"description-html-asset:Find the perfect TV.\">\n<h3><\/h3>\n<h3 class=\"heading-5 v-fw-regular feature-heading\"><strong>Caracter\u00edsticas<\/strong><\/h3>\n<div class=\"feature-body-container\">\n<div class=\"features-list-container\">\n<div class=\"features-list all-features\">\n<div class=\"list-row\">\n<ul>\n<li><strong>Procesador cognitivo XR<\/strong><br \/>\nRevolucionaria tecnolog\u00eda de procesamiento de TV que comprende c\u00f3mo los humanos ven y escuchan y ofrece un contraste intenso y colores naturales. Miles de elementos individuales en pantalla se procesan y remasterizan en un abrir y cerrar de ojos, aportando un realismo asombroso a su contenido.<\/li>\n<li><strong>CONTRASTE OLED XR<\/strong><br \/>\nSiente la belleza del contraste OLED con negros puros y un brillo realista<\/li>\n<li><strong>XR TRILUMINOS PRO\u2122 Color<\/strong><br \/>\nVuelva a descubrir todo lo que ve con miles de millones de colores precisos y vea una calidad de imagen impresionante que es natural y hermosa para el ojo humano.<\/li>\n<li><strong>GOOGLE TV<\/strong><br \/>\nExplore sin problemas m\u00e1s de 700 000 pel\u00edculas y episodios de TV de sus servicios de transmisi\u00f3n favoritos, todo en un solo lugar. Mire contenido de Netflix, Amazon Prime Video, Disney+, Paramount+, YouTube, la aplicaci\u00f3n Apple TV, Peacock, HBO Max y muchos m\u00e1s. La b\u00fasqueda es f\u00e1cil, solo pregunte a Google.<\/li>\n<li><strong>MEJORA XR 4K<\/strong><br \/>\nDisfrute de todo su contenido HD con una resoluci\u00f3n cercana a 4K y recupere la textura y los detalles perdidos con el procesamiento de TV inteligente<\/li>\n<li><strong>CLARIDAD DE MOVIMIENTO XR<\/strong><br \/>\nProcesamiento de movimiento inteligente para deportes r\u00e1pidos y sin desenfoques y pel\u00edculas llenas de acci\u00f3n. El Cognitive Processor XR\u2122 con XR Motion Clarity\u2122 realiza un an\u00e1lisis cruzado y controla con precisi\u00f3n la acci\u00f3n en cada escena para garantizar que la calidad de las im\u00e1genes se mantenga fluida, brillante y clara<\/li>\n<li><strong>Smart TV que funciona bien con otros<\/strong><br \/>\nCon el Asistente de Google incorporado, use su voz para controlar la TV y los dispositivos inteligentes. Funciona con dispositivos habilitados para Amazon Alexa para controlar su televisor. Transmita contenido desde sus dispositivos Apple usando Airplay 2, para configurar, personalizar y controlar su hogar inteligente usando HomeKit.<\/li>\n<li><strong>Servicio de contenido exclusivo BRAVIA CORE\u2122<\/strong><br \/>\nLleva la experiencia cinematogr\u00e1fica a casa. Disfruta de la transmisi\u00f3n de pel\u00edculas de alta calidad incluidas con BRAVIA CORE\u2122, exclusivamente en televisores Sony seleccionados<\/li>\n<li><strong>SUPERFICIE AC\u00daSTICA AUDIO+<\/strong><br \/>\nLa pantalla es el altavoz, combinando el sonido con la acci\u00f3n en la pantalla para una experiencia verdaderamente inmersiva. Con el sonido y la imagen en perfecta armon\u00eda, escuchar\u00e1 un sonido realista y un di\u00e1logo excepcionalmente claro. Los subwoofers incorporados brindan graves potentes para un sonido cinematogr\u00e1fico inmersivo.<\/li>\n<li><strong>SOPORTE MULTIPOSICI\u00d3N DE 3 V\u00cdAS<\/strong><br \/>\nBellamente dise\u00f1ado para complementar su experiencia de visualizaci\u00f3n \u00fanica, ofrece tres niveles de flexibilidad: configuraci\u00f3n est\u00e1ndar de bajo perfil, configuraci\u00f3n de muebles angostos o elevado para acomodar una barra de sonido.<\/li>\n<li><strong>COMPATIBLE CON SOPORTE DE PARED ULTRA DELGADO<\/strong><br \/>\nCuelgue su televisor como una obra de arte con el soporte de montaje en pared ultradelgado SU-WL855 opcional que est\u00e1 especialmente dise\u00f1ado para televisores Sony BRAVIA\u2122 OLED y LED<\/li>\n<li><strong>Perfecto para PlayStation 5<\/strong><br \/>\nAproveche al m\u00e1ximo sus juegos con los televisores BRAVIA XR que cuentan con funciones exclusivas para la consola PS5 junto con 4K\/120 fps como se especifica en HDMI 2.1 y un retraso de entrada de tan solo 8,5 ms.*<\/li>\n<\/ul>\n<\/div>\n<\/div>\n<\/div>\n<\/div>\n<\/div>\n<\/div>\n","protected":false},"excerpt":{"rendered":"<p>Disfruta de una imagen OLED premium con contraste y color que se siente profundo, natural y real.\u00a0El revolucionario Cognitive Processor XR\u2122 optimiza miles de elementos en pantalla simult\u00e1neamente para obtener<\/p>\n","protected":false},"featured_media":78106,"comment_status":"open","ping_status":"closed","template":"","meta":{"_acf_changed":false,"_joinchat":[]},"product_brand":[],"product_cat":[336,937],"product_tag":[],"class_list":{"0":"post-78105","1":"product","2":"type-product","3":"status-publish","4":"has-post-thumbnail","6":"product_cat-hogar","7":"product_cat-pantallas","9":"first","10":"outofstock","11":"sale","12":"shipping-taxable","13":"purchasable","14":"product-type-simple"},"acf":[],"_links":{"self":[{"href":"https:\/\/defabrica.com.mx\/defabrica\/wp-json\/wp\/v2\/product\/78105","targetHints":{"allow":["GET"]}}],"collection":[{"href":"https:\/\/defabrica.com.mx\/defabrica\/wp-json\/wp\/v2\/product"}],"about":[{"href":"https:\/\/defabrica.com.mx\/defabrica\/wp-json\/wp\/v2\/types\/product"}],"replies":[{"embeddable":true,"href":"https:\/\/defabrica.com.mx\/defabrica\/wp-json\/wp\/v2\/comments?post=78105"}],"wp:featuredmedia":[{"embeddable":true,"href":"https:\/\/defabrica.com.mx\/defabrica\/wp-json\/wp\/v2\/media\/78106"}],"wp:attachment":[{"href":"https:\/\/defabrica.com.mx\/defabrica\/wp-json\/wp\/v2\/media?parent=78105"}],"wp:term":[{"taxonomy":"product_brand","embeddable":true,"href":"https:\/\/defabrica.com.mx\/defabrica\/wp-json\/wp\/v2\/product_brand?post=78105"},{"taxonomy":"product_cat","embeddable":true,"href":"https:\/\/defabrica.com.mx\/defabrica\/wp-json\/wp\/v2\/product_cat?post=78105"},{"taxonomy":"product_tag","embeddable":true,"href":"https:\/\/defabrica.com.mx\/defabrica\/wp-json\/wp\/v2\/product_tag?post=78105"}],"curies":[{"name":"wp","href":"https:\/\/api.w.org\/{rel}","templated":true}]}}