{"id":78076,"date":"2022-05-16T11:49:18","date_gmt":"2022-05-16T16:49:18","guid":{"rendered":"https:\/\/defabrica.com.mx\/defabrica\/?post_type=product&#038;p=78076"},"modified":"2023-01-15T11:42:39","modified_gmt":"2023-01-15T17:42:39","slug":"sony-smart-google-tv-led-4k-hdr-serie-x80k-de-65","status":"publish","type":"product","link":"https:\/\/defabrica.com.mx\/defabrica\/producto\/sony-smart-google-tv-led-4k-hdr-serie-x80k-de-65\/","title":{"rendered":"Sony &#8211; Smart Google TV LED 4K HDR serie X80K de 65&#8243;"},"content":{"rendered":"<div class=\"embedded-component-container lv product-description\">\n<div>\n<div id=\"shop-product-description-74410243\" class=\"_none\" data-version=\"1.3.44\">\n<div class=\"shop-product-description\">\n<section class=\"align-heading-left\" data-reactroot=\"\">\n<div class=\"long-description-container body-copy \">\n<div class=\"html-fragment\">Disfruta de una experiencia inteligente de Google TV equipada con la potencia de procesamiento de im\u00e1genes para que todo lo que ves se sienta tan real.\u00a0El procesamiento de im\u00e1genes avanzado del 4K HDR Processor X1 y TRILUMINOS PRO brinda detalles y color para una imagen que se siente natural e inmersiva.<\/div>\n<\/div>\n<\/section>\n<\/div>\n<\/div>\n<\/div>\n<\/div>\n<div class=\"embedded-component-container lv product-features\">\n<h3><\/h3>\n<h3 class=\"heading-5 v-fw-regular feature-heading\"><strong>Caracter\u00edsticas<\/strong><\/h3>\n<div class=\"feature-body-container\">\n<div class=\"features-list-container\">\n<div class=\"features-list all-features\">\n<div class=\"list-row\">\n<ul>\n<li><strong>Procesador 4K HDR X1\u2122<\/strong><br \/>\nEl procesamiento de TV inteligente ofrece una imagen suave y clara, llena de colores intensos y contraste detallado.<\/li>\n<li><strong>TRILUMINOS PRO\u2122<\/strong><br \/>\nVuelva a descubrir todo lo que mira con miles de millones de colores precisos y vea una calidad de imagen impresionante que es natural y hermosa.<\/li>\n<li><strong>Google TV con el Asistente de Google<\/strong><br \/>\nOrganiza tu contenido favorito en un solo lugar. Transmita desde Netflix, Disney+, Apple TV, HBO Max, Peacock y muchos m\u00e1s. Adem\u00e1s, transmita desde su dispositivo Apple con compatibilidad con AirPlay2.\u00b9,\u00b2<\/li>\n<li><strong>Entretenimiento mejorado con HDR y Dolby Vision<\/strong><br \/>\nExperimente contenido cinem\u00e1tico envolvente y atractivo tal como lo concibi\u00f3 el creador con soporte para Dolby Vision y Atmos.\u00b3<\/li>\n<li><strong>Calidad de imagen de juego mejorada<\/strong><br \/>\nMejore su experiencia de juego con funciones exclusivas para PlayStation\u00ae para mejorar la calidad de imagen de los juegos.<\/li>\n<li><strong>Dise\u00f1o de superficie al ras<\/strong><br \/>\nSus ojos se enfocan de forma natural en la gran imagen inmersiva con un dise\u00f1o de bisel angosto de superficie nivelada.\u2074<\/li>\n<li><strong>Motionflow\u2122 XR<\/strong><br \/>\nVea una calidad de imagen sin desenfoque en deportes de movimiento r\u00e1pido y pel\u00edculas llenas de acci\u00f3n.<\/li>\n<li><strong>4K X-Reality\u2122 PRO<\/strong><br \/>\nRecupere la textura y los detalles perdidos y vea todo su contenido mejorado a una resoluci\u00f3n de 4K.\u2075<\/li>\n<li><strong>Compatible con BRAVIA CAM opcional<\/strong><br \/>\nChatea por video con amigos y familiares en la pantalla grande y usa Gesture Control para un control ininterrumpido del televisor sin un control remoto.<\/li>\n<\/ul>\n<\/div>\n<\/div>\n<\/div>\n<\/div>\n<\/div>\n","protected":false},"excerpt":{"rendered":"<p>Disfruta de una experiencia inteligente de Google TV equipada con la potencia de procesamiento de im\u00e1genes para que todo lo que ves se sienta tan real.\u00a0El procesamiento de im\u00e1genes avanzado<\/p>\n","protected":false},"featured_media":78077,"comment_status":"open","ping_status":"closed","template":"","meta":{"_acf_changed":false,"_joinchat":[]},"product_brand":[],"product_cat":[336,937],"product_tag":[],"class_list":{"0":"post-78076","1":"product","2":"type-product","3":"status-publish","4":"has-post-thumbnail","6":"product_cat-hogar","7":"product_cat-pantallas","9":"first","10":"instock","11":"sale","12":"shipping-taxable","13":"purchasable","14":"product-type-simple"},"acf":[],"_links":{"self":[{"href":"https:\/\/defabrica.com.mx\/defabrica\/wp-json\/wp\/v2\/product\/78076","targetHints":{"allow":["GET"]}}],"collection":[{"href":"https:\/\/defabrica.com.mx\/defabrica\/wp-json\/wp\/v2\/product"}],"about":[{"href":"https:\/\/defabrica.com.mx\/defabrica\/wp-json\/wp\/v2\/types\/product"}],"replies":[{"embeddable":true,"href":"https:\/\/defabrica.com.mx\/defabrica\/wp-json\/wp\/v2\/comments?post=78076"}],"wp:featuredmedia":[{"embeddable":true,"href":"https:\/\/defabrica.com.mx\/defabrica\/wp-json\/wp\/v2\/media\/78077"}],"wp:attachment":[{"href":"https:\/\/defabrica.com.mx\/defabrica\/wp-json\/wp\/v2\/media?parent=78076"}],"wp:term":[{"taxonomy":"product_brand","embeddable":true,"href":"https:\/\/defabrica.com.mx\/defabrica\/wp-json\/wp\/v2\/product_brand?post=78076"},{"taxonomy":"product_cat","embeddable":true,"href":"https:\/\/defabrica.com.mx\/defabrica\/wp-json\/wp\/v2\/product_cat?post=78076"},{"taxonomy":"product_tag","embeddable":true,"href":"https:\/\/defabrica.com.mx\/defabrica\/wp-json\/wp\/v2\/product_tag?post=78076"}],"curies":[{"name":"wp","href":"https:\/\/api.w.org\/{rel}","templated":true}]}}