{"id":77826,"date":"2022-05-13T19:41:14","date_gmt":"2022-05-14T00:41:14","guid":{"rendered":"https:\/\/defabrica.com.mx\/defabrica\/?post_type=product&#038;p=77826"},"modified":"2022-12-09T13:47:19","modified_gmt":"2022-12-09T19:47:19","slug":"lg-televisor-led-hd-de-clase-de-24","status":"publish","type":"product","link":"https:\/\/defabrica.com.mx\/defabrica\/producto\/lg-televisor-led-hd-de-clase-de-24\/","title":{"rendered":"LG &#8211; Televisor LED HD de clase de 24&#8243;"},"content":{"rendered":"<div class=\"product-description\">Mira tus programas y pel\u00edculas favoritas en este televisor LED LG.\u00a0Su pantalla de 23,6 pulgadas que ahorra espacio es ideal para habitaciones m\u00e1s peque\u00f1as y ofrece un excelente color y contraste, y su resoluci\u00f3n de 1366 x 768 le permite ver programaci\u00f3n HD.\u00a0Este televisor LED LG tiene una entrada HDMI y acepta un soporte VESA est\u00e1ndar para una instalaci\u00f3n flexible.<\/div>\n<div class=\"product-description-banners-lv\">\n<div class=\"product-description-banner\" data-track=\"description-html-asset:Find the perfect TV.\">\n<h3><\/h3>\n<h3 class=\"heading-5 v-fw-regular feature-heading\"><strong>Caracter\u00edsticas<\/strong><\/h3>\n<ul>\n<li><strong>Pantalla de 23,6&#8243; (medida en diagonal de esquina a esquina)<\/strong><br \/>\nUn buen tama\u00f1o para un dormitorio o dormitorio.<\/li>\n<li><strong>Resoluci\u00f3n de 720p para im\u00e1genes HD de calidad<\/strong><br \/>\nMire programas de televisi\u00f3n y DVD en alta definici\u00f3n.<\/li>\n<li><strong>Los televisores LED funcionan bien en todas las condiciones de iluminaci\u00f3n<\/strong><br \/>\nTambi\u00e9n ofrecen negros profundos similares al plasma y colores intensos.<\/li>\n<li><strong>Sonido de TV avanzado<\/strong><br \/>\nDos altavoces de 3W.<\/li>\n<li><strong>1 entrada HDMI para la mejor conexi\u00f3n de cine en casa<\/strong><br \/>\nHDMI de alta velocidad ofrece im\u00e1genes de hasta 720p y sonido envolvente digital en un solo cable conveniente. Cable HDMI no incluido.<\/li>\n<li><strong>Disfruta de la imagen desde m\u00faltiples \u00e1ngulos<\/strong><br \/>\nLos \u00e1ngulos de visi\u00f3n horizontal y vertical de 178\u00b0 brindan una imagen clara para los espectadores sentados cerca del costado de la pantalla.<\/li>\n<\/ul>\n<\/div>\n<\/div>\n","protected":false},"excerpt":{"rendered":"<p>Mira tus programas y pel\u00edculas favoritas en este televisor LED LG.\u00a0Su pantalla de 23,6 pulgadas que ahorra espacio es ideal para habitaciones m\u00e1s peque\u00f1as y ofrece un excelente color y<\/p>\n","protected":false},"featured_media":77827,"comment_status":"open","ping_status":"closed","template":"","meta":{"_acf_changed":false,"_joinchat":[]},"product_brand":[],"product_cat":[336,937],"product_tag":[],"class_list":{"0":"post-77826","1":"product","2":"type-product","3":"status-publish","4":"has-post-thumbnail","6":"product_cat-hogar","7":"product_cat-pantallas","9":"first","10":"instock","11":"sale","12":"shipping-taxable","13":"purchasable","14":"product-type-simple"},"acf":[],"_links":{"self":[{"href":"https:\/\/defabrica.com.mx\/defabrica\/wp-json\/wp\/v2\/product\/77826","targetHints":{"allow":["GET"]}}],"collection":[{"href":"https:\/\/defabrica.com.mx\/defabrica\/wp-json\/wp\/v2\/product"}],"about":[{"href":"https:\/\/defabrica.com.mx\/defabrica\/wp-json\/wp\/v2\/types\/product"}],"replies":[{"embeddable":true,"href":"https:\/\/defabrica.com.mx\/defabrica\/wp-json\/wp\/v2\/comments?post=77826"}],"wp:featuredmedia":[{"embeddable":true,"href":"https:\/\/defabrica.com.mx\/defabrica\/wp-json\/wp\/v2\/media\/77827"}],"wp:attachment":[{"href":"https:\/\/defabrica.com.mx\/defabrica\/wp-json\/wp\/v2\/media?parent=77826"}],"wp:term":[{"taxonomy":"product_brand","embeddable":true,"href":"https:\/\/defabrica.com.mx\/defabrica\/wp-json\/wp\/v2\/product_brand?post=77826"},{"taxonomy":"product_cat","embeddable":true,"href":"https:\/\/defabrica.com.mx\/defabrica\/wp-json\/wp\/v2\/product_cat?post=77826"},{"taxonomy":"product_tag","embeddable":true,"href":"https:\/\/defabrica.com.mx\/defabrica\/wp-json\/wp\/v2\/product_tag?post=77826"}],"curies":[{"name":"wp","href":"https:\/\/api.w.org\/{rel}","templated":true}]}}