{"id":77805,"date":"2022-05-13T19:22:00","date_gmt":"2022-05-14T00:22:00","guid":{"rendered":"https:\/\/defabrica.com.mx\/defabrica\/?post_type=product&#038;p=77805"},"modified":"2022-12-09T13:46:19","modified_gmt":"2022-12-09T19:46:19","slug":"lg-smart-webos-tv-led-4k-uhd-serie-nanocell-75-de-70","status":"publish","type":"product","link":"https:\/\/defabrica.com.mx\/defabrica\/producto\/lg-smart-webos-tv-led-4k-uhd-serie-nanocell-75-de-70\/","title":{"rendered":"LG &#8211; Smart webOS TV LED 4K UHD serie NanoCell 75 de 70&#8243;"},"content":{"rendered":"<div class=\"product-description\">Eleve las pel\u00edculas y los deportes con NanoCell.\u00a0Colorea tu mundo con una imagen realista, enriquecida con mil millones de colores intensos*.\u00a0Es una experiencia fomentada por las funciones de hogar conectado y el procesador avanzado de LG.<\/div>\n<div class=\"product-description-banners-lv\">\n<div class=\"product-description-banner\" data-track=\"description-html-asset:Find the perfect TV.\">\n<h3><\/h3>\n<h3 class=\"heading-5 v-fw-regular feature-heading\"><strong>Caracter\u00edsticas<\/strong><\/h3>\n<div class=\"feature-body-container\">\n<div class=\"icons-container\">\n<div class=\"specificationIcons\">\n<ul>\n<li><strong>Pantalla de nanoc\u00e9lulas 4K<\/strong><br \/>\nHaz que tus programas favoritos cobren vida con el vivo NanoCell. Vea im\u00e1genes naturales y realistas con Nano Color mejorado con mil millones de colores intensos*.<\/li>\n<li><strong>Procesador de cuatro n\u00facleos 4K<\/strong><br \/>\nEl procesador Quad Core 4K de LG le brinda una experiencia de visualizaci\u00f3n fluida y n\u00edtida con contraste, color y negro mejorados.<\/li>\n<li><strong>4K Ultra HD (resoluci\u00f3n de 2160p)<\/strong><br \/>\nDisfruta de impresionantes pel\u00edculas y programas de TV 4K con una resoluci\u00f3n 4 veces superior a Full HD y mejora tu contenido actual a una calidad de imagen de nivel Ultra HD.<\/li>\n<li><strong>Experiencia de cine en casa<\/strong><br \/>\nVea y sienta que est\u00e1 en acci\u00f3n con Active HDR. Vea pel\u00edculas exactamente como los directores las concibieron con el Modo Cineasta. Y con acceso integrado a los canales de Netflix, Prime Video, Apple TV+, Disney+ y LG, tu contenido favorito est\u00e1 al alcance de tu mano.<\/li>\n<li><strong>Optimizador de juegos<\/strong><br \/>\nEl juego va a\u00fan m\u00e1s lejos con Game Optimizer, que le brinda un acceso m\u00e1s f\u00e1cil a todas las configuraciones de su juego, el modo autom\u00e1tico de baja latencia y el juego din\u00e1mico de HGiG.<\/li>\n<li><strong>LG ThinQ IA<\/strong><br \/>\nControle sus productos inteligentes LG y otros dispositivos inteligentes directamente desde su televisor con Home Dashboard o con el control de voz Magic Remote. ThinQ AI m\u00e1s Google Assistant y Alexa integrados le permiten controlar todo su hogar conectado.<\/li>\n<li><strong>HDR activo (HDR10, HLG)<\/strong><br \/>\nActive HDR admite una amplia gama de formatos para el ajuste autom\u00e1tico de imagen escena por escena, incluidos HDR10 y HLG.<\/li>\n<li><strong>Modo de sonido de TV Compartir<\/strong><br \/>\nEl sonido de vanguardia ahora se puede escuchar cuando conecta barras de sonido LG seleccionadas. La potencia de los procesadores avanzados y la IA de LG le brindan un sonido potente que sigue funcionando incluso cuando conecta una barra de sonido LG para ayudar a dar forma a una experiencia verdaderamente cinematogr\u00e1fica.<\/li>\n<li><strong>Explorador M\u00e1gico<\/strong><br \/>\nMagic Explorer de LG te permite buscar r\u00e1pidamente la informaci\u00f3n que necesitas sin alejarte de lo que est\u00e1s viendo. Busque gu\u00edas, contenido web y m\u00e1s, todo mientras permanece pegado al televisor.<\/li>\n<li><strong>Modo cineasta<\/strong><br \/>\nLos cin\u00e9filos pueden ver exactamente lo que los directores imaginaron. Filmmaker Mode\u2122 es un entorno que respeta el oficio. Traduce la visi\u00f3n cinematogr\u00e1fica de un director a su televisor con configuraciones autom\u00e1ticas de imagen y procesador y brinda verdadera autenticidad.<\/li>\n<li><strong>Asistente de Google y Alexa integrados<\/strong><br \/>\nNo hay necesidad de un dispositivo adicional: solo p\u00eddale a su televisor m\u00fasica, clima, noticias y m\u00e1s. Adem\u00e1s, controle convenientemente su hogar conectado y sus dispositivos inteligentes.<\/li>\n<li><strong>Control remoto m\u00e1gico<\/strong><br \/>\nPase m\u00e1s tiempo mirando con el nuevo control remoto m\u00e1gico. Con apuntar, hacer clic y desplazarse, control de voz y accesos directos de botones para proveedores de contenido, encontrar\u00e1 su contenido m\u00e1s r\u00e1pido que nunca.<\/li>\n<\/ul>\n<\/div>\n<\/div>\n<\/div>\n<\/div>\n<\/div>\n","protected":false},"excerpt":{"rendered":"<p>Eleve las pel\u00edculas y los deportes con NanoCell.\u00a0Colorea tu mundo con una imagen realista, enriquecida con mil millones de colores intensos*.\u00a0Es una experiencia fomentada por las funciones de hogar conectado<\/p>\n","protected":false},"featured_media":77806,"comment_status":"open","ping_status":"closed","template":"","meta":{"_acf_changed":false,"_joinchat":[]},"product_brand":[],"product_cat":[336,937],"product_tag":[],"class_list":{"0":"post-77805","1":"product","2":"type-product","3":"status-publish","4":"has-post-thumbnail","6":"product_cat-hogar","7":"product_cat-pantallas","9":"first","10":"instock","11":"sale","12":"shipping-taxable","13":"purchasable","14":"product-type-simple"},"acf":[],"_links":{"self":[{"href":"https:\/\/defabrica.com.mx\/defabrica\/wp-json\/wp\/v2\/product\/77805","targetHints":{"allow":["GET"]}}],"collection":[{"href":"https:\/\/defabrica.com.mx\/defabrica\/wp-json\/wp\/v2\/product"}],"about":[{"href":"https:\/\/defabrica.com.mx\/defabrica\/wp-json\/wp\/v2\/types\/product"}],"replies":[{"embeddable":true,"href":"https:\/\/defabrica.com.mx\/defabrica\/wp-json\/wp\/v2\/comments?post=77805"}],"wp:featuredmedia":[{"embeddable":true,"href":"https:\/\/defabrica.com.mx\/defabrica\/wp-json\/wp\/v2\/media\/77806"}],"wp:attachment":[{"href":"https:\/\/defabrica.com.mx\/defabrica\/wp-json\/wp\/v2\/media?parent=77805"}],"wp:term":[{"taxonomy":"product_brand","embeddable":true,"href":"https:\/\/defabrica.com.mx\/defabrica\/wp-json\/wp\/v2\/product_brand?post=77805"},{"taxonomy":"product_cat","embeddable":true,"href":"https:\/\/defabrica.com.mx\/defabrica\/wp-json\/wp\/v2\/product_cat?post=77805"},{"taxonomy":"product_tag","embeddable":true,"href":"https:\/\/defabrica.com.mx\/defabrica\/wp-json\/wp\/v2\/product_tag?post=77805"}],"curies":[{"name":"wp","href":"https:\/\/api.w.org\/{rel}","templated":true}]}}