{"id":77723,"date":"2022-05-13T17:00:00","date_gmt":"2022-05-13T22:00:00","guid":{"rendered":"https:\/\/defabrica.com.mx\/defabrica\/?post_type=product&#038;p=77723"},"modified":"2023-01-15T11:28:55","modified_gmt":"2023-01-15T17:28:55","slug":"insignia-televisor-led-hd-serie-n10-de-32","status":"publish","type":"product","link":"https:\/\/defabrica.com.mx\/defabrica\/producto\/insignia-televisor-led-hd-serie-n10-de-32\/","title":{"rendered":"Insignia\u2122 &#8211; Televisor LED HD serie N10 de 32&#8243;"},"content":{"rendered":"<div class=\"product-description\">Esta pantalla de 32 pulgadas tiene im\u00e1genes claras y colores ricos y naturales con una pantalla plana LED y una resoluci\u00f3n HD de 720p.\u00a0Tiene las conexiones que necesita para reproductores de video, parlantes y m\u00e1s.\u00a0Los orificios de montaje VESA facilitan el montaje en la pared.\u00a0Rel\u00e1jese con el televisor LED HD serie N10 Clase N10 de 32&#8243; de Insignia NS-32D310NA21.<\/div>\n<div class=\"product-description-banners-lv\">\n<div class=\"product-description-banner\" data-track=\"description-html-asset:Find the perfect TV.\">\n<h3><\/h3>\n<h3 class=\"heading-5 v-fw-regular feature-heading\"><strong>Caracter\u00edsticas<\/strong><\/h3>\n<ul>\n<li><strong>resoluci\u00f3n de 720p<\/strong><br \/>\nVea sus pel\u00edculas, programas y juegos favoritos en alta definici\u00f3n.<\/li>\n<li><strong>DTS TruSurround<\/strong><br \/>\nEste formato multicanal crea una experiencia de sonido envolvente envolvente a trav\u00e9s de los altavoces de su televisor.<\/li>\n<li><strong>Admite arco HDMI<\/strong><br \/>\nEnv\u00eda audio directamente desde el conector HDMI a una barra de sonido compatible o receptor de AV, eliminando la necesidad de un cable adicional.<\/li>\n<li><strong>Conexiones vers\u00e1tiles<\/strong><br \/>\nConecte sus componentes de cine en casa, como un reproductor de Blu-ray, una consola de juegos, parlantes, cable\/antena y m\u00e1s. Las conexiones de TV incluyen 2 puertos HDMI, conectores compuestos (AV), salida \u00f3ptica digital, conector para auriculares, conector coaxial y puerto USB.<\/li>\n<li><strong>Pantalla LCD retroiluminada por LED<\/strong><br \/>\nCon iluminaci\u00f3n LED confiable y duradera, esta pantalla LCD ofrece una amplia gama de colores y contrastes para una experiencia de visualizaci\u00f3n memorable.<\/li>\n<li><strong>Controles parentales<\/strong><br \/>\nAdministre la visualizaci\u00f3n de sus hijos mediante el bloqueo de contenido en funci\u00f3n de las clasificaciones de programas o canales completos. Una vez que los ni\u00f1os est\u00e9n en la cama, accede a lo que quieras con un simple PIN.<\/li>\n<li><strong>Montaje en pared<\/strong><br \/>\nCompatible con el patr\u00f3n VESA 100 \u00d7 100 para un montaje en pared sencillo y seguro.<\/li>\n<li><strong>Enfocado en la sostenibilidad<\/strong><br \/>\nEl embalaje exterior de este producto ha sido fabricado con papel de origen sostenible, certificado por el Forest Stewardship Council (FSC). La certificaci\u00f3n FSC garantiza que el empaque provenga de bosques gestionados de manera responsable para ayudar a proteger el planeta, hoy y ma\u00f1ana.<\/li>\n<\/ul>\n<\/div>\n<\/div>\n","protected":false},"excerpt":{"rendered":"<p>Esta pantalla de 32 pulgadas tiene im\u00e1genes claras y colores ricos y naturales con una pantalla plana LED y una resoluci\u00f3n HD de 720p.\u00a0Tiene las conexiones que necesita para reproductores<\/p>\n","protected":false},"featured_media":77726,"comment_status":"open","ping_status":"closed","template":"","meta":{"_acf_changed":false,"_joinchat":[]},"product_brand":[],"product_cat":[1522,336,937],"product_tag":[],"class_list":{"0":"post-77723","1":"product","2":"type-product","3":"status-publish","4":"has-post-thumbnail","6":"product_cat-ofertas-hogar","7":"product_cat-hogar","8":"product_cat-pantallas","10":"first","11":"instock","12":"sale","13":"shipping-taxable","14":"purchasable","15":"product-type-simple"},"acf":[],"_links":{"self":[{"href":"https:\/\/defabrica.com.mx\/defabrica\/wp-json\/wp\/v2\/product\/77723","targetHints":{"allow":["GET"]}}],"collection":[{"href":"https:\/\/defabrica.com.mx\/defabrica\/wp-json\/wp\/v2\/product"}],"about":[{"href":"https:\/\/defabrica.com.mx\/defabrica\/wp-json\/wp\/v2\/types\/product"}],"replies":[{"embeddable":true,"href":"https:\/\/defabrica.com.mx\/defabrica\/wp-json\/wp\/v2\/comments?post=77723"}],"wp:featuredmedia":[{"embeddable":true,"href":"https:\/\/defabrica.com.mx\/defabrica\/wp-json\/wp\/v2\/media\/77726"}],"wp:attachment":[{"href":"https:\/\/defabrica.com.mx\/defabrica\/wp-json\/wp\/v2\/media?parent=77723"}],"wp:term":[{"taxonomy":"product_brand","embeddable":true,"href":"https:\/\/defabrica.com.mx\/defabrica\/wp-json\/wp\/v2\/product_brand?post=77723"},{"taxonomy":"product_cat","embeddable":true,"href":"https:\/\/defabrica.com.mx\/defabrica\/wp-json\/wp\/v2\/product_cat?post=77723"},{"taxonomy":"product_tag","embeddable":true,"href":"https:\/\/defabrica.com.mx\/defabrica\/wp-json\/wp\/v2\/product_tag?post=77723"}],"curies":[{"name":"wp","href":"https:\/\/api.w.org\/{rel}","templated":true}]}}