{"id":77680,"date":"2022-05-13T16:16:01","date_gmt":"2022-05-13T21:16:01","guid":{"rendered":"https:\/\/defabrica.com.mx\/defabrica\/?post_type=product&#038;p=77680"},"modified":"2023-01-15T11:26:42","modified_gmt":"2023-01-15T17:26:42","slug":"insignia-smart-fire-tv-led-4k-uhd-serie-f30-de-55","status":"publish","type":"product","link":"https:\/\/defabrica.com.mx\/defabrica\/producto\/insignia-smart-fire-tv-led-4k-uhd-serie-f30-de-55\/","title":{"rendered":"Insignia\u2122 &#8211; Smart Fire TV LED 4K UHD serie F30 de 55&#8243;"},"content":{"rendered":"<div class=\"product-description\">Vive cada momento con la asombrosa resoluci\u00f3n 4K Ultra HD en esta pantalla de 55 pulgadas.\u00a0Est\u00e1 equipado con DTS Studio Sound para crear audio realista e inmersivo.\u00a0Acceda a canales y transmisiones en vivo por aire, y contr\u00f3lelo todo con su voz.\u00a0P\u00eddale a Alexa que inicie aplicaciones, busque t\u00edtulos y m\u00e1s.\u00a0Experimente el asequible pero de alto rendimiento Insignia NS-55F301NA22 55&#8243; Class F30 Series LED 4K UHD Smart Fire TV.<\/div>\n<div class=\"product-description-banners-lv\">\n<div class=\"product-description-banner\" data-track=\"description-html-asset:Find the perfect TV.\">\n<h3><\/h3>\n<h3 class=\"heading-5 v-fw-regular feature-heading\"><strong>Caracter\u00edsticas<\/strong><\/h3>\n<div class=\"feature-body-container\">\n<div class=\"features-list-container\">\n<div class=\"features-list all-features\">\n<div class=\"list-row\">\n<ul>\n<li><strong>4K Ultra HD (resoluci\u00f3n de 2160p)<\/strong><br \/>\nDisfruta de impresionantes pel\u00edculas y programas de TV HDR10 4K con una resoluci\u00f3n 4 veces superior a Full HD y mejora tu contenido actual a una calidad de imagen de nivel Ultra HD.<\/li>\n<li><strong>Alto rango din\u00e1mico<\/strong><br \/>\nProporciona una amplia gama de detalles de color y un contraste m\u00e1s n\u00edtido, desde los blancos m\u00e1s brillantes hasta los negros m\u00e1s profundos.<\/li>\n<li><strong>control de voz alexa<\/strong><br \/>\nAlexa Voice Remote le permite controlar f\u00e1cilmente su entretenimiento, buscar en aplicaciones, cambiar entradas y m\u00e1s usando solo su voz. Mant\u00e9n presionado el bot\u00f3n de voz y p\u00eddele a Alexa que busque, inicie y controle contenido f\u00e1cilmente, e incluso cambie a cable.<\/li>\n<li><strong>Accede a miles de programas con Fire TV<\/strong><br \/>\nVea m\u00e1s de 1 mill\u00f3n de pel\u00edculas y episodios de TV en streaming con acceso a miles de canales, aplicaciones y habilidades de Alexa, incluidos Prime Video, Netflix, Hulu, HBO Max, YouTube, Apple TV+, Disney+, ESPN+, Sling TV, Paramount+ y otros servicios. de este televisor.*<\/li>\n<li><strong>Sonido de estudio DTS<\/strong><br \/>\nEsta suite de mejora de audio premium crea audio realista e inmersivo con reproducci\u00f3n de dos altavoces que ampl\u00eda su sentido del espacio y el ambiente.<\/li>\n<li><strong>Admite HDMI ARC y HDMI eARC<\/strong><br \/>\nEnv\u00eda audio directamente desde el conector HDMI a una barra de sonido compatible o receptor de AV, eliminando la necesidad de un cable adicional.<\/li>\n<li><strong>Conexiones vers\u00e1tiles<\/strong><br \/>\nConecte sus componentes de cine en casa, como un reproductor de Blu-ray, una consola de juegos, parlantes, cable\/antena y m\u00e1s. Las conexiones de TV incluyen tres puertos HDMI, conectores compuestos (AV), un conector \u00f3ptico digital, un conector para auriculares y un conector coaxial.<\/li>\n<li><strong>Pantalla LCD LED<\/strong><br \/>\nCon iluminaci\u00f3n LED confiable y duradera, esta pantalla LCD ofrece una amplia gama de colores y contrastes para una experiencia de visualizaci\u00f3n memorable.<\/li>\n<li><strong>Controles parentales<\/strong><br \/>\nAdministre la visualizaci\u00f3n de sus hijos mediante el bloqueo de contenido en funci\u00f3n de las clasificaciones de programas o canales completos. Una vez que los ni\u00f1os est\u00e9n en la cama, accede a lo que quieras con un simple PIN.<\/li>\n<li><strong>Montaje en pared<\/strong><br \/>\nCompatible con el patr\u00f3n VESA 200 \u00d7 200 para un montaje en pared sencillo y seguro.<\/li>\n<li><strong>Soporta Apple AirPlay<\/strong><br \/>\nComparte videos, fotos, m\u00fasica y m\u00e1s desde un dispositivo Apple a tu televisor con solo tocar un bot\u00f3n.<\/li>\n<li><strong>Enfocado en la sostenibilidad<\/strong><br \/>\nEl embalaje exterior de este producto se ha fabricado con papel de origen sostenible, certificado por el Forest Stewardship Council (FSC\u00ae). La certificaci\u00f3n FSC garantiza que el empaque provenga de bosques gestionados de manera responsable para ayudar a proteger el planeta, hoy y ma\u00f1ana.<\/li>\n<\/ul>\n<\/div>\n<\/div>\n<\/div>\n<\/div>\n<\/div>\n<\/div>\n","protected":false},"excerpt":{"rendered":"<p>Vive cada momento con la asombrosa resoluci\u00f3n 4K Ultra HD en esta pantalla de 55 pulgadas.\u00a0Est\u00e1 equipado con DTS Studio Sound para crear audio realista e inmersivo.\u00a0Acceda a canales y<\/p>\n","protected":false},"featured_media":77681,"comment_status":"open","ping_status":"closed","template":"","meta":{"_acf_changed":false,"_joinchat":[]},"product_brand":[],"product_cat":[1522,336,937],"product_tag":[],"class_list":{"0":"post-77680","1":"product","2":"type-product","3":"status-publish","4":"has-post-thumbnail","6":"product_cat-ofertas-hogar","7":"product_cat-hogar","8":"product_cat-pantallas","10":"first","11":"instock","12":"sale","13":"shipping-taxable","14":"purchasable","15":"product-type-simple"},"acf":[],"_links":{"self":[{"href":"https:\/\/defabrica.com.mx\/defabrica\/wp-json\/wp\/v2\/product\/77680","targetHints":{"allow":["GET"]}}],"collection":[{"href":"https:\/\/defabrica.com.mx\/defabrica\/wp-json\/wp\/v2\/product"}],"about":[{"href":"https:\/\/defabrica.com.mx\/defabrica\/wp-json\/wp\/v2\/types\/product"}],"replies":[{"embeddable":true,"href":"https:\/\/defabrica.com.mx\/defabrica\/wp-json\/wp\/v2\/comments?post=77680"}],"wp:featuredmedia":[{"embeddable":true,"href":"https:\/\/defabrica.com.mx\/defabrica\/wp-json\/wp\/v2\/media\/77681"}],"wp:attachment":[{"href":"https:\/\/defabrica.com.mx\/defabrica\/wp-json\/wp\/v2\/media?parent=77680"}],"wp:term":[{"taxonomy":"product_brand","embeddable":true,"href":"https:\/\/defabrica.com.mx\/defabrica\/wp-json\/wp\/v2\/product_brand?post=77680"},{"taxonomy":"product_cat","embeddable":true,"href":"https:\/\/defabrica.com.mx\/defabrica\/wp-json\/wp\/v2\/product_cat?post=77680"},{"taxonomy":"product_tag","embeddable":true,"href":"https:\/\/defabrica.com.mx\/defabrica\/wp-json\/wp\/v2\/product_tag?post=77680"}],"curies":[{"name":"wp","href":"https:\/\/api.w.org\/{rel}","templated":true}]}}