{"id":77575,"date":"2022-05-12T19:29:44","date_gmt":"2022-05-13T00:29:44","guid":{"rendered":"https:\/\/defabrica.com.mx\/defabrica\/?post_type=product&#038;p=77575"},"modified":"2023-01-15T11:24:06","modified_gmt":"2023-01-15T17:24:06","slug":"apple-ipad-mini-ultimo-modelo-con-wi-fi-cellular-64gb-gris-espacial","status":"publish","type":"product","link":"https:\/\/defabrica.com.mx\/defabrica\/producto\/apple-ipad-mini-ultimo-modelo-con-wi-fi-cellular-64gb-gris-espacial\/","title":{"rendered":"Apple &#8211; iPad mini (\u00faltimo modelo) con Wi-Fi + Cellular &#8211; 64GB &#8211; Gris espacial"},"content":{"rendered":"<div class=\"product-description\">El nuevo iPad mini.\u00a0Con un dise\u00f1o de pantalla completa con una pantalla Liquid Retina de 8,3 pulgadas.\u00b9 Potente chip A15 Bionic con Neural Engine.\u00a0Una c\u00e1mara frontal ultra ancha de 12MP con Center Stage.\u00a0Conectividad USB-C.\u00a05G ultrarr\u00e1pido.\u00b2 Toma notas, marca documentos o captura tus mejores ideas con el Apple Pencil (2.\u00aa generaci\u00f3n) que se acopla magn\u00e9ticamente y se carga de forma inal\u00e1mbrica.<\/div>\n<div>\n<h3><\/h3>\n<h3 class=\"heading-5 v-fw-regular feature-heading\"><strong>Caracter\u00edsticas<\/strong><\/h3>\n<ul>\n<li>Pantalla Liquid Retina de 8,3 pulgadas con True Tone y amplia gama de colores\u00b9<\/li>\n<li>Chip bi\u00f3nico A15 con Neural Engine<\/li>\n<li>Touch ID para autenticaci\u00f3n segura y Apple Pay<\/li>\n<li>C\u00e1mara trasera ancha de 12 MP, c\u00e1mara frontal ultra ancha de 12 MP con Center Stage<\/li>\n<li>Disponible en morado, starlight, rosa y gris espacial.<\/li>\n<li>Altavoces est\u00e9reo apaisados<\/li>\n<li>5G para descargas ultrarr\u00e1pidas y transmisi\u00f3n de video\u00b2<\/li>\n<li>Mant\u00e9ngase conectado con Wi-Fi 6 ultrarr\u00e1pido<\/li>\n<li>Hasta 10 horas de duraci\u00f3n de la bater\u00eda\u2074<\/li>\n<li>Conector USB-C para carga y accesorios<\/li>\n<li>Funciona con Apple Pencil (2.\u00aa generaci\u00f3n)\u00b3<\/li>\n<li>iPadOS 15 es excepcionalmente potente, f\u00e1cil de usar y est\u00e1 dise\u00f1ado para la versatilidad del iPad<\/li>\n<\/ul>\n<\/div>\n","protected":false},"excerpt":{"rendered":"<p>El nuevo iPad mini.\u00a0Con un dise\u00f1o de pantalla completa con una pantalla Liquid Retina de 8,3 pulgadas.\u00b9 Potente chip A15 Bionic con Neural Engine.\u00a0Una c\u00e1mara frontal ultra ancha de 12MP<\/p>\n","protected":false},"featured_media":77580,"comment_status":"open","ping_status":"closed","template":"","meta":{"_acf_changed":false,"_joinchat":[]},"product_brand":[],"product_cat":[408,409,256,410],"product_tag":[],"class_list":{"0":"post-77575","1":"product","2":"type-product","3":"status-publish","4":"has-post-thumbnail","6":"product_cat-celulares-y-tablets","7":"product_cat-tablets-y-ipad","8":"product_cat-ipad","9":"product_cat-todas-las-tablets","11":"first","12":"instock","13":"sale","14":"shipping-taxable","15":"purchasable","16":"product-type-simple"},"acf":[],"_links":{"self":[{"href":"https:\/\/defabrica.com.mx\/defabrica\/wp-json\/wp\/v2\/product\/77575","targetHints":{"allow":["GET"]}}],"collection":[{"href":"https:\/\/defabrica.com.mx\/defabrica\/wp-json\/wp\/v2\/product"}],"about":[{"href":"https:\/\/defabrica.com.mx\/defabrica\/wp-json\/wp\/v2\/types\/product"}],"replies":[{"embeddable":true,"href":"https:\/\/defabrica.com.mx\/defabrica\/wp-json\/wp\/v2\/comments?post=77575"}],"wp:featuredmedia":[{"embeddable":true,"href":"https:\/\/defabrica.com.mx\/defabrica\/wp-json\/wp\/v2\/media\/77580"}],"wp:attachment":[{"href":"https:\/\/defabrica.com.mx\/defabrica\/wp-json\/wp\/v2\/media?parent=77575"}],"wp:term":[{"taxonomy":"product_brand","embeddable":true,"href":"https:\/\/defabrica.com.mx\/defabrica\/wp-json\/wp\/v2\/product_brand?post=77575"},{"taxonomy":"product_cat","embeddable":true,"href":"https:\/\/defabrica.com.mx\/defabrica\/wp-json\/wp\/v2\/product_cat?post=77575"},{"taxonomy":"product_tag","embeddable":true,"href":"https:\/\/defabrica.com.mx\/defabrica\/wp-json\/wp\/v2\/product_tag?post=77575"}],"curies":[{"name":"wp","href":"https:\/\/api.w.org\/{rel}","templated":true}]}}