{"id":77502,"date":"2022-05-12T18:29:54","date_gmt":"2022-05-12T23:29:54","guid":{"rendered":"https:\/\/defabrica.com.mx\/defabrica\/?post_type=product&#038;p=77502"},"modified":"2022-12-09T13:27:48","modified_gmt":"2022-12-09T19:27:48","slug":"apple-ipad-pro-de-129-pulgadas-ultimo-modelo-con-wi-fi-cellular-256-gb-desbloqueado-gris-espacial","status":"publish","type":"product","link":"https:\/\/defabrica.com.mx\/defabrica\/producto\/apple-ipad-pro-de-129-pulgadas-ultimo-modelo-con-wi-fi-cellular-256-gb-desbloqueado-gris-espacial\/","title":{"rendered":"Apple &#8211; iPad Pro de 12,9 pulgadas (\u00faltimo modelo) con Wi-Fi + Cellular &#8211; 256 GB (desbloqueado) &#8211; Gris espacial"},"content":{"rendered":"<div class=\"product-description\">El iPad Pro cuenta con el potente chip Apple M1 para un rendimiento superior y una bater\u00eda que dura todo el d\u00eda.\u00b3 Una pantalla Liquid Retina XDR inmersiva de 12,9 pulgadas para ver y editar fotos y videos HDR.\u00b9 Modelos celulares 5G para velocidades ultrarr\u00e1pidas lejos de Wi-Fi. Fi.\u00b2 Y una c\u00e1mara frontal con Center Stage te mantiene en el cuadro autom\u00e1ticamente durante las videollamadas.\u00a0El iPad Pro tiene c\u00e1maras profesionales y un esc\u00e1ner LiDAR para fotos y videos asombrosos y realidad aumentada inmersiva.\u00a0Thunderbolt para conectar a accesorios de alto rendimiento.\u00a0Y puede agregar Apple Pencil para tomar notas, dibujar y marcar documentos, y Magic Keyboard para una experiencia de escritura receptiva y trackpad.<\/div>\n<div>\n<h3><\/h3>\n<h3 class=\"heading-5 v-fw-regular feature-heading\"><strong>Caracter\u00edsticas<\/strong><\/h3>\n<div class=\"feature-body-container\">\n<div class=\"features-list-container\">\n<div class=\"features-list all-features\">\n<div class=\"list-row\">\n<ul>\n<li>Chip Apple M1 para un rendimiento de siguiente nivel<\/li>\n<li>Brillante pantalla Liquid Retina XDR de 12,9 pulgadas\u00b9 con ProMotion, True Tone y P3 wide color<\/li>\n<li>Sistema de c\u00e1mara TrueDepth con c\u00e1mara frontal ultraancha con Center Stage<\/li>\n<li>C\u00e1mara ancha de 12 MP, c\u00e1mara ultra ancha de 10 MP y esc\u00e1ner LiDAR para AR envolvente<\/li>\n<li>5G para descargas ultrarr\u00e1pidas y transmisi\u00f3n de alta calidad\u00b2<\/li>\n<li>Mant\u00e9ngase conectado con Wi-Fi 6 ultrarr\u00e1pido<\/li>\n<li>Vaya m\u00e1s lejos con la duraci\u00f3n de la bater\u00eda durante todo el d\u00eda\u00b3<\/li>\n<li>Puerto Thunderbolt para conectarse a almacenamiento externo r\u00e1pido, pantallas y bases<\/li>\n<li>Face ID para autenticaci\u00f3n segura y Apple Pay<\/li>\n<li>Cuatro bocinas de audio y cinco micr\u00f3fonos con calidad de estudio<\/li>\n<li>Compatibilidad con Apple Pencil (2.\u00aa generaci\u00f3n), Magic Keyboard y Smart Keyboard Folio\u2074<\/li>\n<li>iPadOS es potente, intuitivo y est\u00e1 dise\u00f1ado espec\u00edficamente para iPad<\/li>\n<li>M\u00e1s de un mill\u00f3n de aplicaciones en la App Store solo para iPad<\/li>\n<li>Las aplicaciones est\u00e1n disponibles en la App Store. La disponibilidad de t\u00edtulos est\u00e1 sujeta a cambios.<\/li>\n<\/ul>\n<\/div>\n<\/div>\n<\/div>\n<\/div>\n<\/div>\n","protected":false},"excerpt":{"rendered":"<p>El iPad Pro cuenta con el potente chip Apple M1 para un rendimiento superior y una bater\u00eda que dura todo el d\u00eda.\u00b3 Una pantalla Liquid Retina XDR inmersiva de 12,9<\/p>\n","protected":false},"featured_media":77503,"comment_status":"open","ping_status":"closed","template":"","meta":{"_acf_changed":false,"_joinchat":[]},"product_brand":[],"product_cat":[408,409,256,410],"product_tag":[],"class_list":{"0":"post-77502","1":"product","2":"type-product","3":"status-publish","4":"has-post-thumbnail","6":"product_cat-celulares-y-tablets","7":"product_cat-tablets-y-ipad","8":"product_cat-ipad","9":"product_cat-todas-las-tablets","11":"first","12":"instock","13":"sale","14":"shipping-taxable","15":"purchasable","16":"product-type-simple"},"acf":[],"_links":{"self":[{"href":"https:\/\/defabrica.com.mx\/defabrica\/wp-json\/wp\/v2\/product\/77502","targetHints":{"allow":["GET"]}}],"collection":[{"href":"https:\/\/defabrica.com.mx\/defabrica\/wp-json\/wp\/v2\/product"}],"about":[{"href":"https:\/\/defabrica.com.mx\/defabrica\/wp-json\/wp\/v2\/types\/product"}],"replies":[{"embeddable":true,"href":"https:\/\/defabrica.com.mx\/defabrica\/wp-json\/wp\/v2\/comments?post=77502"}],"wp:featuredmedia":[{"embeddable":true,"href":"https:\/\/defabrica.com.mx\/defabrica\/wp-json\/wp\/v2\/media\/77503"}],"wp:attachment":[{"href":"https:\/\/defabrica.com.mx\/defabrica\/wp-json\/wp\/v2\/media?parent=77502"}],"wp:term":[{"taxonomy":"product_brand","embeddable":true,"href":"https:\/\/defabrica.com.mx\/defabrica\/wp-json\/wp\/v2\/product_brand?post=77502"},{"taxonomy":"product_cat","embeddable":true,"href":"https:\/\/defabrica.com.mx\/defabrica\/wp-json\/wp\/v2\/product_cat?post=77502"},{"taxonomy":"product_tag","embeddable":true,"href":"https:\/\/defabrica.com.mx\/defabrica\/wp-json\/wp\/v2\/product_tag?post=77502"}],"curies":[{"name":"wp","href":"https:\/\/api.w.org\/{rel}","templated":true}]}}