{"id":77495,"date":"2022-05-12T18:21:52","date_gmt":"2022-05-12T23:21:52","guid":{"rendered":"https:\/\/defabrica.com.mx\/defabrica\/?post_type=product&#038;p=77495"},"modified":"2022-12-09T13:27:27","modified_gmt":"2022-12-09T19:27:27","slug":"apple-ipad-air-de-109-pulgadas-4-a-generacion-con-wi-fi-256-gb-gris-espacial","status":"publish","type":"product","link":"https:\/\/defabrica.com.mx\/defabrica\/producto\/apple-ipad-air-de-109-pulgadas-4-a-generacion-con-wi-fi-256-gb-gris-espacial\/","title":{"rendered":"Apple &#8211; iPad Air de 10,9 pulgadas &#8211; (4.\u00aa generaci\u00f3n) con Wi-Fi &#8211; 256 GB &#8211; Gris espacial"},"content":{"rendered":"<div class=\"product-description\">El nuevo iPad Air.\u00a0Es m\u00e1s vers\u00e1til que nunca.\u00a0La impresionante pantalla Liquid Retina de 10,9 pulgadas con colores amplios te permite ver fotos, videos y juegos con detalles v\u00edvidos y reales.\u00b9 Cuenta con el chip A14 Bionic con Neural Engine, que brinda potencia y capacidades avanzadas de aprendizaje autom\u00e1tico para editar un video 4K, cree una hermosa presentaci\u00f3n, dise\u00f1e un modelo 3D y haga todas estas cosas con facilidad.\u00a0Y ahora con soporte para Magic Keyboard y Apple Pencil (2da generaci\u00f3n)\u00b2, Touch ID y Apple Pay r\u00e1pidos, f\u00e1ciles y seguros, una c\u00e1mara trasera de 12MP y una c\u00e1mara FaceTime HD de 7MP, conector USB-C para carga y accesorios, todo el d\u00eda duraci\u00f3n de la bater\u00eda\u00b3 y Wi-Fi 6 r\u00e1pido. Con el iPad Air tienes el poder de hacer realidad tus ideas.<\/div>\n<div>\n<h3><\/h3>\n<h3 class=\"heading-5 v-fw-regular feature-heading\"><strong>Caracter\u00edsticas<\/strong><\/h3>\n<div class=\"feature-body-container\">\n<div class=\"features-list-container\">\n<div class=\"features-list all-features\">\n<div class=\"list-row\">\n<ul>\n<li>Impresionante pantalla Liquid Retina de 10,9 pulgadas con True Tone y color amplio P3\u00b9<\/li>\n<li>Chip bi\u00f3nico A14 con Neural Engine<\/li>\n<li>Touch ID para autenticaci\u00f3n segura y Apple Pay<\/li>\n<li>C\u00e1mara trasera de 12MP, c\u00e1mara frontal FaceTime HD de 7MP<\/li>\n<li>Disponible en plata, gris espacial, oro rosa, verde y azul cielo<\/li>\n<li>Amplio audio est\u00e9reo<\/li>\n<li>WiFi 6 (802.11ax)<\/li>\n<li>Hasta 10 horas de duraci\u00f3n de la bater\u00eda\u00b3<\/li>\n<li>Conector USB-C para carga y accesorios<\/li>\n<li>Compatibilidad con Magic Keyboard, Smart Keyboard Folio y Apple Pencil (2.\u00aa generaci\u00f3n)\u00b2<\/li>\n<li>iPadOS 14 trae nuevas capacidades dise\u00f1adas espec\u00edficamente para iPad<\/li>\n<li>Las aplicaciones est\u00e1n disponibles en la App Store. La disponibilidad de t\u00edtulos est\u00e1 sujeta a cambios.<\/li>\n<li>\u00b9La pantalla tiene esquinas redondeadas. Cuando se mide en diagonal como un rect\u00e1ngulo, la pantalla del iPad Air (4.\u00aa generaci\u00f3n) mide 10,86 pulgadas. El \u00e1rea visible real es menor.<\/li>\n<\/ul>\n<\/div>\n<\/div>\n<\/div>\n<\/div>\n<\/div>\n","protected":false},"excerpt":{"rendered":"<p>El nuevo iPad Air.\u00a0Es m\u00e1s vers\u00e1til que nunca.\u00a0La impresionante pantalla Liquid Retina de 10,9 pulgadas con colores amplios te permite ver fotos, videos y juegos con detalles v\u00edvidos y reales.\u00b9<\/p>\n","protected":false},"featured_media":77496,"comment_status":"open","ping_status":"closed","template":"","meta":{"_acf_changed":false,"_joinchat":[]},"product_brand":[],"product_cat":[408,409,256,410],"product_tag":[],"class_list":{"0":"post-77495","1":"product","2":"type-product","3":"status-publish","4":"has-post-thumbnail","6":"product_cat-celulares-y-tablets","7":"product_cat-tablets-y-ipad","8":"product_cat-ipad","9":"product_cat-todas-las-tablets","11":"first","12":"instock","13":"sale","14":"shipping-taxable","15":"purchasable","16":"product-type-simple"},"acf":[],"_links":{"self":[{"href":"https:\/\/defabrica.com.mx\/defabrica\/wp-json\/wp\/v2\/product\/77495","targetHints":{"allow":["GET"]}}],"collection":[{"href":"https:\/\/defabrica.com.mx\/defabrica\/wp-json\/wp\/v2\/product"}],"about":[{"href":"https:\/\/defabrica.com.mx\/defabrica\/wp-json\/wp\/v2\/types\/product"}],"replies":[{"embeddable":true,"href":"https:\/\/defabrica.com.mx\/defabrica\/wp-json\/wp\/v2\/comments?post=77495"}],"wp:featuredmedia":[{"embeddable":true,"href":"https:\/\/defabrica.com.mx\/defabrica\/wp-json\/wp\/v2\/media\/77496"}],"wp:attachment":[{"href":"https:\/\/defabrica.com.mx\/defabrica\/wp-json\/wp\/v2\/media?parent=77495"}],"wp:term":[{"taxonomy":"product_brand","embeddable":true,"href":"https:\/\/defabrica.com.mx\/defabrica\/wp-json\/wp\/v2\/product_brand?post=77495"},{"taxonomy":"product_cat","embeddable":true,"href":"https:\/\/defabrica.com.mx\/defabrica\/wp-json\/wp\/v2\/product_cat?post=77495"},{"taxonomy":"product_tag","embeddable":true,"href":"https:\/\/defabrica.com.mx\/defabrica\/wp-json\/wp\/v2\/product_tag?post=77495"}],"curies":[{"name":"wp","href":"https:\/\/api.w.org\/{rel}","templated":true}]}}