{"id":77470,"date":"2022-05-12T18:03:02","date_gmt":"2022-05-12T23:03:02","guid":{"rendered":"https:\/\/defabrica.com.mx\/defabrica\/?post_type=product&#038;p=77470"},"modified":"2023-01-14T15:53:32","modified_gmt":"2023-01-14T21:53:32","slug":"apple-ipad-de-102-pulgadas-ultimo-modelo-con-wi-fi-256-gb-gris-espacial","status":"publish","type":"product","link":"https:\/\/defabrica.com.mx\/defabrica\/producto\/apple-ipad-de-102-pulgadas-ultimo-modelo-con-wi-fi-256-gb-gris-espacial\/","title":{"rendered":"Apple &#8211; iPad de 10,2 pulgadas (\u00faltimo modelo) con Wi-Fi &#8211; 256 GB &#8211; Gris espacial"},"content":{"rendered":"<div class=\"product-description\">Poderoso.\u00a0F\u00e1cil de usar.\u00a0Vers\u00e1til.\u00a0El nuevo iPad tiene una hermosa pantalla Retina de 10,2 pulgadas, un potente chip A13 Bionic, una c\u00e1mara frontal ultraancha con Center Stage y funciona con Apple Pencil y Smart Keyboard.\u00b9 El iPad te permite hacer m\u00e1s, m\u00e1s f\u00e1cilmente.\u00a0Todo por un valor incre\u00edble.<\/div>\n<div>\n<h3><\/h3>\n<h3 class=\"heading-5 v-fw-regular feature-heading\"><strong>Caracter\u00edsticas<\/strong><\/h3>\n<ul>\n<li>Magn\u00edfica pantalla Retina de 10,2 pulgadas con True Tone<\/li>\n<li>Chip bi\u00f3nico A13 con Neural Engine<\/li>\n<li>C\u00e1mara trasera ancha de 8 MP, c\u00e1mara frontal ultra ancha de 12 MP con Center Stage<\/li>\n<li>Hasta 256 GB de almacenamiento<\/li>\n<li>Altavoces est\u00e9reo<\/li>\n<li>Touch ID para autenticaci\u00f3n segura y Apple Pay<\/li>\n<li>WiFi 802.11ac<\/li>\n<li>Hasta 10 horas de duraci\u00f3n de la bater\u00eda\u00b2<\/li>\n<li>Conector Lightning para carga y accesorios<\/li>\n<li>Funciona con Apple Pencil (primera generaci\u00f3n) y Smart Keyboard\u00b9<\/li>\n<li>iPadOS 15 es excepcionalmente potente, f\u00e1cil de usar y est\u00e1 dise\u00f1ado para la versatilidad del iPad<\/li>\n<li>Las aplicaciones est\u00e1n disponibles en la App Store. La disponibilidad de t\u00edtulos est\u00e1 sujeta a cambios.<\/li>\n<\/ul>\n<\/div>\n","protected":false},"excerpt":{"rendered":"<p>Poderoso.\u00a0F\u00e1cil de usar.\u00a0Vers\u00e1til.\u00a0El nuevo iPad tiene una hermosa pantalla Retina de 10,2 pulgadas, un potente chip A13 Bionic, una c\u00e1mara frontal ultraancha con Center Stage y funciona con Apple Pencil<\/p>\n","protected":false},"featured_media":77475,"comment_status":"open","ping_status":"closed","template":"","meta":{"_acf_changed":false,"_joinchat":[]},"product_brand":[],"product_cat":[408,409,256,410],"product_tag":[],"class_list":{"0":"post-77470","1":"product","2":"type-product","3":"status-publish","4":"has-post-thumbnail","6":"product_cat-celulares-y-tablets","7":"product_cat-tablets-y-ipad","8":"product_cat-ipad","9":"product_cat-todas-las-tablets","11":"first","12":"instock","13":"sale","14":"shipping-taxable","15":"purchasable","16":"product-type-simple"},"acf":[],"_links":{"self":[{"href":"https:\/\/defabrica.com.mx\/defabrica\/wp-json\/wp\/v2\/product\/77470","targetHints":{"allow":["GET"]}}],"collection":[{"href":"https:\/\/defabrica.com.mx\/defabrica\/wp-json\/wp\/v2\/product"}],"about":[{"href":"https:\/\/defabrica.com.mx\/defabrica\/wp-json\/wp\/v2\/types\/product"}],"replies":[{"embeddable":true,"href":"https:\/\/defabrica.com.mx\/defabrica\/wp-json\/wp\/v2\/comments?post=77470"}],"wp:featuredmedia":[{"embeddable":true,"href":"https:\/\/defabrica.com.mx\/defabrica\/wp-json\/wp\/v2\/media\/77475"}],"wp:attachment":[{"href":"https:\/\/defabrica.com.mx\/defabrica\/wp-json\/wp\/v2\/media?parent=77470"}],"wp:term":[{"taxonomy":"product_brand","embeddable":true,"href":"https:\/\/defabrica.com.mx\/defabrica\/wp-json\/wp\/v2\/product_brand?post=77470"},{"taxonomy":"product_cat","embeddable":true,"href":"https:\/\/defabrica.com.mx\/defabrica\/wp-json\/wp\/v2\/product_cat?post=77470"},{"taxonomy":"product_tag","embeddable":true,"href":"https:\/\/defabrica.com.mx\/defabrica\/wp-json\/wp\/v2\/product_tag?post=77470"}],"curies":[{"name":"wp","href":"https:\/\/api.w.org\/{rel}","templated":true}]}}