{"id":77431,"date":"2022-05-12T17:16:15","date_gmt":"2022-05-12T22:16:15","guid":{"rendered":"https:\/\/defabrica.com.mx\/defabrica\/?post_type=product&#038;p=77431"},"modified":"2022-12-09T12:44:05","modified_gmt":"2022-12-09T18:44:05","slug":"amazon-fire-7-kids-tablet-de-7-edades-3-7-16gb-azul","status":"publish","type":"product","link":"https:\/\/defabrica.com.mx\/defabrica\/producto\/amazon-fire-7-kids-tablet-de-7-edades-3-7-16gb-azul\/","title":{"rendered":"Amazon &#8211; Fire 7 Kids &#8211; Tablet de 7&#8243; &#8211; edades 3-7 &#8211; 16GB &#8211; Azul"},"content":{"rendered":"<div class=\"embedded-component-container lv product-description\">\n<div>\n<div id=\"shop-product-description-37040588\" class=\"_none\" data-version=\"1.3.44\">\n<div class=\"shop-product-description\">\n<section class=\"align-heading-left\" data-reactroot=\"\">\n<div class=\"long-description-container body-copy \">\n<div class=\"html-fragment\">Tablet Fire 7 Kids Edition totalmente nueva, 7&#8243;, 16 GB, azul<\/div>\n<\/div>\n<\/section>\n<\/div>\n<\/div>\n<\/div>\n<\/div>\n<div class=\"embedded-component-container lv product-features\">\n<h3><\/h3>\n<h3 class=\"heading-5 v-fw-regular feature-heading\"><strong>Caracter\u00edsticas<\/strong><\/h3>\n<div class=\"feature-body-container\">\n<div class=\"features-list-container\">\n<div class=\"features-list all-features\">\n<div class=\"list-row\">\n<ul>\n<li><strong>Hecho para ni\u00f1os.<\/strong><br \/>\nLa tableta Fire 7 Kids Edition incluye un estuche a prueba de ni\u00f1os con soporte incorporado, 1 a\u00f1o de Amazon FreeTime Unlimited y una garant\u00eda de 2 a\u00f1os sin preocupaciones.<\/li>\n<li><strong>Contenido que los ni\u00f1os anhelan.<\/strong><br \/>\nAmazon FreeTime Unlimited es una suscripci\u00f3n todo en uno que ofrece m\u00e1s de 20 000 libros, pel\u00edculas, programas de TV, aplicaciones y juegos para ni\u00f1os de 3 a 12 a\u00f1os. Los filtros de edad aseguran que los ni\u00f1os vean contenido apropiado para su edad.<\/li>\n<li><strong>Tiempo Libre Ilimitado en Espa\u00f1ol.<\/strong><br \/>\nAmazon FreeTime Unlimited incluye miles de libros, videos, aplicaciones, juegos y audiolibros en espa\u00f1ol seleccionados a mano y aptos para ni\u00f1os. Los personajes, t\u00edtulos y marcas populares incluyen S\u00e9samo, Dora, Sonic the Hedgehog, Nickelodeon, Disney y m\u00e1s.<\/li>\n<li><strong>Controles parentales.<\/strong><br \/>\nLimite el tiempo frente a la pantalla, establezca objetivos educativos y toques de queda, y administre contenido para hasta 4 perfiles de ni\u00f1os con controles parentales f\u00e1ciles de usar. En FreeTime, los ni\u00f1os no tienen acceso a las redes sociales ni a Alexa.<\/li>\n<\/ul>\n<\/div>\n<\/div>\n<\/div>\n<\/div>\n<\/div>\n","protected":false},"excerpt":{"rendered":"<p>Tablet Fire 7 Kids Edition totalmente nueva, 7&#8243;, 16 GB, azul Caracter\u00edsticas Hecho para ni\u00f1os. La tableta Fire 7 Kids Edition incluye un estuche a prueba de ni\u00f1os con soporte<\/p>\n","protected":false},"featured_media":77438,"comment_status":"open","ping_status":"closed","template":"","meta":{"_acf_changed":false,"_joinchat":[]},"product_brand":[],"product_cat":[408,409,261,410],"product_tag":[],"class_list":{"0":"post-77431","1":"product","2":"type-product","3":"status-publish","4":"has-post-thumbnail","6":"product_cat-celulares-y-tablets","7":"product_cat-tablets-y-ipad","8":"product_cat-amazon","9":"product_cat-todas-las-tablets","11":"first","12":"instock","13":"sale","14":"shipping-taxable","15":"purchasable","16":"product-type-simple"},"acf":[],"_links":{"self":[{"href":"https:\/\/defabrica.com.mx\/defabrica\/wp-json\/wp\/v2\/product\/77431","targetHints":{"allow":["GET"]}}],"collection":[{"href":"https:\/\/defabrica.com.mx\/defabrica\/wp-json\/wp\/v2\/product"}],"about":[{"href":"https:\/\/defabrica.com.mx\/defabrica\/wp-json\/wp\/v2\/types\/product"}],"replies":[{"embeddable":true,"href":"https:\/\/defabrica.com.mx\/defabrica\/wp-json\/wp\/v2\/comments?post=77431"}],"wp:featuredmedia":[{"embeddable":true,"href":"https:\/\/defabrica.com.mx\/defabrica\/wp-json\/wp\/v2\/media\/77438"}],"wp:attachment":[{"href":"https:\/\/defabrica.com.mx\/defabrica\/wp-json\/wp\/v2\/media?parent=77431"}],"wp:term":[{"taxonomy":"product_brand","embeddable":true,"href":"https:\/\/defabrica.com.mx\/defabrica\/wp-json\/wp\/v2\/product_brand?post=77431"},{"taxonomy":"product_cat","embeddable":true,"href":"https:\/\/defabrica.com.mx\/defabrica\/wp-json\/wp\/v2\/product_cat?post=77431"},{"taxonomy":"product_tag","embeddable":true,"href":"https:\/\/defabrica.com.mx\/defabrica\/wp-json\/wp\/v2\/product_tag?post=77431"}],"curies":[{"name":"wp","href":"https:\/\/api.w.org\/{rel}","templated":true}]}}