{"id":77026,"date":"2022-05-07T20:06:08","date_gmt":"2022-05-08T01:06:08","guid":{"rendered":"https:\/\/defabrica.com.mx\/defabrica\/?post_type=product&#038;p=77026"},"modified":"2023-01-14T15:43:53","modified_gmt":"2023-01-14T21:43:53","slug":"samsung-galaxy-tab-s8-11-128gb-wi-fi-con-s-pen-grafito","status":"publish","type":"product","link":"https:\/\/defabrica.com.mx\/defabrica\/producto\/samsung-galaxy-tab-s8-11-128gb-wi-fi-con-s-pen-grafito\/","title":{"rendered":"Samsung &#8211; Galaxy Tab S8 &#8211; 11&#8243; 128GB &#8211; Wi-Fi &#8211; con S-Pen &#8211; Grafito"},"content":{"rendered":"<div class=\"embedded-component-container lv product-description\">\n<div>\n<div id=\"shop-product-description-67567501\" class=\"_none\" data-version=\"1.3.44\">\n<div class=\"shop-product-description\">\n<section class=\"align-heading-left\" data-reactroot=\"\">\n<div class=\"long-description-container body-copy \">\n<div class=\"html-fragment\">S\u00e1cale m\u00e1s partido a la vida con Galaxy Tab S8, una tableta premium que te ayuda a disfrutar del d\u00eda.<\/div>\n<\/div>\n<\/section>\n<\/div>\n<\/div>\n<\/div>\n<\/div>\n<div class=\"embedded-component-container lv product-features\">\n<h3><\/h3>\n<h3 class=\"heading-5 v-fw-regular feature-heading\"><strong>Caracter\u00edsticas<\/strong><\/h3>\n<div class=\"feature-body-container\">\n<div class=\"features-list-container\">\n<div class=\"features-list all-features\">\n<div class=\"list-row\">\n<ul>\n<li><strong>PRODUCTIVIDAD Y DeX<\/strong><br \/>\nDescubra nuevas formas de trabajar con las capacidades 2 en 1 de una tableta y una PC: Samsung DeX crea una experiencia de escritorio en su tableta y la integraci\u00f3n de Microsoft 365 le permite crear y editar documentos como lo har\u00eda en una PC.<\/li>\n<li><strong>ACTUACI\u00d3N<\/strong><br \/>\nDisfruta el d\u00eda con una gran potencia de rendimiento, que incluye un impresionante conjunto de chips Qualcomm Snapdragon y una bater\u00eda para todo el d\u00eda.<\/li>\n<li><strong>PLUMA S<\/strong><br \/>\nInspire su imaginaci\u00f3n con nuestro S Pen m\u00e1s r\u00e1pido hasta el momento, con una latencia casi nula para sentirse a\u00fan m\u00e1s como un bol\u00edgrafo real: est\u00e1 incluido con la compra.<\/li>\n<li><strong>BATER\u00cdA DE LARGA DURACI\u00d3N Y CARGA UNIVERSAL<\/strong><br \/>\nPasa horas con una sola carga\u00b9 y vuelve al 100 % r\u00e1pidamente con el puerto USB-C de carga r\u00e1pida.<\/li>\n<li><strong>EXPERIENCIA EN PANTALLA<\/strong><br \/>\nPrep\u00e1rese para 11&#8243; de deslumbrante asombro \u00f3ptico con una pantalla LCD din\u00e1mica que brinda brillo, nitidez y color del siguiente nivel.<\/li>\n<li><strong>C\u00c1MARA FRONTAL ULTRA ANCHA CON ENCUADRE AUTOM\u00c1TICO<\/strong><br \/>\nGraba videos en 4K supern\u00edtidos con una c\u00e1mara frontal dual ultraancha que es el doble de buena para capturar los momentos de la vida que m\u00e1s te gustan.<\/li>\n<li><strong>VIDEOLLAMADAS OPTIMIZADAS<\/strong><br \/>\nya sea que est\u00e9 aprendiendo a distancia, trabajando o chateando con un amigo, lleve sus chats de video al siguiente nivel con alta resoluci\u00f3n, una c\u00e1mara ultra gran angular con encuadre autom\u00e1tico y tres micr\u00f3fonos con cancelaci\u00f3n de ruido.<\/li>\n<li><strong>EXPERIENCIA GALAXIA<\/strong><br \/>\nContestar llamadas. Lleva tus Samsung Notes desde tu Galaxy Z fold3 5G a tu Tab S8+. Config\u00farelo como una segunda pantalla para su Galaxy Book para obtener el doble de productividad. Comparta archivos al instante con Quick Share. Conecta tus Galaxy Buds2 y cambia sin problemas entre dispositivos Galaxy.<\/li>\n<li><strong>NOTAS DE SAMSUNG<\/strong><br \/>\nCon la conectividad Galaxy, tus notas siempre est\u00e1n sincronizadas sin importar qu\u00e9 dispositivo est\u00e9s usando. Capture una idea en una nota, convierta su escritura a mano en texto, gu\u00e1rdela como un archivo para compartir y acceda a ella desde cualquier dispositivo que est\u00e9 usando.<\/li>\n<li><strong>NI\u00d1OS SAMSUNG<\/strong><br \/>\nUna biblioteca de juegos, libros y videos divertidos que es seguro, apto para ni\u00f1os y aprobado por los padres.<\/li>\n<li><strong>INTERRUPTOR INTELIGENTE<\/strong><br \/>\nal cambiar a Galaxy, no tienes que decir adi\u00f3s a tus cosas viejas. Los archivos que estabas usando antes (tus fotos, configuraciones e historial de llamadas) se quedar\u00e1n contigo en tu nueva Galaxy Tab S8, sin importar el sistema operativo al que est\u00e9s cambiando.<\/li>\n<li><strong>MEMORIA EXPANDIBLE<\/strong><br \/>\nAmpl\u00ede su almacenamiento hasta 1 TB con una tarjeta microSD\u00b2.<\/li>\n<\/ul>\n<\/div>\n<\/div>\n<\/div>\n<\/div>\n<\/div>\n","protected":false},"excerpt":{"rendered":"<p>S\u00e1cale m\u00e1s partido a la vida con Galaxy Tab S8, una tableta premium que te ayuda a disfrutar del d\u00eda. Caracter\u00edsticas PRODUCTIVIDAD Y DeX Descubra nuevas formas de trabajar con<\/p>\n","protected":false},"featured_media":77027,"comment_status":"open","ping_status":"closed","template":"","meta":{"_acf_changed":false,"_joinchat":[]},"product_brand":[],"product_cat":[408,409,257],"product_tag":[],"class_list":{"0":"post-77026","1":"product","2":"type-product","3":"status-publish","4":"has-post-thumbnail","6":"product_cat-celulares-y-tablets","7":"product_cat-tablets-y-ipad","8":"product_cat-samsung-galaxy","10":"first","11":"instock","12":"sale","13":"shipping-taxable","14":"purchasable","15":"product-type-simple"},"acf":[],"_links":{"self":[{"href":"https:\/\/defabrica.com.mx\/defabrica\/wp-json\/wp\/v2\/product\/77026","targetHints":{"allow":["GET"]}}],"collection":[{"href":"https:\/\/defabrica.com.mx\/defabrica\/wp-json\/wp\/v2\/product"}],"about":[{"href":"https:\/\/defabrica.com.mx\/defabrica\/wp-json\/wp\/v2\/types\/product"}],"replies":[{"embeddable":true,"href":"https:\/\/defabrica.com.mx\/defabrica\/wp-json\/wp\/v2\/comments?post=77026"}],"wp:featuredmedia":[{"embeddable":true,"href":"https:\/\/defabrica.com.mx\/defabrica\/wp-json\/wp\/v2\/media\/77027"}],"wp:attachment":[{"href":"https:\/\/defabrica.com.mx\/defabrica\/wp-json\/wp\/v2\/media?parent=77026"}],"wp:term":[{"taxonomy":"product_brand","embeddable":true,"href":"https:\/\/defabrica.com.mx\/defabrica\/wp-json\/wp\/v2\/product_brand?post=77026"},{"taxonomy":"product_cat","embeddable":true,"href":"https:\/\/defabrica.com.mx\/defabrica\/wp-json\/wp\/v2\/product_cat?post=77026"},{"taxonomy":"product_tag","embeddable":true,"href":"https:\/\/defabrica.com.mx\/defabrica\/wp-json\/wp\/v2\/product_tag?post=77026"}],"curies":[{"name":"wp","href":"https:\/\/api.w.org\/{rel}","templated":true}]}}