{"id":76842,"date":"2022-05-07T15:51:52","date_gmt":"2022-05-07T20:51:52","guid":{"rendered":"https:\/\/defabrica.com.mx\/defabrica\/?post_type=product&#038;p=76842"},"modified":"2023-01-14T15:35:29","modified_gmt":"2023-01-14T21:35:29","slug":"samsung-galaxy-book-go-pantalla-led-de-140-procesador-qualcomm-snapdragon-7c-gen-2-memoria-de-4-gb-emmc-de-128-gb-plateado","status":"publish","type":"product","link":"https:\/\/defabrica.com.mx\/defabrica\/producto\/samsung-galaxy-book-go-pantalla-led-de-140-procesador-qualcomm-snapdragon-7c-gen-2-memoria-de-4-gb-emmc-de-128-gb-plateado\/","title":{"rendered":"Samsung &#8211; Galaxy Book Go &#8211; Pantalla LED de 14,0&#8243; &#8211; Procesador Qualcomm\u00ae Snapdragon\u2122 7C Gen 2 &#8211; Memoria de 4 GB &#8211; eMMC de 128 GB &#8211; Plateado"},"content":{"rendered":"<div class=\"embedded-component-container lv product-description\">\n<div>\n<div id=\"shop-product-description-87265630\" class=\"_none\" data-version=\"1.3.44\">\n<div class=\"shop-product-description\">\n<section class=\"align-heading-left\" data-reactroot=\"\">\n<div class=\"long-description-container body-copy \">\n<div class=\"html-fragment\">\u00bfPor qu\u00e9 las computadoras port\u00e1tiles no pueden parecerse m\u00e1s a los tel\u00e9fonos?\u00a0Compacto y duradero, el Samsung Galaxy Book Go re\u00fane la potencia de la PC en una laptop delgada y resistente a los golpes que te ayuda a aprovechar el d\u00eda como lo deseas.\u00a0Trabaja.\u00a0Crear.\u00a0Tienda.\u00a0Relajarse.\u00a0Sea cual sea la tarea, Galaxy Book Go te ayuda a realizarla con gusto.\u00a0Dise\u00f1ado para mantenerse fresco sin un ventilador, Galaxy Book Go cuenta con una avanzada plataforma de c\u00f3mputo Qualcomm Snapdragon de bajo consumo de energ\u00eda que ofrece un rendimiento receptivo e instant\u00e1neo que consume menos energ\u00eda, mantiene la bater\u00eda cargada por m\u00e1s tiempo y usted est\u00e1 a cargo de sus tareas pendientes. lista.\u00a0El dise\u00f1o tambi\u00e9n lo convierte en una computadora port\u00e1til m\u00e1s liviana y silenciosa, lo que significa m\u00e1s momentos de concentraci\u00f3n completa tipo Zen para ti, donde sea que est\u00e9s.<\/div>\n<\/div>\n<\/section>\n<\/div>\n<\/div>\n<\/div>\n<\/div>\n<div class=\"embedded-component-container lv product-features\">\n<h3><\/h3>\n<h3 class=\"heading-5 v-fw-regular feature-heading\"><strong>Caracter\u00edsticas<\/strong><\/h3>\n<ul>\n<li><strong>Windows 11<\/strong><br \/>\nFamilia, amigos, obsesiones, m\u00fasica, creaciones: Windows 11 es el \u00fanico lugar para todo. Con una nueva sensaci\u00f3n y herramientas que hacen que sea m\u00e1s f\u00e1cil ser eficiente, tiene lo que necesita para lo que viene.<\/li>\n<li><strong>Potente, pero silencioso<\/strong><br \/>\nMant\u00e9ngase fresco con una potente plataforma de c\u00f3mputo Qualcomm Snapdragon 7c Gen 2 que ofrece un rendimiento receptivo instant\u00e1neo que funciona sin ventilador, para un dispositivo liviano que es r\u00e1pido y silencioso.<\/li>\n<li><strong>Energ\u00eda por horas<\/strong><br \/>\nEnv\u00ede correos electr\u00f3nicos, realice reuniones virtuales, transmita videos, consulte las redes sociales y m\u00e1s. Galaxy Book Go te ayuda a mantenerte conectado y sin cables con hasta 18 horas con una bater\u00eda completamente cargada.\u00b9\u00b2<\/li>\n<li><strong>Pulcro. Delgado. A prueba de choques.<\/strong><br \/>\nA prueba de golpes y con un dise\u00f1o duradero con una conveniente bisagra de 180 grados, esta computadora port\u00e1til compacta y liviana deletrea sofisticaci\u00f3n en plata.<\/li>\n<li><strong>Trabaja y juega con el resto de tu Galaxy<\/strong><br \/>\nEmpareje sus dispositivos y salte f\u00e1cilmente de su vida laboral a su vida personal en su Galaxy Book Go. Config\u00farelo como una segunda pantalla, para obtener el doble de productividad. Comparta archivos al instante entre dispositivos con Quick Share. Juega juegos m\u00f3viles en una pantalla m\u00e1s grande.<\/li>\n<li><strong>O conecte su Galaxy Buds Pro y cambie sin problemas de videoconferencias a ponerse al d\u00eda con amigos.<\/strong><\/li>\n<li><strong>Luzca como un profesional, incluso en su sala de estar<\/strong><br \/>\nHaga que WFH trabaje para usted con herramientas que lo ayuden a lucir, sonar y dar lo mejor de s\u00ed. Asista a una reuni\u00f3n matutina de \u00faltima hora y d\u00e9 una buena impresi\u00f3n con nuestro filtro de belleza de la c\u00e1mara. Oculte el resto del alboroto de la familia con la eliminaci\u00f3n del ruido de fondo y m\u00e1s.<\/li>\n<li><strong>Haz mucho m\u00e1s con Wi-Fi, eso es mucho mejor<\/strong><br \/>\nHaga m\u00e1s mientras viaja con la conectividad Wi-Fi 5 r\u00e1pida y fluida.<\/li>\n<li><strong>\u00b9Basado en la duraci\u00f3n promedio de la bater\u00eda en condiciones de uso t\u00edpicas. Rendimiento promedio esperado basado en el uso t\u00edpico. La duraci\u00f3n real de la bater\u00eda depende de varios factores y otros patrones de uso de la aplicaci\u00f3n. Los resultados pueden variar. Duraci\u00f3n de la bater\u00eda de 18 horas una vez cargada por completo.<\/strong><\/li>\n<\/ul>\n<\/div>\n","protected":false},"excerpt":{"rendered":"<p>\u00bfPor qu\u00e9 las computadoras port\u00e1tiles no pueden parecerse m\u00e1s a los tel\u00e9fonos?\u00a0Compacto y duradero, el Samsung Galaxy Book Go re\u00fane la potencia de la PC en una laptop delgada y<\/p>\n","protected":false},"featured_media":76843,"comment_status":"open","ping_status":"closed","template":"","meta":{"_acf_changed":false,"_joinchat":[]},"product_brand":[],"product_cat":[1513,240,241],"product_tag":[],"class_list":{"0":"post-76842","1":"product","2":"type-product","3":"status-publish","4":"has-post-thumbnail","6":"product_cat-ofetas-computadoras","7":"product_cat-computadoras","8":"product_cat-laptops","10":"first","11":"instock","12":"sale","13":"shipping-taxable","14":"purchasable","15":"product-type-simple"},"acf":[],"_links":{"self":[{"href":"https:\/\/defabrica.com.mx\/defabrica\/wp-json\/wp\/v2\/product\/76842","targetHints":{"allow":["GET"]}}],"collection":[{"href":"https:\/\/defabrica.com.mx\/defabrica\/wp-json\/wp\/v2\/product"}],"about":[{"href":"https:\/\/defabrica.com.mx\/defabrica\/wp-json\/wp\/v2\/types\/product"}],"replies":[{"embeddable":true,"href":"https:\/\/defabrica.com.mx\/defabrica\/wp-json\/wp\/v2\/comments?post=76842"}],"wp:featuredmedia":[{"embeddable":true,"href":"https:\/\/defabrica.com.mx\/defabrica\/wp-json\/wp\/v2\/media\/76843"}],"wp:attachment":[{"href":"https:\/\/defabrica.com.mx\/defabrica\/wp-json\/wp\/v2\/media?parent=76842"}],"wp:term":[{"taxonomy":"product_brand","embeddable":true,"href":"https:\/\/defabrica.com.mx\/defabrica\/wp-json\/wp\/v2\/product_brand?post=76842"},{"taxonomy":"product_cat","embeddable":true,"href":"https:\/\/defabrica.com.mx\/defabrica\/wp-json\/wp\/v2\/product_cat?post=76842"},{"taxonomy":"product_tag","embeddable":true,"href":"https:\/\/defabrica.com.mx\/defabrica\/wp-json\/wp\/v2\/product_tag?post=76842"}],"curies":[{"name":"wp","href":"https:\/\/api.w.org\/{rel}","templated":true}]}}