{"id":76448,"date":"2022-05-05T16:35:15","date_gmt":"2022-05-05T21:35:15","guid":{"rendered":"https:\/\/defabrica.com.mx\/defabrica\/?post_type=product&#038;p=76448"},"modified":"2022-12-08T15:44:25","modified_gmt":"2022-12-08T21:44:25","slug":"microsoft-surface-laptop-go-pantalla-tactil-de-124-intel-core-i5-de-10-a-generacion-memoria-de-4-gb-emmc-de-64-gb-platino","status":"publish","type":"product","link":"https:\/\/defabrica.com.mx\/defabrica\/producto\/microsoft-surface-laptop-go-pantalla-tactil-de-124-intel-core-i5-de-10-a-generacion-memoria-de-4-gb-emmc-de-64-gb-platino\/","title":{"rendered":"Microsoft &#8211; Surface Laptop Go &#8211; Pantalla t\u00e1ctil de 12,4&#8243; &#8211; Intel Core i5 de 10.\u00aa generaci\u00f3n &#8211; Memoria de 4 GB &#8211; eMMC de 64 GB &#8211; Platino"},"content":{"rendered":"<p>Aprovecha al m\u00e1ximo cada d\u00eda con el estilo elegante, el rendimiento y la duraci\u00f3n de la bater\u00eda para todo el d\u00eda\u00b2 que necesitas en la Surface Laptop m\u00e1s liviana, todo a un valor excepcional.\u00a0El perfil ultraligero y port\u00e1til, las aplicaciones* que usa todos los d\u00edas, los materiales de primera calidad y una selecci\u00f3n de colores imprescindibles har\u00e1n de esta su computadora port\u00e1til preferida.\u00b2Hasta 13 horas de duraci\u00f3n de la bater\u00eda seg\u00fan el uso t\u00edpico del dispositivo Surface.\u00a0Las pruebas realizadas por Microsoft en septiembre de 2020 con software de preproducci\u00f3n y configuraciones de preproducci\u00f3n de Surface Laptop Go Testing consistieron en la descarga completa de la bater\u00eda con una combinaci\u00f3n de uso activo y modo de espera moderno.\u00a0La porci\u00f3n de uso activo consiste en (1) una prueba de navegaci\u00f3n web accediendo a 8 sitios web populares en m\u00faltiples pesta\u00f1as abiertas, (2) una prueba de productividad utilizando Microsoft Word, PowerPoint, Excel y Outlook, y (3) una porci\u00f3n de tiempo con el dispositivo en uso con aplicaciones inactivas.\u00a0Todas las configuraciones eran predeterminadas, excepto que el brillo de la pantalla se estableci\u00f3 en 150 nits con el brillo autom\u00e1tico deshabilitado.\u00a0Wi-Fi estaba conectado a una red.<\/p>\n<h3 class=\"heading-5 v-fw-regular feature-heading\"><strong>Caracter\u00edsticas<\/strong><\/h3>\n<ul>\n<li><strong>Actualizaci\u00f3n gratuita a Windows 11 Pro\u00b9 (cuando est\u00e9 disponible, consulte a continuaci\u00f3n)<\/strong><br \/>\nUna pantalla para alimentar tus sue\u00f1os<br \/>\nLa pantalla t\u00e1ctil Pixelsense de 12,4\u201d\u2077, la relaci\u00f3n exclusiva de 3:2 le brinda el espacio \u00f3ptimo para ver m\u00e1s, hacer m\u00e1s y alimentar sus sue\u00f1os.<\/li>\n<li><strong>Procesador Intel Core i5-1035G1 de 10.\u00aa generaci\u00f3n<\/strong><br \/>\nRendimiento de procesamiento inteligente de doble n\u00facleo y cuatro v\u00edas. La tecnolog\u00eda Intel Turbo Boost brinda potencia adicional din\u00e1mica cuando la necesita, al tiempo que aumenta la eficiencia energ\u00e9tica cuando no la necesita.<\/li>\n<li><strong>Memoria del sistema de 4 GB para multitarea b\u00e1sica<\/strong><br \/>\nRAM adecuada de alto ancho de banda para ejecutar sin problemas varias aplicaciones y pesta\u00f1as del navegador a la vez.<\/li>\n<li><strong>Memoria flash eMMC de 64 GB<\/strong><br \/>\nEste sistema de memoria ultracompacto es ideal para dispositivos y aplicaciones m\u00f3viles, ya que brinda capacidades de almacenamiento mejoradas, administraci\u00f3n de datos optimizada, tiempos de arranque r\u00e1pidos y soporte para reproducci\u00f3n de video de alta definici\u00f3n.<\/li>\n<li><strong>Gr\u00e1ficos Intel UHD<\/strong><br \/>\nLos gr\u00e1ficos en el procesador con memoria de video compartida brindan una calidad de imagen cotidiana para el uso de Internet, la edici\u00f3n b\u00e1sica de fotograf\u00edas y los juegos casuales.<\/li>\n<li><strong>Altavoces omnis\u00f3nicos y Dolby Audio<\/strong><br \/>\nRod\u00e9ate de un sonido incre\u00edble para m\u00fasica, espect\u00e1culos y m\u00e1s con Omnisonic Speakers y Dolby Audio, ocultos debajo del teclado.<\/li>\n<li><strong>La computadora port\u00e1til de superficie m\u00e1s liviana hasta el momento<\/strong><br \/>\nLleva contigo la Surface Laptop m\u00e1s liviana a todas partes con solo 2.45 libras.<\/li>\n<li><strong>Poder a trav\u00e9s de su d\u00eda<\/strong><br \/>\nHasta 13 horas de duraci\u00f3n de la bater\u00eda.\u00b2 Adem\u00e1s, rec\u00e1rguela r\u00e1pidamente con Carga r\u00e1pida: hasta un 80 % en aproximadamente una hora.<\/li>\n<li><strong>Elige tu pareja perfecta<\/strong><br \/>\nDisponible en platino, azul hielo y arenisca\u00b3, todo en un acabado met\u00e1lico fresco y duradero. \u00b3Los colores disponibles pueden variar seg\u00fan el mercado.<\/li>\n<li><strong>Conectividad inal\u00e1mbrica\/al\u00e1mbrica (WiFi 6 &#8211; 802.11ax)<\/strong><br \/>\nConectividad flexible de doble banda con mayor confiabilidad gracias a dos flujos de datos y antenas. Con\u00e9ctese a un enrutador Wi-Fi para experimentar velocidades Wi-Fi GB casi 3 veces m\u00e1s r\u00e1pidas que Wi-Fi 5 est\u00e1ndar con capacidad de respuesta mejorada para a\u00fan m\u00e1s dispositivos.<\/li>\n<li><strong>C\u00e1mara HD de 720p incorporada<\/strong><br \/>\nMuestra tu mejor lado en videollamadas, reuniones y encuentros virtuales con la c\u00e1mara HD de 720p integrada.<\/li>\n<li><strong>Caracter\u00edsticas familiares y seguridad confiable<\/strong><br \/>\nComience con la seguridad conveniente y el Windows que conoce\u2074. Disfruta de un sonido incre\u00edble para m\u00fasica y espect\u00e1culos. Y con\u00e9ctese f\u00e1cilmente a otros dispositivos y accesorios.<\/li>\n<li><strong>Hazlo con tus aplicaciones favoritas<\/strong><br \/>\nColabore, con\u00e9ctese y haga su mejor trabajo con la computadora port\u00e1til imprescindible para todos los d\u00edas. Utilice sus aplicaciones favoritas con el respaldo de la bater\u00eda que dura todo el d\u00eda.\u00b2<\/li>\n<li><strong>Incluye Windows 10 Pro<\/strong><br \/>\nObtenga todas las excelentes funciones de Windows 10 Home, adem\u00e1s de seguridad de nivel empresarial, potentes herramientas de administraci\u00f3n como inicio de sesi\u00f3n \u00fanico y productividad mejorada con Remote Desktop.<\/li>\n<\/ul>\n","protected":false},"excerpt":{"rendered":"<p>Aprovecha al m\u00e1ximo cada d\u00eda con el estilo elegante, el rendimiento y la duraci\u00f3n de la bater\u00eda para todo el d\u00eda\u00b2 que necesitas en la Surface Laptop m\u00e1s liviana, todo<\/p>\n","protected":false},"featured_media":76449,"comment_status":"open","ping_status":"closed","template":"","meta":{"_acf_changed":false,"_joinchat":[]},"product_brand":[],"product_cat":[240,242],"product_tag":[],"class_list":{"0":"post-76448","1":"product","2":"type-product","3":"status-publish","4":"has-post-thumbnail","6":"product_cat-computadoras","7":"product_cat-2-en-1","9":"first","10":"instock","11":"sale","12":"shipping-taxable","13":"purchasable","14":"product-type-simple"},"acf":[],"_links":{"self":[{"href":"https:\/\/defabrica.com.mx\/defabrica\/wp-json\/wp\/v2\/product\/76448","targetHints":{"allow":["GET"]}}],"collection":[{"href":"https:\/\/defabrica.com.mx\/defabrica\/wp-json\/wp\/v2\/product"}],"about":[{"href":"https:\/\/defabrica.com.mx\/defabrica\/wp-json\/wp\/v2\/types\/product"}],"replies":[{"embeddable":true,"href":"https:\/\/defabrica.com.mx\/defabrica\/wp-json\/wp\/v2\/comments?post=76448"}],"wp:featuredmedia":[{"embeddable":true,"href":"https:\/\/defabrica.com.mx\/defabrica\/wp-json\/wp\/v2\/media\/76449"}],"wp:attachment":[{"href":"https:\/\/defabrica.com.mx\/defabrica\/wp-json\/wp\/v2\/media?parent=76448"}],"wp:term":[{"taxonomy":"product_brand","embeddable":true,"href":"https:\/\/defabrica.com.mx\/defabrica\/wp-json\/wp\/v2\/product_brand?post=76448"},{"taxonomy":"product_cat","embeddable":true,"href":"https:\/\/defabrica.com.mx\/defabrica\/wp-json\/wp\/v2\/product_cat?post=76448"},{"taxonomy":"product_tag","embeddable":true,"href":"https:\/\/defabrica.com.mx\/defabrica\/wp-json\/wp\/v2\/product_tag?post=76448"}],"curies":[{"name":"wp","href":"https:\/\/api.w.org\/{rel}","templated":true}]}}