{"id":72002,"date":"2022-02-14T19:20:59","date_gmt":"2022-02-15T01:20:59","guid":{"rendered":"https:\/\/defabrica.com.mx\/defabrica\/?post_type=product&#038;p=72002"},"modified":"2022-07-05T12:20:43","modified_gmt":"2022-07-05T17:20:43","slug":"google-pixel-6-pro-128-gb","status":"publish","type":"product","link":"https:\/\/defabrica.com.mx\/defabrica\/producto\/google-pixel-6-pro-128-gb\/","title":{"rendered":"Google &#8211; Pixel 6 Pro 128 GB"},"content":{"rendered":"<div class=\"embedded-component-container lv product-description\">\n<div>\n<div id=\"shop-product-description-49771456\" class=\"_none\" data-version=\"1.3.40\">\n<div class=\"shop-product-description\">\n<section class=\"align-heading-left\" data-reactroot=\"\">\n<div class=\"long-description-container body-copy \">\n<div class=\"html-fragment\">\n<div>\n<div>Presentamos Pixel 6 Pro, el tel\u00e9fono Google 5G completamente redise\u00f1ado y totalmente equipado.* Con un potente sistema de c\u00e1mara, seguridad de \u00faltima generaci\u00f3n y el procesador Google Tensor personalizado, es el Pixel m\u00e1s inteligente y r\u00e1pido hasta la fecha.<\/div>\n<\/div>\n<\/div>\n<\/div>\n<\/section>\n<\/div>\n<\/div>\n<\/div>\n<\/div>\n<div class=\"embedded-component-container lv product-features\"><\/div>\n<div>\n<h3><\/h3>\n<h3><\/h3>\n<h3 class=\"heading-5 v-fw-regular feature-heading\"><strong>Caracter\u00edsticas<\/strong><\/h3>\n<ul>\n<li><strong>El procesador hecho para Pixel.<\/strong><br \/>\nGoogle Tensor es el primer procesador dise\u00f1ado por Google, hecho a medida para Pixel con 12 GB de RAM. Notar\u00e1s la diferencia inmediatamente. Pixel funciona mejor, las aplicaciones se inician m\u00e1s r\u00e1pido y las p\u00e1ginas se cargan m\u00e1s r\u00e1pido. Y el chip de seguridad de Pixel ayuda a proteger tus datos privados.<\/li>\n<li><strong>Un nuevo y potente sistema de c\u00e1mara.<\/strong><br \/>\nCapture detalles m\u00e1s finos con una c\u00e1mara de 50MP, que incluye tres lentes de nivel profesional y un teleobjetivo con zoom \u00f3ptico de 4x.<\/li>\n<li><strong>Dise\u00f1ado para la vida diaria.<\/strong><br \/>\nLa pantalla suave de 6,7 pulgadas, hasta 120 Hz** est\u00e1 fabricada con Corning\u00ae Gorilla\u00ae Glass Victus\u2122, el Gorilla Glass m\u00e1s resistente hasta la fecha. Su alta frecuencia de actualizaci\u00f3n significa juegos, desplazamientos y movimientos entre aplicaciones m\u00e1s fluidos y receptivos.<\/li>\n<li><strong>Es todo lo que una bater\u00eda deber\u00eda ser.<\/strong><br \/>\nLa bater\u00eda adaptable para todo el d\u00eda de Pixel es todo lo que debe ser una bater\u00eda. Puede durar m\u00e1s de 24 horas, incluso con 5G.* Aprende tus aplicaciones favoritas, por lo que no desperdicia energ\u00eda en las que nunca usas.<\/li>\n<li><strong>Seguro hasta la m\u00e9dula.<\/strong><br \/>\nGoogle Tensor es el primer procesador con el n\u00facleo de seguridad integrado y funciona con el chip de seguridad Titan M2TM de \u00faltima generaci\u00f3n.<\/li>\n<li><strong>Tienes el control de tu privacidad.<\/strong><br \/>\nLa transparencia est\u00e1 integrada en tu Pixel. Tienes control sobre los micr\u00f3fonos y las c\u00e1maras de tu tel\u00e9fono.<\/li>\n<li><strong>El cambio es simple.<\/strong><br \/>\nSolo se necesitan unos pocos pasos para mover mensajes, contactos y fotos desde su antiguo tel\u00e9fono celular y comenzar a usar Pixel.<\/li>\n<\/ul>\n<\/div>\n","protected":false},"excerpt":{"rendered":"<p>Presentamos Pixel 6 Pro, el tel\u00e9fono Google 5G completamente redise\u00f1ado y totalmente equipado.* Con un potente sistema de c\u00e1mara, seguridad de \u00faltima generaci\u00f3n y el procesador Google Tensor personalizado, es<\/p>\n","protected":false},"featured_media":72003,"comment_status":"open","ping_status":"closed","template":"","meta":{"_acf_changed":false,"_joinchat":[]},"product_brand":[],"product_cat":[408,265,268,276],"product_tag":[],"class_list":{"0":"post-72002","1":"product","2":"type-product","3":"status-publish","4":"has-post-thumbnail","6":"product_cat-celulares-y-tablets","7":"product_cat-celulares","8":"product_cat-google-smartphones","9":"product_cat-todos-los-celulares","11":"first","12":"instock","13":"sale","14":"shipping-taxable","15":"purchasable","16":"product-type-variable","17":"has-default-attributes"},"acf":[],"_links":{"self":[{"href":"https:\/\/defabrica.com.mx\/defabrica\/wp-json\/wp\/v2\/product\/72002","targetHints":{"allow":["GET"]}}],"collection":[{"href":"https:\/\/defabrica.com.mx\/defabrica\/wp-json\/wp\/v2\/product"}],"about":[{"href":"https:\/\/defabrica.com.mx\/defabrica\/wp-json\/wp\/v2\/types\/product"}],"replies":[{"embeddable":true,"href":"https:\/\/defabrica.com.mx\/defabrica\/wp-json\/wp\/v2\/comments?post=72002"}],"wp:featuredmedia":[{"embeddable":true,"href":"https:\/\/defabrica.com.mx\/defabrica\/wp-json\/wp\/v2\/media\/72003"}],"wp:attachment":[{"href":"https:\/\/defabrica.com.mx\/defabrica\/wp-json\/wp\/v2\/media?parent=72002"}],"wp:term":[{"taxonomy":"product_brand","embeddable":true,"href":"https:\/\/defabrica.com.mx\/defabrica\/wp-json\/wp\/v2\/product_brand?post=72002"},{"taxonomy":"product_cat","embeddable":true,"href":"https:\/\/defabrica.com.mx\/defabrica\/wp-json\/wp\/v2\/product_cat?post=72002"},{"taxonomy":"product_tag","embeddable":true,"href":"https:\/\/defabrica.com.mx\/defabrica\/wp-json\/wp\/v2\/product_tag?post=72002"}],"curies":[{"name":"wp","href":"https:\/\/api.w.org\/{rel}","templated":true}]}}