{"id":70399,"date":"2022-01-14T11:12:29","date_gmt":"2022-01-14T17:12:29","guid":{"rendered":"https:\/\/defabrica.com.mx\/defabrica\/?post_type=product&#038;p=70399"},"modified":"2022-11-20T12:49:29","modified_gmt":"2022-11-20T18:49:29","slug":"mega-construx-game-of-thrones-battle-of-winterfell-con-figuras-de-personajes","status":"publish","type":"product","link":"https:\/\/defabrica.com.mx\/defabrica\/producto\/mega-construx-game-of-thrones-battle-of-winterfell-con-figuras-de-personajes\/","title":{"rendered":"Mega Construx Game of Thrones Battle of Winterfell con figuras de personajes"},"content":{"rendered":"<p>Construye esta batalla que consta de m\u00e1s de 1200 piezas y \u00fanete a Jon Snow, Sansa Stark, Arya Stark y Ghost, el lobo huargo, para defender el castillo de Winterfell y sus c\u00e1maras interiores contra las hordas de White Walkers.\u00a0El conjunto de construcci\u00f3n aut\u00e9nticamente detallado presenta puertas principales giratorias, una cerca exterior de vidriag\u00f3n desplegable y una cripta interior con pared removible, susceptible al ataque de White Walker.\u00a0Ideal para coleccionistas de Mega Construx Black Series, mayores de 16 a\u00f1os.<\/p>\n","protected":false},"excerpt":{"rendered":"<p>Construye esta batalla que consta de m\u00e1s de 1200 piezas y \u00fanete a Jon Snow, Sansa Stark, Arya Stark y Ghost, el lobo huargo, para defender el castillo de Winterfell<\/p>\n","protected":false},"featured_media":70401,"comment_status":"open","ping_status":"closed","template":"","meta":{"_acf_changed":false,"_joinchat":[]},"product_brand":[],"product_cat":[1519,886,1098],"product_tag":[],"class_list":{"0":"post-70399","1":"product","2":"type-product","3":"status-publish","4":"has-post-thumbnail","6":"product_cat-ofertas-jugycol","7":"product_cat-juguetesycoleccionables","8":"product_cat-coleccionables","10":"first","11":"instock","12":"sale","13":"shipping-taxable","14":"purchasable","15":"product-type-simple"},"acf":[],"_links":{"self":[{"href":"https:\/\/defabrica.com.mx\/defabrica\/wp-json\/wp\/v2\/product\/70399","targetHints":{"allow":["GET"]}}],"collection":[{"href":"https:\/\/defabrica.com.mx\/defabrica\/wp-json\/wp\/v2\/product"}],"about":[{"href":"https:\/\/defabrica.com.mx\/defabrica\/wp-json\/wp\/v2\/types\/product"}],"replies":[{"embeddable":true,"href":"https:\/\/defabrica.com.mx\/defabrica\/wp-json\/wp\/v2\/comments?post=70399"}],"wp:featuredmedia":[{"embeddable":true,"href":"https:\/\/defabrica.com.mx\/defabrica\/wp-json\/wp\/v2\/media\/70401"}],"wp:attachment":[{"href":"https:\/\/defabrica.com.mx\/defabrica\/wp-json\/wp\/v2\/media?parent=70399"}],"wp:term":[{"taxonomy":"product_brand","embeddable":true,"href":"https:\/\/defabrica.com.mx\/defabrica\/wp-json\/wp\/v2\/product_brand?post=70399"},{"taxonomy":"product_cat","embeddable":true,"href":"https:\/\/defabrica.com.mx\/defabrica\/wp-json\/wp\/v2\/product_cat?post=70399"},{"taxonomy":"product_tag","embeddable":true,"href":"https:\/\/defabrica.com.mx\/defabrica\/wp-json\/wp\/v2\/product_tag?post=70399"}],"curies":[{"name":"wp","href":"https:\/\/api.w.org\/{rel}","templated":true}]}}