{"id":68601,"date":"2021-12-15T16:11:47","date_gmt":"2021-12-15T22:11:47","guid":{"rendered":"https:\/\/defabrica.com.mx\/defabrica\/?post_type=product&#038;p=68601"},"modified":"2023-01-14T15:01:42","modified_gmt":"2023-01-14T21:01:42","slug":"casematix-estuche-rigido-de-viaje-para-auriculares-oculus-quest-2-vr","status":"publish","type":"product","link":"https:\/\/defabrica.com.mx\/defabrica\/producto\/casematix-estuche-rigido-de-viaje-para-auriculares-oculus-quest-2-vr\/","title":{"rendered":"CASEMATIX &#8211; Estuche r\u00edgido de viaje para auriculares Oculus Quest 2 VR"},"content":{"rendered":"<div class=\"embedded-component-container lv product-description\">\n<div>\n<div id=\"shop-product-description-93777778\" class=\"None\" data-version=\"1.3.38\">\n<div class=\"shop-product-description\">\n<section class=\"align-heading-left\" data-reactroot=\"\">\n<div class=\"long-description-container body-copy \">\n<div class=\"html-fragment\">\n<div>\n<div>Brinde a sus auriculares Oculus Quest 2 VR la protecci\u00f3n adecuada con este estuche r\u00edgido de viaje CASEMATIX.\u00a0Los compartimentos personalizados sostienen los art\u00edculos de forma segura y organizada, mientras que el asa de transporte incluida ofrece una portabilidad sin preocupaciones.\u00a0Este estuche de viaje de carcasa r\u00edgida CASEMATIX presenta un dise\u00f1o que absorbe los impactos y un protector de lente de espuma para mayor protecci\u00f3n.<\/div>\n<\/div>\n<\/div>\n<\/div>\n<\/section>\n<\/div>\n<\/div>\n<\/div>\n<\/div>\n<div class=\"embedded-component-container lv product-features\"><\/div>\n","protected":false},"excerpt":{"rendered":"<p>Brinde a sus auriculares Oculus Quest 2 VR la protecci\u00f3n adecuada con este estuche r\u00edgido de viaje CASEMATIX.\u00a0Los compartimentos personalizados sostienen los art\u00edculos de forma segura y organizada, mientras que<\/p>\n","protected":false},"featured_media":68603,"comment_status":"open","ping_status":"closed","template":"","meta":{"_acf_changed":false,"_joinchat":[]},"product_brand":[],"product_cat":[1499,277,280],"product_tag":[],"class_list":{"0":"post-68601","1":"product","2":"type-product","3":"status-publish","4":"has-post-thumbnail","6":"product_cat-realidad-virtual","7":"product_cat-zona-gamer","8":"product_cat-pc-gaming","10":"first","11":"instock","12":"sale","13":"shipping-taxable","14":"purchasable","15":"product-type-simple"},"acf":[],"_links":{"self":[{"href":"https:\/\/defabrica.com.mx\/defabrica\/wp-json\/wp\/v2\/product\/68601","targetHints":{"allow":["GET"]}}],"collection":[{"href":"https:\/\/defabrica.com.mx\/defabrica\/wp-json\/wp\/v2\/product"}],"about":[{"href":"https:\/\/defabrica.com.mx\/defabrica\/wp-json\/wp\/v2\/types\/product"}],"replies":[{"embeddable":true,"href":"https:\/\/defabrica.com.mx\/defabrica\/wp-json\/wp\/v2\/comments?post=68601"}],"wp:featuredmedia":[{"embeddable":true,"href":"https:\/\/defabrica.com.mx\/defabrica\/wp-json\/wp\/v2\/media\/68603"}],"wp:attachment":[{"href":"https:\/\/defabrica.com.mx\/defabrica\/wp-json\/wp\/v2\/media?parent=68601"}],"wp:term":[{"taxonomy":"product_brand","embeddable":true,"href":"https:\/\/defabrica.com.mx\/defabrica\/wp-json\/wp\/v2\/product_brand?post=68601"},{"taxonomy":"product_cat","embeddable":true,"href":"https:\/\/defabrica.com.mx\/defabrica\/wp-json\/wp\/v2\/product_cat?post=68601"},{"taxonomy":"product_tag","embeddable":true,"href":"https:\/\/defabrica.com.mx\/defabrica\/wp-json\/wp\/v2\/product_tag?post=68601"}],"curies":[{"name":"wp","href":"https:\/\/api.w.org\/{rel}","templated":true}]}}