{"id":68593,"date":"2021-12-15T15:44:27","date_gmt":"2021-12-15T21:44:27","guid":{"rendered":"https:\/\/defabrica.com.mx\/defabrica\/?post_type=product&#038;p=68593"},"modified":"2023-01-14T15:01:09","modified_gmt":"2023-01-14T21:01:09","slug":"anker-base-de-carga-con-baterias-recargables-para-auriculares-y-controladores-oculus-quest-2-vr-blanco","status":"publish","type":"product","link":"https:\/\/defabrica.com.mx\/defabrica\/producto\/anker-base-de-carga-con-baterias-recargables-para-auriculares-y-controladores-oculus-quest-2-vr-blanco\/","title":{"rendered":"Anker &#8211; Base de carga con bater\u00edas recargables para auriculares y controladores Oculus Quest 2 VR &#8211; Blanco"},"content":{"rendered":"<div class=\"embedded-component-container lv product-description\">\n<div>\n<div id=\"shop-product-description-44707196\" class=\"None\" data-version=\"1.3.38\">\n<div class=\"shop-product-description\">\n<section class=\"align-heading-left\" data-reactroot=\"\">\n<div class=\"long-description-container body-copy \">\n<div class=\"html-fragment\">\n<div>\n<div>La base de carga Anker proporciona una carga de alta velocidad a sus auriculares Oculus Quest 2 y controladores t\u00e1ctiles.\u00a0Simplemente col\u00f3quelo en la base, que est\u00e1 oficialmente certificada por Oculus, y estar\u00e1 completamente cargado en solo 2.5 horas.<\/div>\n<\/div>\n<\/div>\n<\/div>\n<\/section>\n<\/div>\n<\/div>\n<\/div>\n<\/div>\n<div class=\"embedded-component-container lv product-features\"><\/div>\n","protected":false},"excerpt":{"rendered":"<p>La base de carga Anker proporciona una carga de alta velocidad a sus auriculares Oculus Quest 2 y controladores t\u00e1ctiles.\u00a0Simplemente col\u00f3quelo en la base, que est\u00e1 oficialmente certificada por Oculus,<\/p>\n","protected":false},"featured_media":68595,"comment_status":"open","ping_status":"closed","template":"","meta":{"_acf_changed":false,"_joinchat":[]},"product_brand":[],"product_cat":[1499,277,280],"product_tag":[],"class_list":{"0":"post-68593","1":"product","2":"type-product","3":"status-publish","4":"has-post-thumbnail","6":"product_cat-realidad-virtual","7":"product_cat-zona-gamer","8":"product_cat-pc-gaming","10":"first","11":"instock","12":"sale","13":"shipping-taxable","14":"purchasable","15":"product-type-simple"},"acf":[],"_links":{"self":[{"href":"https:\/\/defabrica.com.mx\/defabrica\/wp-json\/wp\/v2\/product\/68593","targetHints":{"allow":["GET"]}}],"collection":[{"href":"https:\/\/defabrica.com.mx\/defabrica\/wp-json\/wp\/v2\/product"}],"about":[{"href":"https:\/\/defabrica.com.mx\/defabrica\/wp-json\/wp\/v2\/types\/product"}],"replies":[{"embeddable":true,"href":"https:\/\/defabrica.com.mx\/defabrica\/wp-json\/wp\/v2\/comments?post=68593"}],"wp:featuredmedia":[{"embeddable":true,"href":"https:\/\/defabrica.com.mx\/defabrica\/wp-json\/wp\/v2\/media\/68595"}],"wp:attachment":[{"href":"https:\/\/defabrica.com.mx\/defabrica\/wp-json\/wp\/v2\/media?parent=68593"}],"wp:term":[{"taxonomy":"product_brand","embeddable":true,"href":"https:\/\/defabrica.com.mx\/defabrica\/wp-json\/wp\/v2\/product_brand?post=68593"},{"taxonomy":"product_cat","embeddable":true,"href":"https:\/\/defabrica.com.mx\/defabrica\/wp-json\/wp\/v2\/product_cat?post=68593"},{"taxonomy":"product_tag","embeddable":true,"href":"https:\/\/defabrica.com.mx\/defabrica\/wp-json\/wp\/v2\/product_tag?post=68593"}],"curies":[{"name":"wp","href":"https:\/\/api.w.org\/{rel}","templated":true}]}}