{"id":68529,"date":"2021-12-15T14:41:00","date_gmt":"2021-12-15T20:41:00","guid":{"rendered":"https:\/\/defabrica.com.mx\/defabrica\/?post_type=product&#038;p=68529"},"modified":"2023-01-27T12:58:41","modified_gmt":"2023-01-27T18:58:41","slug":"marvel-hasbro-spider-man-super-lanzatelaranas","status":"publish","type":"product","link":"https:\/\/defabrica.com.mx\/defabrica\/producto\/marvel-hasbro-spider-man-super-lanzatelaranas\/","title":{"rendered":"Marvel Hasbro Spider-Man &#8211; S\u00faper lanzatelara\u00f1as"},"content":{"rendered":"<p>Hasbro Marvel Spider-Man Super Web Slinger Role-Play Toy, incluye fluido de telara\u00f1a, telara\u00f1as 2 en 1 o agua, para ni\u00f1os de 5 a\u00f1os en adelante<\/p>\n<p>Los ni\u00f1os pueden imaginarse defendiendo el mundo como un superh\u00e9roe con este Spider-Man Super Web Slinger inspirado en Marvel Cinematic Universe que incluye la \u00faltima pel\u00edcula de Spider-Man.<\/p>\n<p>\u00a1Al presionar un bot\u00f3n en Web Slinger se libera la telara\u00f1a para que los ni\u00f1os puedan imaginar que son villanos de Spider-Man y est\u00e1n salvando el mundo!\u00a0El deflector web incluye una lata de fluido web, pero tambi\u00e9n funciona con agua para obtener el doble de acci\u00f3n webtacular.\u00a0\u00a1Los h\u00e9roes en entrenamiento pueden imaginarse protegiendo al mundo de los malhechores!<\/p>\n","protected":false},"excerpt":{"rendered":"<p>Hasbro Marvel Spider-Man Super Web Slinger Role-Play Toy, incluye fluido de telara\u00f1a, telara\u00f1as 2 en 1 o agua, para ni\u00f1os de 5 a\u00f1os en adelante Los ni\u00f1os pueden imaginarse defendiendo<\/p>\n","protected":false},"featured_media":68530,"comment_status":"open","ping_status":"closed","template":"","meta":{"_acf_changed":false,"_joinchat":[]},"product_brand":[],"product_cat":[1519,886,1097,1202],"product_tag":[],"class_list":{"0":"post-68529","1":"product","2":"type-product","3":"status-publish","4":"has-post-thumbnail","6":"product_cat-ofertas-jugycol","7":"product_cat-juguetesycoleccionables","8":"product_cat-juguetes","9":"product_cat-figuras-de-accion-y-coleccionables","11":"first","12":"instock","13":"sale","14":"shipping-taxable","15":"purchasable","16":"product-type-simple"},"acf":[],"_links":{"self":[{"href":"https:\/\/defabrica.com.mx\/defabrica\/wp-json\/wp\/v2\/product\/68529","targetHints":{"allow":["GET"]}}],"collection":[{"href":"https:\/\/defabrica.com.mx\/defabrica\/wp-json\/wp\/v2\/product"}],"about":[{"href":"https:\/\/defabrica.com.mx\/defabrica\/wp-json\/wp\/v2\/types\/product"}],"replies":[{"embeddable":true,"href":"https:\/\/defabrica.com.mx\/defabrica\/wp-json\/wp\/v2\/comments?post=68529"}],"wp:featuredmedia":[{"embeddable":true,"href":"https:\/\/defabrica.com.mx\/defabrica\/wp-json\/wp\/v2\/media\/68530"}],"wp:attachment":[{"href":"https:\/\/defabrica.com.mx\/defabrica\/wp-json\/wp\/v2\/media?parent=68529"}],"wp:term":[{"taxonomy":"product_brand","embeddable":true,"href":"https:\/\/defabrica.com.mx\/defabrica\/wp-json\/wp\/v2\/product_brand?post=68529"},{"taxonomy":"product_cat","embeddable":true,"href":"https:\/\/defabrica.com.mx\/defabrica\/wp-json\/wp\/v2\/product_cat?post=68529"},{"taxonomy":"product_tag","embeddable":true,"href":"https:\/\/defabrica.com.mx\/defabrica\/wp-json\/wp\/v2\/product_tag?post=68529"}],"curies":[{"name":"wp","href":"https:\/\/api.w.org\/{rel}","templated":true}]}}